{"id":163,"date":"2014-07-31T14:11:21","date_gmt":"2014-07-31T14:11:21","guid":{"rendered":"http:\/\/vistoriagnv.com.br\/gnv\/?page_id=163"},"modified":"2020-02-05T18:17:26","modified_gmt":"2020-02-05T18:17:26","slug":"agendar-vistoria","status":"publish","type":"page","link":"https:\/\/vistoriagnv.com.br\/gnv\/index.php\/agendar-vistoria\/agendar-vistoria\/","title":{"rendered":"Agendar Vistoria"},"content":{"rendered":"<p>&nbsp;<\/p>\n<p><strong>Agende sua vistoria em uma\u00a0unidades mais perto de voce:<\/strong><\/p>\n<hr \/>\n<p><strong>Alc\u00e2ntara:<\/strong> (21) 3710-7518 | 7885-4947 Id 12*7078 | <a title=\"aivgnv@hotmail.com\" href=\"mailto:aivgnv@hotmail.com\" target=\"_blank\">aivgnv@hotmail.com<\/a><\/p>\n<hr \/>\n<p><strong>Jardim Am\u00e9rica:<\/strong> (21) 2482-5500 | <a title=\"cotran@cotran.com.br\" href=\"mailto:cotran@cotran.com.br\" target=\"_blank\">cotran@cotran.com.br<\/a><\/p>\n<hr \/>\n<p><strong>Petr\u00f3polis:<\/strong> (24) 2231-4825 \/ 2242-9923 | <a title=\"piabetainspecao@hotmail.com\" href=\"mailto:piabetainspecao@hotmail.com\" target=\"_blank\">sac@petropolisinspecao.com.br<\/a><\/p>\n<hr \/>\n<p><strong>Itabora\u00ed:<\/strong> (21) 3638-6135 | 7868-4852 Id 12*2931 | <a title=\"sivignv@gmail.com\" href=\"mailto:sivignv@gmail.com\" target=\"_blank\">sivignv@gmail.com<\/a><\/p>\n<hr \/>\n<p>&nbsp;<\/p>\n<p><strong>Clique nas Abas abaixo e selecione a unidade de sua preferencia e pr\u00e9 agende sua vistoria<\/strong>:<\/p>\n<p>&nbsp;<\/p>\n<div class=\"su-tabs su-tabs-style-default su-tabs-mobile-stack\" data-active=\"1\" data-scroll-offset=\"0\" data-anchor-in-url=\"no\"><div class=\"su-tabs-nav\"><span class=\"\" data-url=\"\" data-target=\"blank\" tabindex=\"0\" role=\"button\">Jd. Am\u00e9rica<\/span><span class=\"\" data-url=\"\" data-target=\"blank\" tabindex=\"0\" role=\"button\">Alc\u00e2ntara<\/span><span class=\"\" data-url=\"\" data-target=\"blank\" tabindex=\"0\" role=\"button\">Petr\u00f3polis<\/span><span class=\"\" data-url=\"\" data-target=\"blank\" tabindex=\"0\" role=\"button\">Itabora\u00ed<\/span><\/div><div class=\"su-tabs-panes\"><div class=\"su-tabs-pane su-u-clearfix su-u-trim\" data-title=\"Jd. Am\u00e9rica\">Agende por telefone sua vistoria na Unidade <strong>Jardim Am\u00e9rica<\/strong>:<\/p>\n<hr \/>\n<p><strong>(21) 2482-5500<\/strong><br \/>\n<strong>(21) 3448-4085<\/strong><\/p>\n<hr \/>\n<p><strong>\u00a0<a title=\"cotran@cotran.com.br\" href=\"mailto:cotran@cotran.com.br\" target=\"_blank\">cotran@cotran.com.br<\/a><\/strong><\/p>\n<hr \/>\n<\/div>\n<div class=\"su-tabs-pane su-u-clearfix su-u-trim\" data-title=\"Alc\u00e2ntara\">Agende por telefone sua vistoria na Unidade <strong>Alc\u00e2ntara<\/strong>:<\/p>\n<hr \/>\n<p><strong>(21) 3710-7518<\/strong><br \/>\n<strong>(21) 7885-4947 Id 12*7078<\/strong><\/p>\n<hr \/>\n<p><strong><a title=\"aivgnv@hotmail.com\" href=\"mailto:aivgnv@hotmail.com\" target=\"_blank\">aivgnv@hotmail.com<\/a><\/strong><\/p>\n<hr \/>\n<\/div>\n<div class=\"su-tabs-pane su-u-clearfix su-u-trim\" data-title=\"Petr\u00f3polis\">Agende por telefone sua vistoria na Unidade <strong>Petr\u00f3polis<\/strong>:<\/p>\n<hr \/>\n<p><strong>(24) 2231-4825<\/strong><br \/>\n<strong>(24) 2242-9923<\/strong><\/p>\n<hr \/>\n<p><strong><a href=\"mailto:sac@petropolisinspecao.com.br\">sac@petropolisinspecao.com.br<\/a><\/strong><\/p>\n<hr \/>\n<\/div>\n<div class=\"su-tabs-pane su-u-clearfix su-u-trim\" data-title=\"Itabora\u00ed\">Agende por telefone sua vistoria na Unidade <strong>Itabora\u00ed<\/strong>:<\/p>\n<hr \/>\n<p><strong>(21) 3638-6135<\/strong><br \/>\n<strong>7868-4852 Id 12*2931<\/strong><\/p>\n<hr \/>\n<p><a href=\"mailto:sivignv@gmail.com\" target=\"_blank\"><strong>sivignv@gmail.com<\/strong><\/a><\/p>\n<hr \/>\n<\/div><\/div><\/div>\n<hr \/>\n<p><strong>Caso V.S.\u00aa deseje realizar agendamento do servi\u00e7o, favor entrar em contato diretamente com a Unidade.<\/strong><\/p>\n<hr \/>\n<p>&nbsp;<\/p>\n","protected":false},"excerpt":{"rendered":"<p>&nbsp; Agende sua vistoria em uma\u00a0unidades mais perto de voce: Alc\u00e2ntara: (21) 3710-7518 | 7885-4947 Id 12*7078 | aivgnv@hotmail.com Jardim Am\u00e9rica: (21) 2482-5500 | cotran@cotran.com.br Petr\u00f3polis: (24) 2231-4825 \/ 2242-9923 | sac@petropolisinspecao.com.br Itabora\u00ed: (21) 3638-6135 | 7868-4852 Id 12*2931 | sivignv@gmail.com &nbsp; Clique nas Abas abaixo e selecione a unidade de sua preferencia e pr\u00e9&#8230;<\/p>\n","protected":false},"author":1,"featured_media":0,"parent":13,"menu_order":1,"comment_status":"closed","ping_status":"closed","template":"","meta":{"footnotes":""},"class_list":["post-163","page","type-page","status-publish","hentry"],"yoast_head":"<!-- This site is optimized with the Yoast SEO plugin v24.8.1 - https:\/\/yoast.com\/wordpress\/plugins\/seo\/ -->\n<title>VISTORIA GNV -- GOLD INSPE\u00c7\u00d5ES VEICULARES RJ - ACREDITA\u00c7\u00c3O INMETRO E DENATRAN<\/title>\n<meta name=\"description\" content=\"Vistoria GNV Acreditada pelo INMETRO e DENATRAN, centro de Inspe\u00e7\u00e3o Veicular incluindo inspe\u00e7\u00e3o veicular em ve\u00edculos convertidos ao uso do G\u00e1s Natural Veicular (GNV), vistoria de seguran\u00e7a em ve\u00edculos recuperados de sinistro e vistoria de fabrica\u00e7\u00e3o pr\u00f3pria e ve\u00edculos transformados, vistorias em ve\u00edculos de passeio, caminh\u00f5es, vans, \u00f4nibus, pickup, picapes, acredita\u00e7\u00e3o Inmetro e Denatran\" \/>\n<meta name=\"robots\" content=\"index, follow, max-snippet:-1, max-image-preview:large, max-video-preview:-1\" \/>\n<link rel=\"canonical\" href=\"https:\/\/vistoriagnv.com.br\/gnv\/index.php\/agendar-vistoria\/agendar-vistoria\/\" \/>\n<meta property=\"og:locale\" content=\"pt_BR\" \/>\n<meta property=\"og:type\" content=\"article\" \/>\n<meta property=\"og:title\" content=\"VISTORIA GNV -- GOLD INSPE\u00c7\u00d5ES VEICULARES RJ - ACREDITA\u00c7\u00c3O INMETRO E DENATRAN\" \/>\n<meta property=\"og:description\" content=\"Vistoria GNV Acreditada pelo INMETRO e DENATRAN, centro de Inspe\u00e7\u00e3o Veicular incluindo inspe\u00e7\u00e3o veicular em ve\u00edculos convertidos ao uso do G\u00e1s Natural Veicular (GNV), vistoria de seguran\u00e7a em ve\u00edculos recuperados de sinistro e vistoria de fabrica\u00e7\u00e3o pr\u00f3pria e ve\u00edculos transformados, vistorias em ve\u00edculos de passeio, caminh\u00f5es, vans, \u00f4nibus, pickup, picapes, acredita\u00e7\u00e3o Inmetro e Denatran\" \/>\n<meta property=\"og:url\" content=\"https:\/\/vistoriagnv.com.br\/gnv\/index.php\/agendar-vistoria\/agendar-vistoria\/\" \/>\n<meta property=\"og:site_name\" content=\"VISTORIA GNV\" \/>\n<meta property=\"article:modified_time\" content=\"2020-02-05T18:17:26+00:00\" \/>\n<meta name=\"twitter:label1\" content=\"Est. tempo de leitura\" \/>\n\t<meta name=\"twitter:data1\" content=\"1 minuto\" \/>\n<script type=\"application\/ld+json\" class=\"yoast-schema-graph\">{\"@context\":\"https:\/\/schema.org\",\"@graph\":[{\"@type\":\"WebPage\",\"@id\":\"https:\/\/vistoriagnv.com.br\/gnv\/index.php\/agendar-vistoria\/agendar-vistoria\/\",\"url\":\"https:\/\/vistoriagnv.com.br\/gnv\/index.php\/agendar-vistoria\/agendar-vistoria\/\",\"name\":\"VISTORIA GNV -- GOLD INSPE\u00c7\u00d5ES VEICULARES RJ - ACREDITA\u00c7\u00c3O INMETRO E DENATRAN\",\"isPartOf\":{\"@id\":\"https:\/\/vistoriagnv.com.br\/gnv\/#website\"},\"datePublished\":\"2014-07-31T14:11:21+00:00\",\"dateModified\":\"2020-02-05T18:17:26+00:00\",\"description\":\"Vistoria GNV Acreditada pelo INMETRO e DENATRAN, centro de Inspe\u00e7\u00e3o Veicular incluindo inspe\u00e7\u00e3o veicular em ve\u00edculos convertidos ao uso do G\u00e1s Natural Veicular (GNV), vistoria de seguran\u00e7a em ve\u00edculos recuperados de sinistro e vistoria de fabrica\u00e7\u00e3o pr\u00f3pria e ve\u00edculos transformados, vistorias em ve\u00edculos de passeio, caminh\u00f5es, vans, \u00f4nibus, pickup, picapes, acredita\u00e7\u00e3o Inmetro e Denatran\",\"breadcrumb\":{\"@id\":\"https:\/\/vistoriagnv.com.br\/gnv\/index.php\/agendar-vistoria\/agendar-vistoria\/#breadcrumb\"},\"inLanguage\":\"pt-BR\",\"potentialAction\":[{\"@type\":\"ReadAction\",\"target\":[\"https:\/\/vistoriagnv.com.br\/gnv\/index.php\/agendar-vistoria\/agendar-vistoria\/\"]}]},{\"@type\":\"BreadcrumbList\",\"@id\":\"https:\/\/vistoriagnv.com.br\/gnv\/index.php\/agendar-vistoria\/agendar-vistoria\/#breadcrumb\",\"itemListElement\":[{\"@type\":\"ListItem\",\"position\":1,\"name\":\"In\u00edcio\",\"item\":\"https:\/\/vistoriagnv.com.br\/gnv\/\"},{\"@type\":\"ListItem\",\"position\":2,\"name\":\"Contatos\",\"item\":\"https:\/\/vistoriagnv.com.br\/gnv\/index.php\/agendar-vistoria\/\"},{\"@type\":\"ListItem\",\"position\":3,\"name\":\"Agendar Vistoria\"}]},{\"@type\":\"WebSite\",\"@id\":\"https:\/\/vistoriagnv.com.br\/gnv\/#website\",\"url\":\"https:\/\/vistoriagnv.com.br\/gnv\/\",\"name\":\"VISTORIA GNV\",\"description\":\"Postos de Vistoria Veicular GNV no Rio de janeiro\",\"potentialAction\":[{\"@type\":\"SearchAction\",\"target\":{\"@type\":\"EntryPoint\",\"urlTemplate\":\"https:\/\/vistoriagnv.com.br\/gnv\/?s={search_term_string}\"},\"query-input\":{\"@type\":\"PropertyValueSpecification\",\"valueRequired\":true,\"valueName\":\"search_term_string\"}}],\"inLanguage\":\"pt-BR\"}]}<\/script>\n<!-- \/ Yoast SEO plugin. -->","yoast_head_json":{"title":"VISTORIA GNV -- GOLD INSPE\u00c7\u00d5ES VEICULARES RJ - ACREDITA\u00c7\u00c3O INMETRO E DENATRAN","description":"Vistoria GNV Acreditada pelo INMETRO e DENATRAN, centro de Inspe\u00e7\u00e3o Veicular incluindo inspe\u00e7\u00e3o veicular em ve\u00edculos convertidos ao uso do G\u00e1s Natural Veicular (GNV), vistoria de seguran\u00e7a em ve\u00edculos recuperados de sinistro e vistoria de fabrica\u00e7\u00e3o pr\u00f3pria e ve\u00edculos transformados, vistorias em ve\u00edculos de passeio, caminh\u00f5es, vans, \u00f4nibus, pickup, picapes, acredita\u00e7\u00e3o Inmetro e Denatran","robots":{"index":"index","follow":"follow","max-snippet":"max-snippet:-1","max-image-preview":"max-image-preview:large","max-video-preview":"max-video-preview:-1"},"canonical":"https:\/\/vistoriagnv.com.br\/gnv\/index.php\/agendar-vistoria\/agendar-vistoria\/","og_locale":"pt_BR","og_type":"article","og_title":"VISTORIA GNV -- GOLD INSPE\u00c7\u00d5ES VEICULARES RJ - ACREDITA\u00c7\u00c3O INMETRO E DENATRAN","og_description":"Vistoria GNV Acreditada pelo INMETRO e DENATRAN, centro de Inspe\u00e7\u00e3o Veicular incluindo inspe\u00e7\u00e3o veicular em ve\u00edculos convertidos ao uso do G\u00e1s Natural Veicular (GNV), vistoria de seguran\u00e7a em ve\u00edculos recuperados de sinistro e vistoria de fabrica\u00e7\u00e3o pr\u00f3pria e ve\u00edculos transformados, vistorias em ve\u00edculos de passeio, caminh\u00f5es, vans, \u00f4nibus, pickup, picapes, acredita\u00e7\u00e3o Inmetro e Denatran","og_url":"https:\/\/vistoriagnv.com.br\/gnv\/index.php\/agendar-vistoria\/agendar-vistoria\/","og_site_name":"VISTORIA GNV","article_modified_time":"2020-02-05T18:17:26+00:00","twitter_misc":{"Est. tempo de leitura":"1 minuto"},"schema":{"@context":"https:\/\/schema.org","@graph":[{"@type":"WebPage","@id":"https:\/\/vistoriagnv.com.br\/gnv\/index.php\/agendar-vistoria\/agendar-vistoria\/","url":"https:\/\/vistoriagnv.com.br\/gnv\/index.php\/agendar-vistoria\/agendar-vistoria\/","name":"VISTORIA GNV -- GOLD INSPE\u00c7\u00d5ES VEICULARES RJ - ACREDITA\u00c7\u00c3O INMETRO E DENATRAN","isPartOf":{"@id":"https:\/\/vistoriagnv.com.br\/gnv\/#website"},"datePublished":"2014-07-31T14:11:21+00:00","dateModified":"2020-02-05T18:17:26+00:00","description":"Vistoria GNV Acreditada pelo INMETRO e DENATRAN, centro de Inspe\u00e7\u00e3o Veicular incluindo inspe\u00e7\u00e3o veicular em ve\u00edculos convertidos ao uso do G\u00e1s Natural Veicular (GNV), vistoria de seguran\u00e7a em ve\u00edculos recuperados de sinistro e vistoria de fabrica\u00e7\u00e3o pr\u00f3pria e ve\u00edculos transformados, vistorias em ve\u00edculos de passeio, caminh\u00f5es, vans, \u00f4nibus, pickup, picapes, acredita\u00e7\u00e3o Inmetro e Denatran","breadcrumb":{"@id":"https:\/\/vistoriagnv.com.br\/gnv\/index.php\/agendar-vistoria\/agendar-vistoria\/#breadcrumb"},"inLanguage":"pt-BR","potentialAction":[{"@type":"ReadAction","target":["https:\/\/vistoriagnv.com.br\/gnv\/index.php\/agendar-vistoria\/agendar-vistoria\/"]}]},{"@type":"BreadcrumbList","@id":"https:\/\/vistoriagnv.com.br\/gnv\/index.php\/agendar-vistoria\/agendar-vistoria\/#breadcrumb","itemListElement":[{"@type":"ListItem","position":1,"name":"In\u00edcio","item":"https:\/\/vistoriagnv.com.br\/gnv\/"},{"@type":"ListItem","position":2,"name":"Contatos","item":"https:\/\/vistoriagnv.com.br\/gnv\/index.php\/agendar-vistoria\/"},{"@type":"ListItem","position":3,"name":"Agendar Vistoria"}]},{"@type":"WebSite","@id":"https:\/\/vistoriagnv.com.br\/gnv\/#website","url":"https:\/\/vistoriagnv.com.br\/gnv\/","name":"VISTORIA GNV","description":"Postos de Vistoria Veicular GNV no Rio de janeiro","potentialAction":[{"@type":"SearchAction","target":{"@type":"EntryPoint","urlTemplate":"https:\/\/vistoriagnv.com.br\/gnv\/?s={search_term_string}"},"query-input":{"@type":"PropertyValueSpecification","valueRequired":true,"valueName":"search_term_string"}}],"inLanguage":"pt-BR"}]}},"_links":{"self":[{"href":"https:\/\/vistoriagnv.com.br\/gnv\/index.php\/wp-json\/wp\/v2\/pages\/163","targetHints":{"allow":["GET"]}}],"collection":[{"href":"https:\/\/vistoriagnv.com.br\/gnv\/index.php\/wp-json\/wp\/v2\/pages"}],"about":[{"href":"https:\/\/vistoriagnv.com.br\/gnv\/index.php\/wp-json\/wp\/v2\/types\/page"}],"author":[{"embeddable":true,"href":"https:\/\/vistoriagnv.com.br\/gnv\/index.php\/wp-json\/wp\/v2\/users\/1"}],"replies":[{"embeddable":true,"href":"https:\/\/vistoriagnv.com.br\/gnv\/index.php\/wp-json\/wp\/v2\/comments?post=163"}],"version-history":[{"count":47,"href":"https:\/\/vistoriagnv.com.br\/gnv\/index.php\/wp-json\/wp\/v2\/pages\/163\/revisions"}],"predecessor-version":[{"id":798,"href":"https:\/\/vistoriagnv.com.br\/gnv\/index.php\/wp-json\/wp\/v2\/pages\/163\/revisions\/798"}],"up":[{"embeddable":true,"href":"https:\/\/vistoriagnv.com.br\/gnv\/index.php\/wp-json\/wp\/v2\/pages\/13"}],"wp:attachment":[{"href":"https:\/\/vistoriagnv.com.br\/gnv\/index.php\/wp-json\/wp\/v2\/media?parent=163"}],"curies":[{"name":"wp","href":"https:\/\/api.w.org\/{rel}","templated":true}]}}