{"id":183,"date":"2014-07-31T14:47:45","date_gmt":"2014-07-31T14:47:45","guid":{"rendered":"http:\/\/vistoriagnv.com.br\/gnv\/?page_id=183"},"modified":"2020-02-05T18:12:01","modified_gmt":"2020-02-05T18:12:01","slug":"diferenciais","status":"publish","type":"page","link":"https:\/\/vistoriagnv.com.br\/gnv\/index.php\/sobre-nos\/diferenciais\/","title":{"rendered":"Diferenciais"},"content":{"rendered":"<div class=\"su-quote su-quote-style-default\"><div class=\"su-quote-inner su-u-clearfix su-u-trim\"><strong>Equipe de\u00a0t\u00e9cnicos especializados, equipamentos modernos\u00a0e\u00a0servi\u00e7os acreditados<\/strong><\/div><\/div>\n<hr \/>\n<ul>\n<li>Unidades com\u00a0Acredita\u00e7\u00e3o da CGCRE \u00a0INMETRO\u00a0e Credenciamento Denatran<\/li>\n<li>Aceitamos cart\u00e3o de cr\u00e9dito e d\u00e9bito<\/li>\n<li>Reunimos 4 unidades de atendimento em diferentes lugares no RJ<\/li>\n<li>Toda os pontos de atendimento possuem engenheiro t\u00e9cnico respons\u00e1vel pela emiss\u00e3o de laudos de vistoria<\/li>\n<\/ul>\n<hr \/>\n<p>Em algumas unidades de atendimento dispomos ainda de:<\/p>\n<div class=\"su-spoiler su-spoiler-style-fancy su-spoiler-icon-chevron-circle\" data-scroll-offset=\"0\" data-anchor-in-url=\"no\"><div class=\"su-spoiler-title\" tabindex=\"0\" role=\"button\"><span class=\"su-spoiler-icon\"><\/span>Acesso a Internet<\/div><div class=\"su-spoiler-content su-u-clearfix su-u-trim\">Acesso wi-fi ou terminais que permitem que, enquanto aguardam a inspe\u00e7\u00e3o em nossa sede, nossos clientes possam acessar a internet e aproveitar o tempo de espera da Inspe\u00e7\u00e3o para fazer neg\u00f3cios, pagar contas e resolver alguns problemas. <\/div><\/div>\n<div class=\"su-spoiler su-spoiler-style-fancy su-spoiler-icon-chevron-circle\" data-scroll-offset=\"0\" data-anchor-in-url=\"no\"><div class=\"su-spoiler-title\" tabindex=\"0\" role=\"button\"><span class=\"su-spoiler-icon\"><\/span>Lazer para crian\u00e7as <\/div><div class=\"su-spoiler-content su-u-clearfix su-u-trim\">Algumas de nossas unidades possuem\u00a0espa\u00e7o criado exclusivamente para crian\u00e7as que, acompanhadas dos pais, podem\u00a0\u00a0brincar enquanto\u00a0seus pais\u00a0aguardam pela\u00a0inspe\u00e7\u00e3o, minimizando assim o t\u00e9dio advindo com a espera para crian\u00e7as de qualquer idade. <\/div><\/div>\n<div class=\"su-spoiler su-spoiler-style-fancy su-spoiler-icon-chevron-circle\" data-scroll-offset=\"0\" data-anchor-in-url=\"no\"><div class=\"su-spoiler-title\" tabindex=\"0\" role=\"button\"><span class=\"su-spoiler-icon\"><\/span>Passatempos e jogos<\/div><div class=\"su-spoiler-content su-u-clearfix su-u-trim\">Amaioria de nossas unidades disp\u00f5em de tabuleiros com Jogos diversos, incluindo Dama e Xadrez, tornando o tempo de espera pela realiza\u00e7\u00e3o dos servi\u00e7os, uma fra\u00e7\u00e3o de\u00a0tempo agrad\u00e1vel, que pode ser compartilhado com seus acompanhantes ou ainda prop\u00edcio a intera\u00e7\u00e3o com outros clientes que estejam aguardando por suas vistorias. <\/div><\/div>\n","protected":false},"excerpt":{"rendered":"<p>Unidades com\u00a0Acredita\u00e7\u00e3o da CGCRE \u00a0INMETRO\u00a0e Credenciamento Denatran Aceitamos cart\u00e3o de cr\u00e9dito e d\u00e9bito Reunimos 4 unidades de atendimento em diferentes lugares no RJ Toda os pontos de atendimento possuem engenheiro t\u00e9cnico respons\u00e1vel pela emiss\u00e3o de laudos de vistoria Em algumas unidades de atendimento dispomos ainda de:<\/p>\n","protected":false},"author":1,"featured_media":343,"parent":5,"menu_order":0,"comment_status":"closed","ping_status":"closed","template":"","meta":{"footnotes":""},"class_list":["post-183","page","type-page","status-publish","has-post-thumbnail","hentry"],"yoast_head":"<!-- This site is optimized with the Yoast SEO plugin v24.8.1 - https:\/\/yoast.com\/wordpress\/plugins\/seo\/ -->\n<title>VISTORIA GNV -- GOLD INSPE\u00c7\u00d5ES VEICULARES RJ - ACREDITA\u00c7\u00c3O INMETRO E DENATRAN<\/title>\n<meta name=\"description\" content=\"Vistoria GNV Acreditada pelo INMETRO e DENATRAN, centro de Inspe\u00e7\u00e3o Veicular incluindo inspe\u00e7\u00e3o veicular em ve\u00edculos convertidos ao uso do G\u00e1s Natural Veicular (GNV), vistoria de seguran\u00e7a em ve\u00edculos recuperados de sinistro e vistoria de fabrica\u00e7\u00e3o pr\u00f3pria e ve\u00edculos transformados, vistorias em ve\u00edculos de passeio, caminh\u00f5es, vans, \u00f4nibus, pickup, picapes, acredita\u00e7\u00e3o Inmetro e Denatran\" \/>\n<meta name=\"robots\" content=\"index, follow, max-snippet:-1, max-image-preview:large, max-video-preview:-1\" \/>\n<link rel=\"canonical\" href=\"https:\/\/vistoriagnv.com.br\/gnv\/index.php\/sobre-nos\/diferenciais\/\" \/>\n<meta property=\"og:locale\" content=\"pt_BR\" \/>\n<meta property=\"og:type\" content=\"article\" \/>\n<meta property=\"og:title\" content=\"VISTORIA GNV -- GOLD INSPE\u00c7\u00d5ES VEICULARES RJ - ACREDITA\u00c7\u00c3O INMETRO E DENATRAN\" \/>\n<meta property=\"og:description\" content=\"Vistoria GNV Acreditada pelo INMETRO e DENATRAN, centro de Inspe\u00e7\u00e3o Veicular incluindo inspe\u00e7\u00e3o veicular em ve\u00edculos convertidos ao uso do G\u00e1s Natural Veicular (GNV), vistoria de seguran\u00e7a em ve\u00edculos recuperados de sinistro e vistoria de fabrica\u00e7\u00e3o pr\u00f3pria e ve\u00edculos transformados, vistorias em ve\u00edculos de passeio, caminh\u00f5es, vans, \u00f4nibus, pickup, picapes, acredita\u00e7\u00e3o Inmetro e Denatran\" \/>\n<meta property=\"og:url\" content=\"https:\/\/vistoriagnv.com.br\/gnv\/index.php\/sobre-nos\/diferenciais\/\" \/>\n<meta property=\"og:site_name\" content=\"VISTORIA GNV\" \/>\n<meta property=\"article:modified_time\" content=\"2020-02-05T18:12:01+00:00\" \/>\n<meta property=\"og:image\" content=\"https:\/\/vistoriagnv.com.br\/gnv\/wp-content\/uploads\/2014\/07\/ilustracao_gnv8.jpg\" \/>\n\t<meta property=\"og:image:width\" content=\"616\" \/>\n\t<meta property=\"og:image:height\" content=\"383\" \/>\n\t<meta property=\"og:image:type\" content=\"image\/jpeg\" \/>\n<meta name=\"twitter:label1\" content=\"Est. tempo de leitura\" \/>\n\t<meta name=\"twitter:data1\" content=\"1 minuto\" \/>\n<script type=\"application\/ld+json\" class=\"yoast-schema-graph\">{\"@context\":\"https:\/\/schema.org\",\"@graph\":[{\"@type\":\"WebPage\",\"@id\":\"https:\/\/vistoriagnv.com.br\/gnv\/index.php\/sobre-nos\/diferenciais\/\",\"url\":\"https:\/\/vistoriagnv.com.br\/gnv\/index.php\/sobre-nos\/diferenciais\/\",\"name\":\"VISTORIA GNV -- GOLD INSPE\u00c7\u00d5ES VEICULARES RJ - ACREDITA\u00c7\u00c3O INMETRO E DENATRAN\",\"isPartOf\":{\"@id\":\"https:\/\/vistoriagnv.com.br\/gnv\/#website\"},\"primaryImageOfPage\":{\"@id\":\"https:\/\/vistoriagnv.com.br\/gnv\/index.php\/sobre-nos\/diferenciais\/#primaryimage\"},\"image\":{\"@id\":\"https:\/\/vistoriagnv.com.br\/gnv\/index.php\/sobre-nos\/diferenciais\/#primaryimage\"},\"thumbnailUrl\":\"https:\/\/vistoriagnv.com.br\/gnv\/wp-content\/uploads\/2014\/07\/ilustracao_gnv8.jpg\",\"datePublished\":\"2014-07-31T14:47:45+00:00\",\"dateModified\":\"2020-02-05T18:12:01+00:00\",\"description\":\"Vistoria GNV Acreditada pelo INMETRO e DENATRAN, centro de Inspe\u00e7\u00e3o Veicular incluindo inspe\u00e7\u00e3o veicular em ve\u00edculos convertidos ao uso do G\u00e1s Natural Veicular (GNV), vistoria de seguran\u00e7a em ve\u00edculos recuperados de sinistro e vistoria de fabrica\u00e7\u00e3o pr\u00f3pria e ve\u00edculos transformados, vistorias em ve\u00edculos de passeio, caminh\u00f5es, vans, \u00f4nibus, pickup, picapes, acredita\u00e7\u00e3o Inmetro e Denatran\",\"breadcrumb\":{\"@id\":\"https:\/\/vistoriagnv.com.br\/gnv\/index.php\/sobre-nos\/diferenciais\/#breadcrumb\"},\"inLanguage\":\"pt-BR\",\"potentialAction\":[{\"@type\":\"ReadAction\",\"target\":[\"https:\/\/vistoriagnv.com.br\/gnv\/index.php\/sobre-nos\/diferenciais\/\"]}]},{\"@type\":\"ImageObject\",\"inLanguage\":\"pt-BR\",\"@id\":\"https:\/\/vistoriagnv.com.br\/gnv\/index.php\/sobre-nos\/diferenciais\/#primaryimage\",\"url\":\"https:\/\/vistoriagnv.com.br\/gnv\/wp-content\/uploads\/2014\/07\/ilustracao_gnv8.jpg\",\"contentUrl\":\"https:\/\/vistoriagnv.com.br\/gnv\/wp-content\/uploads\/2014\/07\/ilustracao_gnv8.jpg\",\"width\":616,\"height\":383},{\"@type\":\"BreadcrumbList\",\"@id\":\"https:\/\/vistoriagnv.com.br\/gnv\/index.php\/sobre-nos\/diferenciais\/#breadcrumb\",\"itemListElement\":[{\"@type\":\"ListItem\",\"position\":1,\"name\":\"In\u00edcio\",\"item\":\"https:\/\/vistoriagnv.com.br\/gnv\/\"},{\"@type\":\"ListItem\",\"position\":2,\"name\":\"Sobre N\u00f3s\",\"item\":\"https:\/\/vistoriagnv.com.br\/gnv\/index.php\/sobre-nos\/\"},{\"@type\":\"ListItem\",\"position\":3,\"name\":\"Diferenciais\"}]},{\"@type\":\"WebSite\",\"@id\":\"https:\/\/vistoriagnv.com.br\/gnv\/#website\",\"url\":\"https:\/\/vistoriagnv.com.br\/gnv\/\",\"name\":\"VISTORIA GNV\",\"description\":\"Postos de Vistoria Veicular GNV no Rio de janeiro\",\"potentialAction\":[{\"@type\":\"SearchAction\",\"target\":{\"@type\":\"EntryPoint\",\"urlTemplate\":\"https:\/\/vistoriagnv.com.br\/gnv\/?s={search_term_string}\"},\"query-input\":{\"@type\":\"PropertyValueSpecification\",\"valueRequired\":true,\"valueName\":\"search_term_string\"}}],\"inLanguage\":\"pt-BR\"}]}<\/script>\n<!-- \/ Yoast SEO plugin. -->","yoast_head_json":{"title":"VISTORIA GNV -- GOLD INSPE\u00c7\u00d5ES VEICULARES RJ - ACREDITA\u00c7\u00c3O INMETRO E DENATRAN","description":"Vistoria GNV Acreditada pelo INMETRO e DENATRAN, centro de Inspe\u00e7\u00e3o Veicular incluindo inspe\u00e7\u00e3o veicular em ve\u00edculos convertidos ao uso do G\u00e1s Natural Veicular (GNV), vistoria de seguran\u00e7a em ve\u00edculos recuperados de sinistro e vistoria de fabrica\u00e7\u00e3o pr\u00f3pria e ve\u00edculos transformados, vistorias em ve\u00edculos de passeio, caminh\u00f5es, vans, \u00f4nibus, pickup, picapes, acredita\u00e7\u00e3o Inmetro e Denatran","robots":{"index":"index","follow":"follow","max-snippet":"max-snippet:-1","max-image-preview":"max-image-preview:large","max-video-preview":"max-video-preview:-1"},"canonical":"https:\/\/vistoriagnv.com.br\/gnv\/index.php\/sobre-nos\/diferenciais\/","og_locale":"pt_BR","og_type":"article","og_title":"VISTORIA GNV -- GOLD INSPE\u00c7\u00d5ES VEICULARES RJ - ACREDITA\u00c7\u00c3O INMETRO E DENATRAN","og_description":"Vistoria GNV Acreditada pelo INMETRO e DENATRAN, centro de Inspe\u00e7\u00e3o Veicular incluindo inspe\u00e7\u00e3o veicular em ve\u00edculos convertidos ao uso do G\u00e1s Natural Veicular (GNV), vistoria de seguran\u00e7a em ve\u00edculos recuperados de sinistro e vistoria de fabrica\u00e7\u00e3o pr\u00f3pria e ve\u00edculos transformados, vistorias em ve\u00edculos de passeio, caminh\u00f5es, vans, \u00f4nibus, pickup, picapes, acredita\u00e7\u00e3o Inmetro e Denatran","og_url":"https:\/\/vistoriagnv.com.br\/gnv\/index.php\/sobre-nos\/diferenciais\/","og_site_name":"VISTORIA GNV","article_modified_time":"2020-02-05T18:12:01+00:00","og_image":[{"width":616,"height":383,"url":"https:\/\/vistoriagnv.com.br\/gnv\/wp-content\/uploads\/2014\/07\/ilustracao_gnv8.jpg","type":"image\/jpeg"}],"twitter_misc":{"Est. tempo de leitura":"1 minuto"},"schema":{"@context":"https:\/\/schema.org","@graph":[{"@type":"WebPage","@id":"https:\/\/vistoriagnv.com.br\/gnv\/index.php\/sobre-nos\/diferenciais\/","url":"https:\/\/vistoriagnv.com.br\/gnv\/index.php\/sobre-nos\/diferenciais\/","name":"VISTORIA GNV -- GOLD INSPE\u00c7\u00d5ES VEICULARES RJ - ACREDITA\u00c7\u00c3O INMETRO E DENATRAN","isPartOf":{"@id":"https:\/\/vistoriagnv.com.br\/gnv\/#website"},"primaryImageOfPage":{"@id":"https:\/\/vistoriagnv.com.br\/gnv\/index.php\/sobre-nos\/diferenciais\/#primaryimage"},"image":{"@id":"https:\/\/vistoriagnv.com.br\/gnv\/index.php\/sobre-nos\/diferenciais\/#primaryimage"},"thumbnailUrl":"https:\/\/vistoriagnv.com.br\/gnv\/wp-content\/uploads\/2014\/07\/ilustracao_gnv8.jpg","datePublished":"2014-07-31T14:47:45+00:00","dateModified":"2020-02-05T18:12:01+00:00","description":"Vistoria GNV Acreditada pelo INMETRO e DENATRAN, centro de Inspe\u00e7\u00e3o Veicular incluindo inspe\u00e7\u00e3o veicular em ve\u00edculos convertidos ao uso do G\u00e1s Natural Veicular (GNV), vistoria de seguran\u00e7a em ve\u00edculos recuperados de sinistro e vistoria de fabrica\u00e7\u00e3o pr\u00f3pria e ve\u00edculos transformados, vistorias em ve\u00edculos de passeio, caminh\u00f5es, vans, \u00f4nibus, pickup, picapes, acredita\u00e7\u00e3o Inmetro e Denatran","breadcrumb":{"@id":"https:\/\/vistoriagnv.com.br\/gnv\/index.php\/sobre-nos\/diferenciais\/#breadcrumb"},"inLanguage":"pt-BR","potentialAction":[{"@type":"ReadAction","target":["https:\/\/vistoriagnv.com.br\/gnv\/index.php\/sobre-nos\/diferenciais\/"]}]},{"@type":"ImageObject","inLanguage":"pt-BR","@id":"https:\/\/vistoriagnv.com.br\/gnv\/index.php\/sobre-nos\/diferenciais\/#primaryimage","url":"https:\/\/vistoriagnv.com.br\/gnv\/wp-content\/uploads\/2014\/07\/ilustracao_gnv8.jpg","contentUrl":"https:\/\/vistoriagnv.com.br\/gnv\/wp-content\/uploads\/2014\/07\/ilustracao_gnv8.jpg","width":616,"height":383},{"@type":"BreadcrumbList","@id":"https:\/\/vistoriagnv.com.br\/gnv\/index.php\/sobre-nos\/diferenciais\/#breadcrumb","itemListElement":[{"@type":"ListItem","position":1,"name":"In\u00edcio","item":"https:\/\/vistoriagnv.com.br\/gnv\/"},{"@type":"ListItem","position":2,"name":"Sobre N\u00f3s","item":"https:\/\/vistoriagnv.com.br\/gnv\/index.php\/sobre-nos\/"},{"@type":"ListItem","position":3,"name":"Diferenciais"}]},{"@type":"WebSite","@id":"https:\/\/vistoriagnv.com.br\/gnv\/#website","url":"https:\/\/vistoriagnv.com.br\/gnv\/","name":"VISTORIA GNV","description":"Postos de Vistoria Veicular GNV no Rio de janeiro","potentialAction":[{"@type":"SearchAction","target":{"@type":"EntryPoint","urlTemplate":"https:\/\/vistoriagnv.com.br\/gnv\/?s={search_term_string}"},"query-input":{"@type":"PropertyValueSpecification","valueRequired":true,"valueName":"search_term_string"}}],"inLanguage":"pt-BR"}]}},"_links":{"self":[{"href":"https:\/\/vistoriagnv.com.br\/gnv\/index.php\/wp-json\/wp\/v2\/pages\/183","targetHints":{"allow":["GET"]}}],"collection":[{"href":"https:\/\/vistoriagnv.com.br\/gnv\/index.php\/wp-json\/wp\/v2\/pages"}],"about":[{"href":"https:\/\/vistoriagnv.com.br\/gnv\/index.php\/wp-json\/wp\/v2\/types\/page"}],"author":[{"embeddable":true,"href":"https:\/\/vistoriagnv.com.br\/gnv\/index.php\/wp-json\/wp\/v2\/users\/1"}],"replies":[{"embeddable":true,"href":"https:\/\/vistoriagnv.com.br\/gnv\/index.php\/wp-json\/wp\/v2\/comments?post=183"}],"version-history":[{"count":14,"href":"https:\/\/vistoriagnv.com.br\/gnv\/index.php\/wp-json\/wp\/v2\/pages\/183\/revisions"}],"predecessor-version":[{"id":794,"href":"https:\/\/vistoriagnv.com.br\/gnv\/index.php\/wp-json\/wp\/v2\/pages\/183\/revisions\/794"}],"up":[{"embeddable":true,"href":"https:\/\/vistoriagnv.com.br\/gnv\/index.php\/wp-json\/wp\/v2\/pages\/5"}],"wp:featuredmedia":[{"embeddable":true,"href":"https:\/\/vistoriagnv.com.br\/gnv\/index.php\/wp-json\/wp\/v2\/media\/343"}],"wp:attachment":[{"href":"https:\/\/vistoriagnv.com.br\/gnv\/index.php\/wp-json\/wp\/v2\/media?parent=183"}],"curies":[{"name":"wp","href":"https:\/\/api.w.org\/{rel}","templated":true}]}}