{"id":20,"date":"2014-06-02T19:34:42","date_gmt":"2014-06-02T19:34:42","guid":{"rendered":"http:\/\/vistoriagnv.com.br\/gnv\/?page_id=20"},"modified":"2015-09-05T20:34:12","modified_gmt":"2015-09-05T20:34:12","slug":"alteracao-de-caracteristicas","status":"publish","type":"page","link":"https:\/\/vistoriagnv.com.br\/gnv\/index.php\/servicos\/alteracao-de-caracteristicas\/","title":{"rendered":"Altera\u00e7\u00e3o de Caracter\u00edsticas"},"content":{"rendered":"<p>Saiba mais sobre o que \u00e9 permitido pelo Detran em altera\u00e7\u00e3o de caracter\u00edsticas e conte com nossos servi\u00e7os de inspe\u00e7\u00e3o.<\/p>\n<hr \/>\n<p><strong>Inspe\u00e7\u00e3o em Altera\u00e7\u00e3o de Caracter\u00edsticas<\/strong>:<\/p>\n<p><img loading=\"lazy\" decoding=\"async\" class=\"alignleft wp-image-324 size-thumbnail\" src=\"http:\/\/vistoriagnv.com.br\/gnv\/wp-content\/uploads\/2014\/06\/ilustracao_gnv2-150x150.jpg\" alt=\"alteracao de caracteristica\" width=\"150\" height=\"150\" \/>A inspe\u00e7\u00e3o de seguran\u00e7a em ve\u00edculos transformados ou com altera\u00e7\u00f5es de caracter\u00edsticas \u00e9 outro dos servi\u00e7os especializados oferecidos pelo grupo.\u00a0Nesses casos, antes da avalia\u00e7\u00e3o \u00e9 necess\u00e1rio obter autoriza\u00e7\u00e3o pr\u00e9via do Departamento Estadual de Tr\u00e2nsito (DETRAN).<\/p>\n<p>&nbsp;<\/p>\n<p><strong>S\u00c3O ALTERA\u00c7\u00d5ES DE CARACTER\u00cdSTICAS<\/strong>:<\/p>\n<p>&nbsp;<\/p>\n<div class=\"su-spoiler su-spoiler-style-fancy su-spoiler-icon-chevron-circle\" data-scroll-offset=\"0\" data-anchor-in-url=\"no\"><div class=\"su-spoiler-title\" tabindex=\"0\" role=\"button\"><span class=\"su-spoiler-icon\"><\/span>Verifique o que \u00e9 considerado como Altera\u00e7\u00f5es de caracter\u00edsticas veicular:<\/div><div class=\"su-spoiler-content su-u-clearfix su-u-trim\">\n<p>Mudan\u00e7a de Carroceria<br \/>\nEixo Suplementar<br \/>\nAdapta\u00e7\u00e3o para Pessoas com Defici\u00eancia F\u00edsica<br \/>\nAdapta\u00e7\u00e3o para Forma\u00e7\u00e3o de Condutores<br \/>\nMudan\u00e7a de Esp\u00e9cie\/Tipo<br \/>\nMudan\u00e7a de Combust\u00edvel<br \/>\nMudan\u00e7a de Estrutura<br \/>\nMudan\u00e7a em Sistema de Seguran\u00e7a<br \/>\nMudan\u00e7a de Modelo\/Vers\u00e3o\/Pot\u00eancia\/Cilindrada<br \/>\nMudan\u00e7a de Capacidade.<\/div><\/div>\n<p>&nbsp;<\/p>\n<p><strong> O QUE\u00a0VOC\u00ca\u00a0PRECISA SABER ANTES DE MUDAR ALGO EM SEU VE\u00cdCULO:<br \/>\n<\/strong><\/p>\n<ul>\n<li>N\u00e3o esque\u00e7a de pedir autoriza\u00e7\u00e3o pr\u00e9via ao DETRAN;<\/li>\n<li>Procure uma empresa especializada no servi\u00e7o;<\/li>\n<li>Procure saber se a empresa tem registro no Conselho Regional de Engenharia, Arquitetura e Agronomia (CREA) tendo como Respons\u00e1vel T\u00e9cnico um engenheiro mec\u00e2nico;<\/li>\n<li>Exija Nota Fiscal dos componentes e servi\u00e7os.<\/li>\n<\/ul>\n<hr \/>\n<p>Antes de fazer a modifica\u00e7\u00e3o,\u00a0<a title=\"Contatos\" href=\"http:\/\/vistoriagnv.com.br\/gnv\/index.php\/agendar-vistoria\/\">envie-nos suas d\u00favidas\u00a0<\/a>ou <a title=\"Nossas Lojas\" href=\"http:\/\/vistoriagnv.com.br\/gnv\/index.php\/empresas-parceiras\/\">procure uma de nossas unidades loja<\/a> que nossos engenheiros ter\u00e3o enorme satisfa\u00e7\u00e3o em orient\u00e1-lo.<\/p>\n","protected":false},"excerpt":{"rendered":"<p>Saiba mais sobre o que \u00e9 permitido pelo Detran em altera\u00e7\u00e3o de caracter\u00edsticas e conte com nossos servi\u00e7os de inspe\u00e7\u00e3o. Inspe\u00e7\u00e3o em Altera\u00e7\u00e3o de Caracter\u00edsticas: A inspe\u00e7\u00e3o de seguran\u00e7a em ve\u00edculos transformados ou com altera\u00e7\u00f5es de caracter\u00edsticas \u00e9 outro dos servi\u00e7os especializados oferecidos pelo grupo.\u00a0Nesses casos, antes da avalia\u00e7\u00e3o \u00e9 necess\u00e1rio obter autoriza\u00e7\u00e3o pr\u00e9via do&#8230;<\/p>\n","protected":false},"author":1,"featured_media":581,"parent":3,"menu_order":2,"comment_status":"closed","ping_status":"closed","template":"","meta":{"footnotes":""},"class_list":["post-20","page","type-page","status-publish","has-post-thumbnail","hentry"],"yoast_head":"<!-- This site is optimized with the Yoast SEO plugin v24.8.1 - https:\/\/yoast.com\/wordpress\/plugins\/seo\/ -->\n<title>VISTORIA GNV -- GOLD INSPE\u00c7\u00d5ES VEICULARES RJ - ACREDITA\u00c7\u00c3O INMETRO E DENATRAN<\/title>\n<meta name=\"description\" content=\"Vistoria GNV Acreditada pelo INMETRO e DENATRAN, centro de Inspe\u00e7\u00e3o Veicular incluindo inspe\u00e7\u00e3o veicular em ve\u00edculos convertidos ao uso do G\u00e1s Natural Veicular (GNV), vistoria de seguran\u00e7a em ve\u00edculos recuperados de sinistro e vistoria de fabrica\u00e7\u00e3o pr\u00f3pria e ve\u00edculos transformados, vistorias em ve\u00edculos de passeio, caminh\u00f5es, vans, \u00f4nibus, pickup, picapes, acredita\u00e7\u00e3o Inmetro e Denatran\" \/>\n<meta name=\"robots\" content=\"index, follow, max-snippet:-1, max-image-preview:large, max-video-preview:-1\" \/>\n<link rel=\"canonical\" href=\"https:\/\/vistoriagnv.com.br\/gnv\/index.php\/servicos\/alteracao-de-caracteristicas\/\" \/>\n<meta property=\"og:locale\" content=\"pt_BR\" \/>\n<meta property=\"og:type\" content=\"article\" \/>\n<meta property=\"og:title\" content=\"VISTORIA GNV -- GOLD INSPE\u00c7\u00d5ES VEICULARES RJ - ACREDITA\u00c7\u00c3O INMETRO E DENATRAN\" \/>\n<meta property=\"og:description\" content=\"Vistoria GNV Acreditada pelo INMETRO e DENATRAN, centro de Inspe\u00e7\u00e3o Veicular incluindo inspe\u00e7\u00e3o veicular em ve\u00edculos convertidos ao uso do G\u00e1s Natural Veicular (GNV), vistoria de seguran\u00e7a em ve\u00edculos recuperados de sinistro e vistoria de fabrica\u00e7\u00e3o pr\u00f3pria e ve\u00edculos transformados, vistorias em ve\u00edculos de passeio, caminh\u00f5es, vans, \u00f4nibus, pickup, picapes, acredita\u00e7\u00e3o Inmetro e Denatran\" \/>\n<meta property=\"og:url\" content=\"https:\/\/vistoriagnv.com.br\/gnv\/index.php\/servicos\/alteracao-de-caracteristicas\/\" \/>\n<meta property=\"og:site_name\" content=\"VISTORIA GNV\" \/>\n<meta property=\"article:modified_time\" content=\"2015-09-05T20:34:12+00:00\" \/>\n<meta property=\"og:image\" content=\"https:\/\/vistoriagnv.com.br\/gnv\/wp-content\/uploads\/2014\/06\/capa-caracteristicas.jpg\" \/>\n\t<meta property=\"og:image:width\" content=\"400\" \/>\n\t<meta property=\"og:image:height\" content=\"300\" \/>\n\t<meta property=\"og:image:type\" content=\"image\/jpeg\" \/>\n<meta name=\"twitter:label1\" content=\"Est. tempo de leitura\" \/>\n\t<meta name=\"twitter:data1\" content=\"1 minuto\" \/>\n<script type=\"application\/ld+json\" class=\"yoast-schema-graph\">{\"@context\":\"https:\/\/schema.org\",\"@graph\":[{\"@type\":\"WebPage\",\"@id\":\"https:\/\/vistoriagnv.com.br\/gnv\/index.php\/servicos\/alteracao-de-caracteristicas\/\",\"url\":\"https:\/\/vistoriagnv.com.br\/gnv\/index.php\/servicos\/alteracao-de-caracteristicas\/\",\"name\":\"VISTORIA GNV -- GOLD INSPE\u00c7\u00d5ES VEICULARES RJ - ACREDITA\u00c7\u00c3O INMETRO E DENATRAN\",\"isPartOf\":{\"@id\":\"https:\/\/vistoriagnv.com.br\/gnv\/#website\"},\"primaryImageOfPage\":{\"@id\":\"https:\/\/vistoriagnv.com.br\/gnv\/index.php\/servicos\/alteracao-de-caracteristicas\/#primaryimage\"},\"image\":{\"@id\":\"https:\/\/vistoriagnv.com.br\/gnv\/index.php\/servicos\/alteracao-de-caracteristicas\/#primaryimage\"},\"thumbnailUrl\":\"https:\/\/vistoriagnv.com.br\/gnv\/wp-content\/uploads\/2014\/06\/capa-caracteristicas.jpg\",\"datePublished\":\"2014-06-02T19:34:42+00:00\",\"dateModified\":\"2015-09-05T20:34:12+00:00\",\"description\":\"Vistoria GNV Acreditada pelo INMETRO e DENATRAN, centro de Inspe\u00e7\u00e3o Veicular incluindo inspe\u00e7\u00e3o veicular em ve\u00edculos convertidos ao uso do G\u00e1s Natural Veicular (GNV), vistoria de seguran\u00e7a em ve\u00edculos recuperados de sinistro e vistoria de fabrica\u00e7\u00e3o pr\u00f3pria e ve\u00edculos transformados, vistorias em ve\u00edculos de passeio, caminh\u00f5es, vans, \u00f4nibus, pickup, picapes, acredita\u00e7\u00e3o Inmetro e Denatran\",\"breadcrumb\":{\"@id\":\"https:\/\/vistoriagnv.com.br\/gnv\/index.php\/servicos\/alteracao-de-caracteristicas\/#breadcrumb\"},\"inLanguage\":\"pt-BR\",\"potentialAction\":[{\"@type\":\"ReadAction\",\"target\":[\"https:\/\/vistoriagnv.com.br\/gnv\/index.php\/servicos\/alteracao-de-caracteristicas\/\"]}]},{\"@type\":\"ImageObject\",\"inLanguage\":\"pt-BR\",\"@id\":\"https:\/\/vistoriagnv.com.br\/gnv\/index.php\/servicos\/alteracao-de-caracteristicas\/#primaryimage\",\"url\":\"https:\/\/vistoriagnv.com.br\/gnv\/wp-content\/uploads\/2014\/06\/capa-caracteristicas.jpg\",\"contentUrl\":\"https:\/\/vistoriagnv.com.br\/gnv\/wp-content\/uploads\/2014\/06\/capa-caracteristicas.jpg\",\"width\":400,\"height\":300,\"caption\":\"Alteracao de caracteristicas\"},{\"@type\":\"BreadcrumbList\",\"@id\":\"https:\/\/vistoriagnv.com.br\/gnv\/index.php\/servicos\/alteracao-de-caracteristicas\/#breadcrumb\",\"itemListElement\":[{\"@type\":\"ListItem\",\"position\":1,\"name\":\"In\u00edcio\",\"item\":\"https:\/\/vistoriagnv.com.br\/gnv\/\"},{\"@type\":\"ListItem\",\"position\":2,\"name\":\"Servi\u00e7os\",\"item\":\"https:\/\/vistoriagnv.com.br\/gnv\/index.php\/servicos\/\"},{\"@type\":\"ListItem\",\"position\":3,\"name\":\"Altera\u00e7\u00e3o de Caracter\u00edsticas\"}]},{\"@type\":\"WebSite\",\"@id\":\"https:\/\/vistoriagnv.com.br\/gnv\/#website\",\"url\":\"https:\/\/vistoriagnv.com.br\/gnv\/\",\"name\":\"VISTORIA GNV\",\"description\":\"Postos de Vistoria Veicular GNV no Rio de janeiro\",\"potentialAction\":[{\"@type\":\"SearchAction\",\"target\":{\"@type\":\"EntryPoint\",\"urlTemplate\":\"https:\/\/vistoriagnv.com.br\/gnv\/?s={search_term_string}\"},\"query-input\":{\"@type\":\"PropertyValueSpecification\",\"valueRequired\":true,\"valueName\":\"search_term_string\"}}],\"inLanguage\":\"pt-BR\"}]}<\/script>\n<!-- \/ Yoast SEO plugin. -->","yoast_head_json":{"title":"VISTORIA GNV -- GOLD INSPE\u00c7\u00d5ES VEICULARES RJ - ACREDITA\u00c7\u00c3O INMETRO E DENATRAN","description":"Vistoria GNV Acreditada pelo INMETRO e DENATRAN, centro de Inspe\u00e7\u00e3o Veicular incluindo inspe\u00e7\u00e3o veicular em ve\u00edculos convertidos ao uso do G\u00e1s Natural Veicular (GNV), vistoria de seguran\u00e7a em ve\u00edculos recuperados de sinistro e vistoria de fabrica\u00e7\u00e3o pr\u00f3pria e ve\u00edculos transformados, vistorias em ve\u00edculos de passeio, caminh\u00f5es, vans, \u00f4nibus, pickup, picapes, acredita\u00e7\u00e3o Inmetro e Denatran","robots":{"index":"index","follow":"follow","max-snippet":"max-snippet:-1","max-image-preview":"max-image-preview:large","max-video-preview":"max-video-preview:-1"},"canonical":"https:\/\/vistoriagnv.com.br\/gnv\/index.php\/servicos\/alteracao-de-caracteristicas\/","og_locale":"pt_BR","og_type":"article","og_title":"VISTORIA GNV -- GOLD INSPE\u00c7\u00d5ES VEICULARES RJ - ACREDITA\u00c7\u00c3O INMETRO E DENATRAN","og_description":"Vistoria GNV Acreditada pelo INMETRO e DENATRAN, centro de Inspe\u00e7\u00e3o Veicular incluindo inspe\u00e7\u00e3o veicular em ve\u00edculos convertidos ao uso do G\u00e1s Natural Veicular (GNV), vistoria de seguran\u00e7a em ve\u00edculos recuperados de sinistro e vistoria de fabrica\u00e7\u00e3o pr\u00f3pria e ve\u00edculos transformados, vistorias em ve\u00edculos de passeio, caminh\u00f5es, vans, \u00f4nibus, pickup, picapes, acredita\u00e7\u00e3o Inmetro e Denatran","og_url":"https:\/\/vistoriagnv.com.br\/gnv\/index.php\/servicos\/alteracao-de-caracteristicas\/","og_site_name":"VISTORIA GNV","article_modified_time":"2015-09-05T20:34:12+00:00","og_image":[{"width":400,"height":300,"url":"https:\/\/vistoriagnv.com.br\/gnv\/wp-content\/uploads\/2014\/06\/capa-caracteristicas.jpg","type":"image\/jpeg"}],"twitter_misc":{"Est. tempo de leitura":"1 minuto"},"schema":{"@context":"https:\/\/schema.org","@graph":[{"@type":"WebPage","@id":"https:\/\/vistoriagnv.com.br\/gnv\/index.php\/servicos\/alteracao-de-caracteristicas\/","url":"https:\/\/vistoriagnv.com.br\/gnv\/index.php\/servicos\/alteracao-de-caracteristicas\/","name":"VISTORIA GNV -- GOLD INSPE\u00c7\u00d5ES VEICULARES RJ - ACREDITA\u00c7\u00c3O INMETRO E DENATRAN","isPartOf":{"@id":"https:\/\/vistoriagnv.com.br\/gnv\/#website"},"primaryImageOfPage":{"@id":"https:\/\/vistoriagnv.com.br\/gnv\/index.php\/servicos\/alteracao-de-caracteristicas\/#primaryimage"},"image":{"@id":"https:\/\/vistoriagnv.com.br\/gnv\/index.php\/servicos\/alteracao-de-caracteristicas\/#primaryimage"},"thumbnailUrl":"https:\/\/vistoriagnv.com.br\/gnv\/wp-content\/uploads\/2014\/06\/capa-caracteristicas.jpg","datePublished":"2014-06-02T19:34:42+00:00","dateModified":"2015-09-05T20:34:12+00:00","description":"Vistoria GNV Acreditada pelo INMETRO e DENATRAN, centro de Inspe\u00e7\u00e3o Veicular incluindo inspe\u00e7\u00e3o veicular em ve\u00edculos convertidos ao uso do G\u00e1s Natural Veicular (GNV), vistoria de seguran\u00e7a em ve\u00edculos recuperados de sinistro e vistoria de fabrica\u00e7\u00e3o pr\u00f3pria e ve\u00edculos transformados, vistorias em ve\u00edculos de passeio, caminh\u00f5es, vans, \u00f4nibus, pickup, picapes, acredita\u00e7\u00e3o Inmetro e Denatran","breadcrumb":{"@id":"https:\/\/vistoriagnv.com.br\/gnv\/index.php\/servicos\/alteracao-de-caracteristicas\/#breadcrumb"},"inLanguage":"pt-BR","potentialAction":[{"@type":"ReadAction","target":["https:\/\/vistoriagnv.com.br\/gnv\/index.php\/servicos\/alteracao-de-caracteristicas\/"]}]},{"@type":"ImageObject","inLanguage":"pt-BR","@id":"https:\/\/vistoriagnv.com.br\/gnv\/index.php\/servicos\/alteracao-de-caracteristicas\/#primaryimage","url":"https:\/\/vistoriagnv.com.br\/gnv\/wp-content\/uploads\/2014\/06\/capa-caracteristicas.jpg","contentUrl":"https:\/\/vistoriagnv.com.br\/gnv\/wp-content\/uploads\/2014\/06\/capa-caracteristicas.jpg","width":400,"height":300,"caption":"Alteracao de caracteristicas"},{"@type":"BreadcrumbList","@id":"https:\/\/vistoriagnv.com.br\/gnv\/index.php\/servicos\/alteracao-de-caracteristicas\/#breadcrumb","itemListElement":[{"@type":"ListItem","position":1,"name":"In\u00edcio","item":"https:\/\/vistoriagnv.com.br\/gnv\/"},{"@type":"ListItem","position":2,"name":"Servi\u00e7os","item":"https:\/\/vistoriagnv.com.br\/gnv\/index.php\/servicos\/"},{"@type":"ListItem","position":3,"name":"Altera\u00e7\u00e3o de Caracter\u00edsticas"}]},{"@type":"WebSite","@id":"https:\/\/vistoriagnv.com.br\/gnv\/#website","url":"https:\/\/vistoriagnv.com.br\/gnv\/","name":"VISTORIA GNV","description":"Postos de Vistoria Veicular GNV no Rio de janeiro","potentialAction":[{"@type":"SearchAction","target":{"@type":"EntryPoint","urlTemplate":"https:\/\/vistoriagnv.com.br\/gnv\/?s={search_term_string}"},"query-input":{"@type":"PropertyValueSpecification","valueRequired":true,"valueName":"search_term_string"}}],"inLanguage":"pt-BR"}]}},"_links":{"self":[{"href":"https:\/\/vistoriagnv.com.br\/gnv\/index.php\/wp-json\/wp\/v2\/pages\/20","targetHints":{"allow":["GET"]}}],"collection":[{"href":"https:\/\/vistoriagnv.com.br\/gnv\/index.php\/wp-json\/wp\/v2\/pages"}],"about":[{"href":"https:\/\/vistoriagnv.com.br\/gnv\/index.php\/wp-json\/wp\/v2\/types\/page"}],"author":[{"embeddable":true,"href":"https:\/\/vistoriagnv.com.br\/gnv\/index.php\/wp-json\/wp\/v2\/users\/1"}],"replies":[{"embeddable":true,"href":"https:\/\/vistoriagnv.com.br\/gnv\/index.php\/wp-json\/wp\/v2\/comments?post=20"}],"version-history":[{"count":21,"href":"https:\/\/vistoriagnv.com.br\/gnv\/index.php\/wp-json\/wp\/v2\/pages\/20\/revisions"}],"predecessor-version":[{"id":579,"href":"https:\/\/vistoriagnv.com.br\/gnv\/index.php\/wp-json\/wp\/v2\/pages\/20\/revisions\/579"}],"up":[{"embeddable":true,"href":"https:\/\/vistoriagnv.com.br\/gnv\/index.php\/wp-json\/wp\/v2\/pages\/3"}],"wp:featuredmedia":[{"embeddable":true,"href":"https:\/\/vistoriagnv.com.br\/gnv\/index.php\/wp-json\/wp\/v2\/media\/581"}],"wp:attachment":[{"href":"https:\/\/vistoriagnv.com.br\/gnv\/index.php\/wp-json\/wp\/v2\/media?parent=20"}],"curies":[{"name":"wp","href":"https:\/\/api.w.org\/{rel}","templated":true}]}}