{"id":22,"date":"2014-06-02T19:35:04","date_gmt":"2014-06-02T19:35:04","guid":{"rendered":"http:\/\/vistoriagnv.com.br\/gnv\/?page_id=22"},"modified":"2020-02-05T18:19:15","modified_gmt":"2020-02-05T18:19:15","slug":"inspecao-veicular","status":"publish","type":"page","link":"https:\/\/vistoriagnv.com.br\/gnv\/index.php\/servicos\/inspecao-veicular\/","title":{"rendered":"Inspe\u00e7\u00e3o Veicular"},"content":{"rendered":"<p>Servi\u00e7os completos de inspe\u00e7\u00e3o veicular imprimindo ainda mais seguran\u00e7a e tranquilidade para voc\u00ea e sua frota!<\/p>\n<hr \/>\n<p><strong>Inspe\u00e7\u00e3o Veicular: seu ve\u00edculo mais seguro!<\/strong>:<br \/>\n<a href=\"http:\/\/vistoriagnv.com.br\/gnv\/wp-content\/uploads\/2014\/06\/ilustracao_gnv4.jpg\"><img loading=\"lazy\" decoding=\"async\" class=\"alignleft size-thumbnail wp-image-334\" src=\"http:\/\/vistoriagnv.com.br\/gnv\/wp-content\/uploads\/2014\/06\/ilustracao_gnv4-150x150.jpg\" alt=\"Inspecao veicular\" width=\"150\" height=\"150\" \/><\/a><\/p>\n<p style=\"text-align: justify;\">A seguran\u00e7a veicular \u00e9 uma das maiores conquistas das leis de tr\u00e2nsito atualmente em vigor no Pa\u00eds. Estabelecendo regras para o uso civilizado dos meios e vias de transporte, a legisla\u00e7\u00e3o vai muito al\u00e9m da simples ado\u00e7\u00e3o de medidas para a preven\u00e7\u00e3o de acidentes: ela incorpora um direito b\u00e1sico da cidadania, que \u00e9 assegurar de forma efetiva que a vida das pessoas seja sempre e em qualquer circunst\u00e2ncias, mais importante do que tudo.<\/p>\n<p><strong>Fique muito atento: evite compras enganosas!<\/strong><\/p>\n<p style=\"text-align: justify;\">Ao comprar um ve\u00edculo, vistorie em uma de nossas unidades e verifique a <strong>real condi\u00e7\u00e3o do seu usado<\/strong>: fazemos inspe\u00e7\u00f5es com laudos que fornecem o real estado do carro, evitando assim qualquer engano ou omiss\u00e3o de informa\u00e7\u00e3o na hora que voc\u00ea estiver adquirindo ve\u00edculo usado.<\/p>\n<div class=\"su-quote su-quote-style-default su-quote-has-cite\"><div class=\"su-quote-inner su-u-clearfix su-u-trim\">visando verificar o perfeito funcionamento do motor em ambos os combust\u00edveis (se houver gnv) e verificar consumo e estado do motor, contribuindo para que voce n\u00e3o trafegue com ve\u00edculo em m\u00e1s condi\u00e7\u00f5es.<span class=\"su-quote-cite\">Nossas inspe\u00e7\u00f5es incluem Teste de Emiss\u00e3o de Gases Poluentes!<\/span><\/div><\/div>\n<hr \/>\n<p><strong>INSPE\u00c7\u00d5ES DETALHADAS:<\/strong><\/p>\n<p style=\"text-align: justify;\">Conhe\u00e7a abaixo algumas inspe\u00e7\u00f5es que devem ser realizadas e que contribuem direta mento para a boa conserva\u00e7\u00e3o do seu ve\u00edculo e para a sua seguran\u00e7a.<br \/>\nEis algumas das principais avalia\u00e7\u00f5es de rotina realizadas durante em inspe\u00e7\u00f5es veicular realizadas em todas as <a title=\"Onde Estamos\" href=\"http:\/\/vistoriagnv.com.br\/gnv\/index.php\/sobre-nos\/unidades-de-atendimento\/\">nossas Unidades de atendimento e de vistoria<\/a>:<\/p>\n<p style=\"text-align: justify;\"><div class=\"su-spoiler su-spoiler-style-fancy su-spoiler-icon-chevron-circle\" data-scroll-offset=\"0\" data-anchor-in-url=\"no\"><div class=\"su-spoiler-title\" tabindex=\"0\" role=\"button\"><span class=\"su-spoiler-icon\"><\/span>Inspe\u00e7\u00e3o veicular detalhada:<\/div><div class=\"su-spoiler-content su-u-clearfix su-u-trim\">\n<p style=\"text-align: justify;\">&#8211; <strong>Detector de Folgas<\/strong>:<br \/>\nutilizado rotineiramente em todas as nossas inspe\u00e7\u00f5es, o detector de folgas \u00e9 um equipamento hidr\u00e1ulico para identifica\u00e7\u00e3o de folgas no sistema de suspens\u00e3o e dire\u00e7\u00e3o, verificando o gasto das buchas e pinos dos bra\u00e7os da suspens\u00e3o.<\/p>\n<p style=\"text-align: justify;\"><strong>Teste de Alinhamento: <\/strong><br \/>\navalia\u00e7\u00e3o feita objetivando a completa verifica\u00e7\u00e3o do alinhamento das suspens\u00f5es do ve\u00edculo, identificando desvios laterais e problemas de alinhamento. para tal, nossas unidades de atendimento utilizam equipamento eletr\u00f4nicos de \u00faltima gera\u00e7\u00e3o, realizando a verifica\u00e7\u00e3o da suspens\u00e3o pelo m\u00e9todo &#8220;Eusama&#8221;, avaliando assim a ader\u00eancia superficial em % que indicar\u00e1 a estabilidade din\u00e2mica do ve\u00edculo em termos do efeito de amortecimento dos amortecedores bem como o sistema de tra\u00e7\u00e3o como um todo, incluindo avalia\u00e7\u00e3o de suspens\u00e3o, rolamentos, apoio de molas, pneus, etc. e ainda a freq\u00fc\u00eancia de resson\u00e2ncia em Hz, possibilitando indicar a denominada &#8220;falta de firmeza&#8221; da suspens\u00e3o.<\/p>\n<p style=\"text-align: justify;\"><strong>Teste de Freios<\/strong>:<br \/>\ntrata-se de um dinam\u00f4metro de rolos para verifica\u00e7\u00e3o da efici\u00eancia do freio de servi\u00e7o e freio de estacionamento.<br \/>\nEsts teste \u00e9 capaz de verificar tamb\u00e9m se existe desequil\u00edbrio entre as rodas durante as frenagens e se o tambor ou disco de freio est\u00e3o excessivamente ovalizados.<\/p>\n<p><strong>Teste de Far\u00f3is<\/strong>:<br \/>\nverifica a regulagem e a intensidade de luz dos far\u00f3is do ve\u00edculo.<\/p>\n<\/div><\/div>\n<hr \/>\n<div class=\"su-quote su-quote-style-default su-quote-has-cite\"><div class=\"su-quote-inner su-u-clearfix su-u-trim\">Inspe\u00e7\u00e3o veicular. Um procedimento simples e de baixo custo que pode salvar vidas<span class=\"su-quote-cite\">Nossas inspe\u00e7\u00f5es incluem Teste de Emiss\u00e3o de Gases poluentes!<\/span><\/div><\/div>.<\/p>\n<p><strong> PARA QUEM N\u00c3O ABRE M\u00c3O DE PRECIS\u00c3O E QUALIDADE EM VISTORIAS: <\/strong><\/p>\n<p><a href=\"http:\/\/vistoriagnv.com.br\/gnv\/wp-content\/uploads\/2014\/06\/ilustracao_vistoria05.png\"><img loading=\"lazy\" decoding=\"async\" class=\"alignleft size-thumbnail wp-image-234\" src=\"http:\/\/vistoriagnv.com.br\/gnv\/wp-content\/uploads\/2014\/06\/ilustracao_vistoria05-150x150.png\" alt=\"ilustracao_vistoria05\" width=\"150\" height=\"150\" \/><\/a>&#8211; Nossas unidades de atendimento possuem a acredita\u00e7\u00e3o do INMETRO para diversos servi\u00e7os de inspe\u00e7\u00e3o em ve\u00edculos e equipamentos<br \/>\n&#8211; Utilizamos um programa especial de inspe\u00e7\u00e3o PREVENTIVA e PERI\u00d3DICA, com base nos fundamentos da Inspe\u00e7\u00e3o &#8220;Baseada em Risco&#8221;, largamente utilizada na ind\u00fastria petroqu\u00edmica, visando atender as mais variadas necessidades e assegurar a confiabilidade e a seguran\u00e7a necess\u00e1rias e as condi\u00e7\u00f5es ideais de uso tanto do ve\u00edculo quanto dos equipamentos.<\/p>\n<p>vide abaixo um pouco mais sobre o programa de inspe\u00e7\u00e3o utilizados em nossas unidades:<\/p>\n<p><strong>INSPE\u00c7\u00c3O PREVENTIVA: <\/strong><\/p>\n<div class=\"su-spoiler su-spoiler-style-fancy su-spoiler-icon-chevron-circle\" data-scroll-offset=\"0\" data-anchor-in-url=\"no\"><div class=\"su-spoiler-title\" tabindex=\"0\" role=\"button\"><span class=\"su-spoiler-icon\"><\/span>Inspe\u00e7\u00e3o Preventiva e Inspe\u00e7\u00e3o Peri\u00f3dica:<\/div><div class=\"su-spoiler-content su-u-clearfix su-u-trim\">\n<p>Realizamos Inspe\u00e7\u00e3o Preventiva de Ve\u00edculos e Equipamentos peri\u00f3dicas e com os seguintes objetivos:<\/p>\n<ol>\n<li>Reduzir o n\u00famero de acidentes, quebras e perdas relacionadas ao desempenho de ve\u00edculos e equipamentos;<\/li>\n<li>Identificar falhas em componentes ou sistemas que possam resultar em acidentes ou incidentes operacionais;<\/li>\n<li>Estabelecer prioridades para a manuten\u00e7\u00e3o, identificando as situa\u00e7\u00f5es de maior risco;<\/li>\n<li>Verificar, ap\u00f3s o reparo, a efetividade da manuten\u00e7\u00e3o, podendo ser um dos indicadores de desempenho;<\/li>\n<li>Gerar informa\u00e7\u00f5es que possibilitam conhecer e selecionar os equipamentos e ve\u00edculos mais adequados \u00e0 necessidade;<\/li>\n<li>Fornecer dados concretos para a An\u00e1lise Preliminar de Riscos;<\/li>\n<li>Identificar perdas em fun\u00e7\u00e3o da utiliza\u00e7\u00e3o de equipamentos de forma inadequada ou fora das especifica\u00e7\u00f5es do fabricante;<\/li>\n<li>Identificar perdas de combust\u00edvel ou energia originadas por funcionamento irregular de motores;<\/li>\n<li>Estabelecer programas de renova\u00e7\u00e3o de frotas e equipamentos de subcontratados;<\/li>\n<li>Atender aos requisitos das normas de sistemas de gest\u00e3o e das normas regulamentadoras do Minist\u00e9rio do Trabalho.<\/li>\n<\/ol>\n<\/div><\/div>\n<hr \/>\n<p><strong>INSPE\u00c7\u00c3O PERI\u00d3DICA DE EMISS\u00c3O DE POLUENTES ( FUMA\u00c7A E RU\u00cdDO): <\/strong><\/p>\n<div class=\"su-spoiler su-spoiler-style-fancy su-spoiler-icon-chevron-circle\" data-scroll-offset=\"0\" data-anchor-in-url=\"no\"><div class=\"su-spoiler-title\" tabindex=\"0\" role=\"button\"><span class=\"su-spoiler-icon\"><\/span>Controle de emiss\u00f5es e redu\u00e7\u00e3o do consumo de combust\u00edvel e Lubrificantes:<\/div><div class=\"su-spoiler-content su-u-clearfix su-u-trim\">\n<p>Tal inspe\u00e7\u00e3o possui dentre seus principais objetivos o <strong>controle de emiss\u00f5es e redu\u00e7\u00e3o do consumo de combust\u00edvel e Lubrificantes<\/strong>, realizando:<\/p>\n<ol>\n<li>Inspe\u00e7\u00e3o de emiss\u00e3o de fuma\u00e7a conforme NBR-13037 &#8211; G\u00e1s de Escapamento Emitidos em acelera\u00e7\u00e3o Livre &#8211; Determina\u00e7\u00e3o da Opacidade;<\/li>\n<li>Inspe\u00e7\u00e3o Visual para verificar vazamentos aparentes de combust\u00edvel e de \u00f3leo lubrificante e hidr\u00e1ulico, viola\u00e7\u00e3o da bomba injetora, vazamentos e altera\u00e7\u00f5es do sistema de escapamento e do sistema de admiss\u00e3o de ar e retirada ou altera\u00e7\u00e3o de componentes originais do ve\u00edculo que influenciam diretamente na emiss\u00e3o de fuma\u00e7a, bem como se o ve\u00edculo apresenta emiss\u00e3o de fuma\u00e7a azul;<\/li>\n<li>Medi\u00e7\u00e3o do n\u00edvel de ru\u00eddo emitido pelo escapamento de ve\u00edculo na condi\u00e7\u00e3o parado conforme NBR-9714.<\/li>\n<\/ol>\n<\/div><\/div>\n<hr \/>\n<p><strong>INSPE\u00c7\u00c3O PREVENTIVA PELO MOTORISTA: <\/strong><\/p>\n<div class=\"su-spoiler su-spoiler-style-fancy su-spoiler-icon-chevron-circle\" data-scroll-offset=\"0\" data-anchor-in-url=\"no\"><div class=\"su-spoiler-title\" tabindex=\"0\" role=\"button\"><span class=\"su-spoiler-icon\"><\/span>Fa\u00e7a sempre inspe\u00e7\u00f5es peri\u00f3dicas  e preze pela pela seguran\u00e7a!:<\/div><div class=\"su-spoiler-content su-u-clearfix su-u-trim\">\n<p>Segundo o Departamento de Tr\u00e2nsito Americano, com uma inspe\u00e7\u00e3o simples de aproximadamente 10 minutos, feita pelo pr\u00f3prio motorista antes de cada viagem, reduz-se em mais de 50% as chances de paradas por problemas ou mesmo acidente<br \/>\n<\/div><\/div>\n<p>&nbsp;<\/p>\n<hr \/>\n<p>&nbsp;<\/p>\n<p>Alguns bons motivos para voc\u00ea escolher nossas unidades de atendimento\u00a0\u00a0na hora de fazer sua inspe\u00e7\u00e3o, se estiver\u00a0no Estado do Rio de Janeiro:<\/p>\n<ol>\n<li><strong>Capacidade t\u00e9cnica reconhecida:<\/strong>todas as Unidades de Atendimento s\u00e3o\u00a0acreditada pelo <strong>Inmetro<\/strong> e <strong>Denatran<\/strong> em v\u00e1rios servi\u00e7os de inspe\u00e7\u00e3o de ve\u00edculos e equipamentos de transporte, inclusive de produtos perigosos.<\/li>\n<li><strong>Experi\u00eancia<\/strong>: atuamos exclusivamente e em seguran\u00e7a veicular desde sua cria\u00e7\u00e3o, detendo v\u00e1rios atestados de capacidade t\u00e9cnica.<\/li>\n<li><strong>Independ\u00eancia e Imparcialidade<\/strong>: nossas unidades de atendimento\u00a0n\u00e3o realizam nem possuem\u00a0nenhum interesse em manuten\u00e7\u00e3o, projeto ou fabrica\u00e7\u00e3o dos itens que s\u00e3o inspecionados.<\/li>\n<li><strong>Habilita\u00e7\u00e3o legal<\/strong>: equipe t\u00e9cnica composta exclusivamente por T\u00e9cnicos e Engenheiros registrados no <a href=\"http:\/\/www.crea-rj.org.br\/\" target=\"_blank\"><strong>CREA<\/strong><\/a><\/li>\n<li><strong>Tecnologia<\/strong>: os aspectos da Inspe\u00e7\u00e3o Preventiva s\u00e3o estabelecidos e gerenciados atrav\u00e9s de software dedicado, para\u00a0ensaios e avalia\u00e7\u00f5es. Al\u00e9m disto, dispomos\u00a0de v\u00e1rios equipamentos com tecnologia de ponta para auxiliar nas avalia\u00e7\u00f5es mais complexas.<\/li>\n<li><strong>Conforto:<\/strong> s\u00e3o mais de 5 lojas em diferentes localiza\u00e7\u00f5es dentro do Rio de Janeiro para atender clientes e frotas\u00a0em um endere\u00e7o sempre perto de voc\u00ea ou de f\u00e1cil acesso!<\/li>\n<\/ol>\n<p>&nbsp;<\/p>\n<hr \/>\n<p><strong>Tome Nota: <\/strong><\/p>\n<div class=\"su-note\"  style=\"border-color:#d6d6d6;border-radius:3px;-moz-border-radius:3px;-webkit-border-radius:3px;\"><div class=\"su-note-inner su-u-clearfix su-u-trim\" style=\"background-color:#F0F0F0;border-color:#ffffff;color:#333333;border-radius:3px;-moz-border-radius:3px;-webkit-border-radius:3px;\"><strong>Inspe\u00e7\u00e3o de Motocicletas:<\/strong> \u00a0somente na Unidade de <a title=\"Jardim Am\u00e9rica\" href=\"http:\/\/vistoriagnv.com.br\/gnv\/index.php\/empresas-parceiras\/jardim-america\/\">Jardim Am\u00e9rica (Cotran)<\/a><\/div><\/div>\n<div class=\"su-note\"  style=\"border-color:#d6d6d6;border-radius:3px;-moz-border-radius:3px;-webkit-border-radius:3px;\"><div class=\"su-note-inner su-u-clearfix su-u-trim\" style=\"background-color:#F0F0F0;border-color:#ffffff;color:#333333;border-radius:3px;-moz-border-radius:3px;-webkit-border-radius:3px;\"><strong>Inspe\u00e7\u00e3o em ve\u00edculo pesados<\/strong>:\u00a0somente na\u00a0\u00a0unidade\u00a0\u00a0<a title=\"Jardim Am\u00e9rica\" href=\"http:\/\/vistoriagnv.com.br\/gnv\/index.php\/empresas-parceiras\/jardim-america\/\">Jardim Am\u00e9rica (Cotran)<\/a>.<\/div><\/div>\n","protected":false},"excerpt":{"rendered":"<p>Servi\u00e7os completos de inspe\u00e7\u00e3o veicular imprimindo ainda mais seguran\u00e7a e tranquilidade para voc\u00ea e sua frota! Inspe\u00e7\u00e3o Veicular: seu ve\u00edculo mais seguro!: A seguran\u00e7a veicular \u00e9 uma das maiores conquistas das leis de tr\u00e2nsito atualmente em vigor no Pa\u00eds. Estabelecendo regras para o uso civilizado dos meios e vias de transporte, a legisla\u00e7\u00e3o vai muito&#8230;<\/p>\n","protected":false},"author":1,"featured_media":582,"parent":3,"menu_order":3,"comment_status":"closed","ping_status":"closed","template":"","meta":{"footnotes":""},"class_list":["post-22","page","type-page","status-publish","has-post-thumbnail","hentry"],"yoast_head":"<!-- This site is optimized with the Yoast SEO plugin v24.8.1 - https:\/\/yoast.com\/wordpress\/plugins\/seo\/ -->\n<title>VISTORIA GNV -- GOLD INSPE\u00c7\u00d5ES VEICULARES RJ - ACREDITA\u00c7\u00c3O INMETRO E DENATRAN<\/title>\n<meta name=\"description\" content=\"Vistoria GNV Acreditada pelo INMETRO e DENATRAN, centro de Inspe\u00e7\u00e3o Veicular incluindo inspe\u00e7\u00e3o veicular em ve\u00edculos convertidos ao uso do G\u00e1s Natural Veicular (GNV), vistoria de seguran\u00e7a em ve\u00edculos recuperados de sinistro e vistoria de fabrica\u00e7\u00e3o pr\u00f3pria e ve\u00edculos transformados, vistorias em ve\u00edculos de passeio, caminh\u00f5es, vans, \u00f4nibus, pickup, picapes, acredita\u00e7\u00e3o Inmetro e Denatran\" \/>\n<meta name=\"robots\" content=\"index, follow, max-snippet:-1, max-image-preview:large, max-video-preview:-1\" \/>\n<link rel=\"canonical\" href=\"https:\/\/vistoriagnv.com.br\/gnv\/index.php\/servicos\/inspecao-veicular\/\" \/>\n<meta property=\"og:locale\" content=\"pt_BR\" \/>\n<meta property=\"og:type\" content=\"article\" \/>\n<meta property=\"og:title\" content=\"VISTORIA GNV -- GOLD INSPE\u00c7\u00d5ES VEICULARES RJ - ACREDITA\u00c7\u00c3O INMETRO E DENATRAN\" \/>\n<meta property=\"og:description\" content=\"Vistoria GNV Acreditada pelo INMETRO e DENATRAN, centro de Inspe\u00e7\u00e3o Veicular incluindo inspe\u00e7\u00e3o veicular em ve\u00edculos convertidos ao uso do G\u00e1s Natural Veicular (GNV), vistoria de seguran\u00e7a em ve\u00edculos recuperados de sinistro e vistoria de fabrica\u00e7\u00e3o pr\u00f3pria e ve\u00edculos transformados, vistorias em ve\u00edculos de passeio, caminh\u00f5es, vans, \u00f4nibus, pickup, picapes, acredita\u00e7\u00e3o Inmetro e Denatran\" \/>\n<meta property=\"og:url\" content=\"https:\/\/vistoriagnv.com.br\/gnv\/index.php\/servicos\/inspecao-veicular\/\" \/>\n<meta property=\"og:site_name\" content=\"VISTORIA GNV\" \/>\n<meta property=\"article:modified_time\" content=\"2020-02-05T18:19:15+00:00\" \/>\n<meta property=\"og:image\" content=\"https:\/\/vistoriagnv.com.br\/gnv\/wp-content\/uploads\/2014\/06\/capa-inspecao.jpg\" \/>\n\t<meta property=\"og:image:width\" content=\"400\" \/>\n\t<meta property=\"og:image:height\" content=\"300\" \/>\n\t<meta property=\"og:image:type\" content=\"image\/jpeg\" \/>\n<meta name=\"twitter:label1\" content=\"Est. tempo de leitura\" \/>\n\t<meta name=\"twitter:data1\" content=\"7 minutos\" \/>\n<script type=\"application\/ld+json\" class=\"yoast-schema-graph\">{\"@context\":\"https:\/\/schema.org\",\"@graph\":[{\"@type\":\"WebPage\",\"@id\":\"https:\/\/vistoriagnv.com.br\/gnv\/index.php\/servicos\/inspecao-veicular\/\",\"url\":\"https:\/\/vistoriagnv.com.br\/gnv\/index.php\/servicos\/inspecao-veicular\/\",\"name\":\"VISTORIA GNV -- GOLD INSPE\u00c7\u00d5ES VEICULARES RJ - ACREDITA\u00c7\u00c3O INMETRO E DENATRAN\",\"isPartOf\":{\"@id\":\"https:\/\/vistoriagnv.com.br\/gnv\/#website\"},\"primaryImageOfPage\":{\"@id\":\"https:\/\/vistoriagnv.com.br\/gnv\/index.php\/servicos\/inspecao-veicular\/#primaryimage\"},\"image\":{\"@id\":\"https:\/\/vistoriagnv.com.br\/gnv\/index.php\/servicos\/inspecao-veicular\/#primaryimage\"},\"thumbnailUrl\":\"https:\/\/vistoriagnv.com.br\/gnv\/wp-content\/uploads\/2014\/06\/capa-inspecao.jpg\",\"datePublished\":\"2014-06-02T19:35:04+00:00\",\"dateModified\":\"2020-02-05T18:19:15+00:00\",\"description\":\"Vistoria GNV Acreditada pelo INMETRO e DENATRAN, centro de Inspe\u00e7\u00e3o Veicular incluindo inspe\u00e7\u00e3o veicular em ve\u00edculos convertidos ao uso do G\u00e1s Natural Veicular (GNV), vistoria de seguran\u00e7a em ve\u00edculos recuperados de sinistro e vistoria de fabrica\u00e7\u00e3o pr\u00f3pria e ve\u00edculos transformados, vistorias em ve\u00edculos de passeio, caminh\u00f5es, vans, \u00f4nibus, pickup, picapes, acredita\u00e7\u00e3o Inmetro e Denatran\",\"breadcrumb\":{\"@id\":\"https:\/\/vistoriagnv.com.br\/gnv\/index.php\/servicos\/inspecao-veicular\/#breadcrumb\"},\"inLanguage\":\"pt-BR\",\"potentialAction\":[{\"@type\":\"ReadAction\",\"target\":[\"https:\/\/vistoriagnv.com.br\/gnv\/index.php\/servicos\/inspecao-veicular\/\"]}]},{\"@type\":\"ImageObject\",\"inLanguage\":\"pt-BR\",\"@id\":\"https:\/\/vistoriagnv.com.br\/gnv\/index.php\/servicos\/inspecao-veicular\/#primaryimage\",\"url\":\"https:\/\/vistoriagnv.com.br\/gnv\/wp-content\/uploads\/2014\/06\/capa-inspecao.jpg\",\"contentUrl\":\"https:\/\/vistoriagnv.com.br\/gnv\/wp-content\/uploads\/2014\/06\/capa-inspecao.jpg\",\"width\":400,\"height\":300,\"caption\":\"Inspecao veicular\"},{\"@type\":\"BreadcrumbList\",\"@id\":\"https:\/\/vistoriagnv.com.br\/gnv\/index.php\/servicos\/inspecao-veicular\/#breadcrumb\",\"itemListElement\":[{\"@type\":\"ListItem\",\"position\":1,\"name\":\"In\u00edcio\",\"item\":\"https:\/\/vistoriagnv.com.br\/gnv\/\"},{\"@type\":\"ListItem\",\"position\":2,\"name\":\"Servi\u00e7os\",\"item\":\"https:\/\/vistoriagnv.com.br\/gnv\/index.php\/servicos\/\"},{\"@type\":\"ListItem\",\"position\":3,\"name\":\"Inspe\u00e7\u00e3o Veicular\"}]},{\"@type\":\"WebSite\",\"@id\":\"https:\/\/vistoriagnv.com.br\/gnv\/#website\",\"url\":\"https:\/\/vistoriagnv.com.br\/gnv\/\",\"name\":\"VISTORIA GNV\",\"description\":\"Postos de Vistoria Veicular GNV no Rio de janeiro\",\"potentialAction\":[{\"@type\":\"SearchAction\",\"target\":{\"@type\":\"EntryPoint\",\"urlTemplate\":\"https:\/\/vistoriagnv.com.br\/gnv\/?s={search_term_string}\"},\"query-input\":{\"@type\":\"PropertyValueSpecification\",\"valueRequired\":true,\"valueName\":\"search_term_string\"}}],\"inLanguage\":\"pt-BR\"}]}<\/script>\n<!-- \/ Yoast SEO plugin. -->","yoast_head_json":{"title":"VISTORIA GNV -- GOLD INSPE\u00c7\u00d5ES VEICULARES RJ - ACREDITA\u00c7\u00c3O INMETRO E DENATRAN","description":"Vistoria GNV Acreditada pelo INMETRO e DENATRAN, centro de Inspe\u00e7\u00e3o Veicular incluindo inspe\u00e7\u00e3o veicular em ve\u00edculos convertidos ao uso do G\u00e1s Natural Veicular (GNV), vistoria de seguran\u00e7a em ve\u00edculos recuperados de sinistro e vistoria de fabrica\u00e7\u00e3o pr\u00f3pria e ve\u00edculos transformados, vistorias em ve\u00edculos de passeio, caminh\u00f5es, vans, \u00f4nibus, pickup, picapes, acredita\u00e7\u00e3o Inmetro e Denatran","robots":{"index":"index","follow":"follow","max-snippet":"max-snippet:-1","max-image-preview":"max-image-preview:large","max-video-preview":"max-video-preview:-1"},"canonical":"https:\/\/vistoriagnv.com.br\/gnv\/index.php\/servicos\/inspecao-veicular\/","og_locale":"pt_BR","og_type":"article","og_title":"VISTORIA GNV -- GOLD INSPE\u00c7\u00d5ES VEICULARES RJ - ACREDITA\u00c7\u00c3O INMETRO E DENATRAN","og_description":"Vistoria GNV Acreditada pelo INMETRO e DENATRAN, centro de Inspe\u00e7\u00e3o Veicular incluindo inspe\u00e7\u00e3o veicular em ve\u00edculos convertidos ao uso do G\u00e1s Natural Veicular (GNV), vistoria de seguran\u00e7a em ve\u00edculos recuperados de sinistro e vistoria de fabrica\u00e7\u00e3o pr\u00f3pria e ve\u00edculos transformados, vistorias em ve\u00edculos de passeio, caminh\u00f5es, vans, \u00f4nibus, pickup, picapes, acredita\u00e7\u00e3o Inmetro e Denatran","og_url":"https:\/\/vistoriagnv.com.br\/gnv\/index.php\/servicos\/inspecao-veicular\/","og_site_name":"VISTORIA GNV","article_modified_time":"2020-02-05T18:19:15+00:00","og_image":[{"width":400,"height":300,"url":"https:\/\/vistoriagnv.com.br\/gnv\/wp-content\/uploads\/2014\/06\/capa-inspecao.jpg","type":"image\/jpeg"}],"twitter_misc":{"Est. tempo de leitura":"7 minutos"},"schema":{"@context":"https:\/\/schema.org","@graph":[{"@type":"WebPage","@id":"https:\/\/vistoriagnv.com.br\/gnv\/index.php\/servicos\/inspecao-veicular\/","url":"https:\/\/vistoriagnv.com.br\/gnv\/index.php\/servicos\/inspecao-veicular\/","name":"VISTORIA GNV -- GOLD INSPE\u00c7\u00d5ES VEICULARES RJ - ACREDITA\u00c7\u00c3O INMETRO E DENATRAN","isPartOf":{"@id":"https:\/\/vistoriagnv.com.br\/gnv\/#website"},"primaryImageOfPage":{"@id":"https:\/\/vistoriagnv.com.br\/gnv\/index.php\/servicos\/inspecao-veicular\/#primaryimage"},"image":{"@id":"https:\/\/vistoriagnv.com.br\/gnv\/index.php\/servicos\/inspecao-veicular\/#primaryimage"},"thumbnailUrl":"https:\/\/vistoriagnv.com.br\/gnv\/wp-content\/uploads\/2014\/06\/capa-inspecao.jpg","datePublished":"2014-06-02T19:35:04+00:00","dateModified":"2020-02-05T18:19:15+00:00","description":"Vistoria GNV Acreditada pelo INMETRO e DENATRAN, centro de Inspe\u00e7\u00e3o Veicular incluindo inspe\u00e7\u00e3o veicular em ve\u00edculos convertidos ao uso do G\u00e1s Natural Veicular (GNV), vistoria de seguran\u00e7a em ve\u00edculos recuperados de sinistro e vistoria de fabrica\u00e7\u00e3o pr\u00f3pria e ve\u00edculos transformados, vistorias em ve\u00edculos de passeio, caminh\u00f5es, vans, \u00f4nibus, pickup, picapes, acredita\u00e7\u00e3o Inmetro e Denatran","breadcrumb":{"@id":"https:\/\/vistoriagnv.com.br\/gnv\/index.php\/servicos\/inspecao-veicular\/#breadcrumb"},"inLanguage":"pt-BR","potentialAction":[{"@type":"ReadAction","target":["https:\/\/vistoriagnv.com.br\/gnv\/index.php\/servicos\/inspecao-veicular\/"]}]},{"@type":"ImageObject","inLanguage":"pt-BR","@id":"https:\/\/vistoriagnv.com.br\/gnv\/index.php\/servicos\/inspecao-veicular\/#primaryimage","url":"https:\/\/vistoriagnv.com.br\/gnv\/wp-content\/uploads\/2014\/06\/capa-inspecao.jpg","contentUrl":"https:\/\/vistoriagnv.com.br\/gnv\/wp-content\/uploads\/2014\/06\/capa-inspecao.jpg","width":400,"height":300,"caption":"Inspecao veicular"},{"@type":"BreadcrumbList","@id":"https:\/\/vistoriagnv.com.br\/gnv\/index.php\/servicos\/inspecao-veicular\/#breadcrumb","itemListElement":[{"@type":"ListItem","position":1,"name":"In\u00edcio","item":"https:\/\/vistoriagnv.com.br\/gnv\/"},{"@type":"ListItem","position":2,"name":"Servi\u00e7os","item":"https:\/\/vistoriagnv.com.br\/gnv\/index.php\/servicos\/"},{"@type":"ListItem","position":3,"name":"Inspe\u00e7\u00e3o Veicular"}]},{"@type":"WebSite","@id":"https:\/\/vistoriagnv.com.br\/gnv\/#website","url":"https:\/\/vistoriagnv.com.br\/gnv\/","name":"VISTORIA GNV","description":"Postos de Vistoria Veicular GNV no Rio de janeiro","potentialAction":[{"@type":"SearchAction","target":{"@type":"EntryPoint","urlTemplate":"https:\/\/vistoriagnv.com.br\/gnv\/?s={search_term_string}"},"query-input":{"@type":"PropertyValueSpecification","valueRequired":true,"valueName":"search_term_string"}}],"inLanguage":"pt-BR"}]}},"_links":{"self":[{"href":"https:\/\/vistoriagnv.com.br\/gnv\/index.php\/wp-json\/wp\/v2\/pages\/22","targetHints":{"allow":["GET"]}}],"collection":[{"href":"https:\/\/vistoriagnv.com.br\/gnv\/index.php\/wp-json\/wp\/v2\/pages"}],"about":[{"href":"https:\/\/vistoriagnv.com.br\/gnv\/index.php\/wp-json\/wp\/v2\/types\/page"}],"author":[{"embeddable":true,"href":"https:\/\/vistoriagnv.com.br\/gnv\/index.php\/wp-json\/wp\/v2\/users\/1"}],"replies":[{"embeddable":true,"href":"https:\/\/vistoriagnv.com.br\/gnv\/index.php\/wp-json\/wp\/v2\/comments?post=22"}],"version-history":[{"count":30,"href":"https:\/\/vistoriagnv.com.br\/gnv\/index.php\/wp-json\/wp\/v2\/pages\/22\/revisions"}],"predecessor-version":[{"id":800,"href":"https:\/\/vistoriagnv.com.br\/gnv\/index.php\/wp-json\/wp\/v2\/pages\/22\/revisions\/800"}],"up":[{"embeddable":true,"href":"https:\/\/vistoriagnv.com.br\/gnv\/index.php\/wp-json\/wp\/v2\/pages\/3"}],"wp:featuredmedia":[{"embeddable":true,"href":"https:\/\/vistoriagnv.com.br\/gnv\/index.php\/wp-json\/wp\/v2\/media\/582"}],"wp:attachment":[{"href":"https:\/\/vistoriagnv.com.br\/gnv\/index.php\/wp-json\/wp\/v2\/media?parent=22"}],"curies":[{"name":"wp","href":"https:\/\/api.w.org\/{rel}","templated":true}]}}