{"id":24,"date":"2014-06-02T19:37:20","date_gmt":"2014-06-02T19:37:20","guid":{"rendered":"http:\/\/vistoriagnv.com.br\/gnv\/?page_id=24"},"modified":"2020-02-05T18:19:48","modified_gmt":"2020-02-05T18:19:48","slug":"recuperados-em-sinistros","status":"publish","type":"page","link":"https:\/\/vistoriagnv.com.br\/gnv\/index.php\/servicos\/recuperados-em-sinistros\/","title":{"rendered":"Recuperados em Sinistros"},"content":{"rendered":"<p>Atuamos com inspe\u00e7\u00e3o obrigat\u00f3ria determinados pelo Detran na reabilita\u00e7\u00e3o de ve\u00edculos recuperados de sinistro.<\/p>\n<hr \/>\n<p><strong>Inspe\u00e7\u00e3o em ve\u00edculos recuperados de sinistros e bloqueados:<\/strong><\/p>\n<p style=\"text-align: justify;\"><a href=\"http:\/\/vistoriagnv.com.br\/gnv\/wp-content\/uploads\/2014\/06\/capa-recuperado1.jpg\"><img loading=\"lazy\" decoding=\"async\" class=\"alignleft wp-image-662 size-thumbnail\" src=\"http:\/\/vistoriagnv.com.br\/gnv\/wp-content\/uploads\/2014\/06\/capa-recuperado1-150x150.jpg\" alt=\"capa-recuperado\" width=\"150\" height=\"150\" \/><\/a>Se o seu carro teve o documento bloqueado ap\u00f3s ter se envolvido em acidente ou leil\u00e3o, por exemplo, carro retomado de financiamento. \u00e9 porque a nova Legisla\u00e7\u00e3o de Tr\u00e2nsito estabelece que ele s\u00f3 poder\u00e1 retornar \u00e0 circula\u00e7\u00e3o depois de ser aprovado em uma Inspe\u00e7\u00e3o de Seguran\u00e7a.<br \/>\nPara regularizar a situa\u00e7\u00e3o do ve\u00edculo, ap\u00f3s o conserto, basta apresenta-lo para inspe\u00e7\u00e3o em uma de nossas <a title=\"Nossas Lojas\" href=\"http:\/\/vistoriagnv.com.br\/gnv\/index.php\/empresas-parceiras\/\">unidades de atendimento<\/a>.<br \/>\nSer\u00e3o avaliados os sistemas de dire\u00e7\u00e3o, freios, suspens\u00e3o, carro\u00e7aria, ilumina\u00e7\u00e3o, pneus, rodas e componentes obrigat\u00f3rios.<\/p>\n<p><strong>E se o ve\u00edculo for aprovado?<\/strong><br \/>\nSendo aprovado, \u00e9 emitido um Certificado de Seguran\u00e7a Veicular que possibilita o desbloqueio do documento do ve\u00edculo &#8211; n\u00e3o esque\u00e7a de lev\u00e1-lo quando for fazer a inspe\u00e7\u00e3o.<\/p>\n<p><strong>E\u00a0se o ve\u00edculo for reprovado?<\/strong><br \/>\nSe o ve\u00edculo for reprovado, recebe o Relat\u00f3rio de Inspe\u00e7\u00e3o contendo a lista para as corre\u00e7\u00f5es. Ap\u00f3s o conserto o ve\u00edculo deve retornar para uma nova inspe\u00e7\u00e3o dos itens reprovados.<\/p>\n<div class=\"su-spoiler su-spoiler-style-fancy su-spoiler-icon-chevron-circle\" data-scroll-offset=\"0\" data-anchor-in-url=\"no\"><div class=\"su-spoiler-title\" tabindex=\"0\" role=\"button\"><span class=\"su-spoiler-icon\"><\/span>Conhe\u00e7a os defeitos mais comuns detectados em recuperados de sinistro:<\/div><div class=\"su-spoiler-content su-u-clearfix su-u-trim\">\n<p><strong>Defeitos mais comuns detectados em recuperados de sinistro<\/strong>:<\/p>\n<p>&nbsp;<\/p>\n<ul>\n<li>Mudan\u00e7a de Carroceria;<\/li>\n<li>Extintor de inc\u00eandio vencido ou inexistente;<\/li>\n<li>Bateria sem prote\u00e7\u00e3o contra curto-circuito;<\/li>\n<li>Desequil\u00edbrio no freio de servi\u00e7o;<\/li>\n<li>Lavador de p\u00e1ra-brisa n\u00e3o funciona;<\/li>\n<li>Desalinhamento na suspens\u00e3o (desvio lateral);<\/li>\n<li>Desequil\u00edbrio no freio de estacionamento;<\/li>\n<li>Luz da placa n\u00e3o funciona ou inexistente;<\/li>\n<li>Bateria mal fixada;<\/li>\n<li>Freio de estacionamento com baixa efici\u00eancia;<\/li>\n<li>Farol desregulado ou queimado;<\/li>\n<li>Freio de servi\u00e7o com baixa efici\u00eancia;<\/li>\n<li>Falta de cinto de seguran\u00e7a ou n\u00e3o funciona;<\/li>\n<li>Bra\u00e7os da Suspens\u00e3o com folga excessiva;<\/li>\n<li>Luz de freio n\u00e3o funciona;<\/li>\n<li>Lanterna n\u00e3o funciona;<\/li>\n<li>Banco sem trava de seguran\u00e7a;<\/li>\n<li>Banco com fixa\u00e7\u00e3o inadequada;<\/li>\n<li>Luz alta n\u00e3o funciona;<\/li>\n<li>Luz de marcha-\u00e0-r\u00e9 n\u00e3o funciona;<\/li>\n<li>Buzina n\u00e3o funciona;<\/li>\n<li>Lanternas com cores inadequadas;<\/li>\n<li>Coifa homocin\u00e9tica com problemas;<\/li>\n<li>Pedais sem prote\u00e7\u00e3o de borracha;<\/li>\n<li>Painel de instrumentos n\u00e3o funciona;<\/li>\n<li>Pneu com desgaste excessivo;<\/li>\n<li>Diferen\u00e7a de ader\u00eancia entre os lados do ve\u00edculo;<\/li>\n<li>Fecho da porta com problemas;<\/li>\n<li>Indicador de luz alta n\u00e3o funciona;<\/li>\n<li>Falta tri\u00e2ngulo de seguran\u00e7a;<\/li>\n<li>P\u00e1ra-choque irregular;<\/li>\n<li>Mangueira de combust\u00edvel vazando;<\/li>\n<li>Falta fecho interno;<\/li>\n<li>Falta cinta de prote\u00e7\u00e3o do card\u00e3;<\/li>\n<li>Falta macaco e\/ou chave de roda;<\/li>\n<li>Cambio com engrenamento dif\u00edcil;<\/li>\n<li>Para-brisa trincado;<\/li>\n<li>Fecho do cinto de seguran\u00e7a n\u00e3o funciona;<\/li>\n<li>Amortecedor com funcionamento inadequado;<\/li>\n<li>Porta-luvas n\u00e3o trava;<\/li>\n<li>Fecho do capo do motor com problemas;<\/li>\n<li>Indicador de combust\u00edvel n\u00e3o funciona;<\/li>\n<li>Pneus transpondo os p\u00e1ra-lamas;<\/li>\n<li>Agregado com recupera\u00e7\u00e3o por solda;<\/li>\n<li>Porta-malas com dificuldade de abertura;<\/li>\n<li>Fixa\u00e7\u00e3o inadequada do cinto de seguran\u00e7a;<\/li>\n<li>Trincas nas travessas do chassi;<\/li>\n<li>L\u00e2mina de mola quebrada;<\/li>\n<li>Roda com porca faltando;<\/li>\n<li>Fixa\u00e7\u00e3o do escapamento deficiente;<\/li>\n<li>Pneus com medidas e tipos diferentes no mesmo eixo;<\/li>\n<li>Retrovisor quebrado;<\/li>\n<li>Roda trincada;<\/li>\n<li>Sistema el\u00e9trico com problemas;<\/li>\n<li>Limpador de p\u00e1ra-brisa n\u00e3o funciona;<\/li>\n<li>Vazamento no sistema de freio.<\/li>\n<\/ul>\n<\/div><\/div>\n<a href=\"http:\/\/vistoriagnv.com.br\/gnv\/index.php\/agendar-vistoria\/\" class=\"su-button su-button-style-default\" style=\"color:#FFFFFF;background-color:#1EB0BC;border-color:#188d97;border-radius:5px\" target=\"_self\"><span style=\"color:#FFFFFF;padding:6px 16px;font-size:13px;line-height:20px;border-color:#62c8d1;border-radius:5px;text-shadow:none\"><i class=\"sui sui-edit\" style=\"font-size:13px;color:#FFFFFF\"><\/i> Agende uma inspe\u00e7\u00e3o<\/span><\/a>\n<p>Agende um hor\u00e1rio para sua inspe\u00e7\u00e3o em uma de nossas unidades mais pr\u00f3ximas: ser\u00e1 uma enorme satisfa\u00e7\u00e3o orient\u00e1-lo e prestar servi\u00e7os de vistoria para seu ve\u00edculo recuperado!<\/p>\n","protected":false},"excerpt":{"rendered":"<p>Atuamos com inspe\u00e7\u00e3o obrigat\u00f3ria determinados pelo Detran na reabilita\u00e7\u00e3o de ve\u00edculos recuperados de sinistro. Inspe\u00e7\u00e3o em ve\u00edculos recuperados de sinistros e bloqueados: Se o seu carro teve o documento bloqueado ap\u00f3s ter se envolvido em acidente ou leil\u00e3o, por exemplo, carro retomado de financiamento. \u00e9 porque a nova Legisla\u00e7\u00e3o de Tr\u00e2nsito estabelece que ele s\u00f3&#8230;<\/p>\n","protected":false},"author":1,"featured_media":592,"parent":3,"menu_order":4,"comment_status":"closed","ping_status":"closed","template":"","meta":{"footnotes":""},"class_list":["post-24","page","type-page","status-publish","has-post-thumbnail","hentry"],"yoast_head":"<!-- This site is optimized with the Yoast SEO plugin v24.8.1 - https:\/\/yoast.com\/wordpress\/plugins\/seo\/ -->\n<title>VISTORIA GNV -- GOLD INSPE\u00c7\u00d5ES VEICULARES RJ - ACREDITA\u00c7\u00c3O INMETRO E DENATRAN<\/title>\n<meta name=\"description\" content=\"Vistoria GNV Acreditada pelo INMETRO e DENATRAN, centro de Inspe\u00e7\u00e3o Veicular incluindo inspe\u00e7\u00e3o veicular em ve\u00edculos convertidos ao uso do G\u00e1s Natural Veicular (GNV), vistoria de seguran\u00e7a em ve\u00edculos recuperados de sinistro e vistoria de fabrica\u00e7\u00e3o pr\u00f3pria e ve\u00edculos transformados, vistorias em ve\u00edculos de passeio, caminh\u00f5es, vans, \u00f4nibus, pickup, picapes, acredita\u00e7\u00e3o Inmetro e Denatran\" \/>\n<meta name=\"robots\" content=\"index, follow, max-snippet:-1, max-image-preview:large, max-video-preview:-1\" \/>\n<link rel=\"canonical\" href=\"https:\/\/vistoriagnv.com.br\/gnv\/index.php\/servicos\/recuperados-em-sinistros\/\" \/>\n<meta property=\"og:locale\" content=\"pt_BR\" \/>\n<meta property=\"og:type\" content=\"article\" \/>\n<meta property=\"og:title\" content=\"VISTORIA GNV -- GOLD INSPE\u00c7\u00d5ES VEICULARES RJ - ACREDITA\u00c7\u00c3O INMETRO E DENATRAN\" \/>\n<meta property=\"og:description\" content=\"Vistoria GNV Acreditada pelo INMETRO e DENATRAN, centro de Inspe\u00e7\u00e3o Veicular incluindo inspe\u00e7\u00e3o veicular em ve\u00edculos convertidos ao uso do G\u00e1s Natural Veicular (GNV), vistoria de seguran\u00e7a em ve\u00edculos recuperados de sinistro e vistoria de fabrica\u00e7\u00e3o pr\u00f3pria e ve\u00edculos transformados, vistorias em ve\u00edculos de passeio, caminh\u00f5es, vans, \u00f4nibus, pickup, picapes, acredita\u00e7\u00e3o Inmetro e Denatran\" \/>\n<meta property=\"og:url\" content=\"https:\/\/vistoriagnv.com.br\/gnv\/index.php\/servicos\/recuperados-em-sinistros\/\" \/>\n<meta property=\"og:site_name\" content=\"VISTORIA GNV\" \/>\n<meta property=\"article:modified_time\" content=\"2020-02-05T18:19:48+00:00\" \/>\n<meta property=\"og:image\" content=\"https:\/\/vistoriagnv.com.br\/gnv\/wp-content\/uploads\/2014\/06\/capa-recuperado.jpg\" \/>\n\t<meta property=\"og:image:width\" content=\"400\" \/>\n\t<meta property=\"og:image:height\" content=\"300\" \/>\n\t<meta property=\"og:image:type\" content=\"image\/jpeg\" \/>\n<meta name=\"twitter:label1\" content=\"Est. tempo de leitura\" \/>\n\t<meta name=\"twitter:data1\" content=\"3 minutos\" \/>\n<script type=\"application\/ld+json\" class=\"yoast-schema-graph\">{\"@context\":\"https:\/\/schema.org\",\"@graph\":[{\"@type\":\"WebPage\",\"@id\":\"https:\/\/vistoriagnv.com.br\/gnv\/index.php\/servicos\/recuperados-em-sinistros\/\",\"url\":\"https:\/\/vistoriagnv.com.br\/gnv\/index.php\/servicos\/recuperados-em-sinistros\/\",\"name\":\"VISTORIA GNV -- GOLD INSPE\u00c7\u00d5ES VEICULARES RJ - ACREDITA\u00c7\u00c3O INMETRO E DENATRAN\",\"isPartOf\":{\"@id\":\"https:\/\/vistoriagnv.com.br\/gnv\/#website\"},\"primaryImageOfPage\":{\"@id\":\"https:\/\/vistoriagnv.com.br\/gnv\/index.php\/servicos\/recuperados-em-sinistros\/#primaryimage\"},\"image\":{\"@id\":\"https:\/\/vistoriagnv.com.br\/gnv\/index.php\/servicos\/recuperados-em-sinistros\/#primaryimage\"},\"thumbnailUrl\":\"https:\/\/vistoriagnv.com.br\/gnv\/wp-content\/uploads\/2014\/06\/capa-recuperado.jpg\",\"datePublished\":\"2014-06-02T19:37:20+00:00\",\"dateModified\":\"2020-02-05T18:19:48+00:00\",\"description\":\"Vistoria GNV Acreditada pelo INMETRO e DENATRAN, centro de Inspe\u00e7\u00e3o Veicular incluindo inspe\u00e7\u00e3o veicular em ve\u00edculos convertidos ao uso do G\u00e1s Natural Veicular (GNV), vistoria de seguran\u00e7a em ve\u00edculos recuperados de sinistro e vistoria de fabrica\u00e7\u00e3o pr\u00f3pria e ve\u00edculos transformados, vistorias em ve\u00edculos de passeio, caminh\u00f5es, vans, \u00f4nibus, pickup, picapes, acredita\u00e7\u00e3o Inmetro e Denatran\",\"breadcrumb\":{\"@id\":\"https:\/\/vistoriagnv.com.br\/gnv\/index.php\/servicos\/recuperados-em-sinistros\/#breadcrumb\"},\"inLanguage\":\"pt-BR\",\"potentialAction\":[{\"@type\":\"ReadAction\",\"target\":[\"https:\/\/vistoriagnv.com.br\/gnv\/index.php\/servicos\/recuperados-em-sinistros\/\"]}]},{\"@type\":\"ImageObject\",\"inLanguage\":\"pt-BR\",\"@id\":\"https:\/\/vistoriagnv.com.br\/gnv\/index.php\/servicos\/recuperados-em-sinistros\/#primaryimage\",\"url\":\"https:\/\/vistoriagnv.com.br\/gnv\/wp-content\/uploads\/2014\/06\/capa-recuperado.jpg\",\"contentUrl\":\"https:\/\/vistoriagnv.com.br\/gnv\/wp-content\/uploads\/2014\/06\/capa-recuperado.jpg\",\"width\":400,\"height\":300,\"caption\":\"Vistoria em ve\u00edculos Recuperados de Sinistro\"},{\"@type\":\"BreadcrumbList\",\"@id\":\"https:\/\/vistoriagnv.com.br\/gnv\/index.php\/servicos\/recuperados-em-sinistros\/#breadcrumb\",\"itemListElement\":[{\"@type\":\"ListItem\",\"position\":1,\"name\":\"In\u00edcio\",\"item\":\"https:\/\/vistoriagnv.com.br\/gnv\/\"},{\"@type\":\"ListItem\",\"position\":2,\"name\":\"Servi\u00e7os\",\"item\":\"https:\/\/vistoriagnv.com.br\/gnv\/index.php\/servicos\/\"},{\"@type\":\"ListItem\",\"position\":3,\"name\":\"Recuperados em Sinistros\"}]},{\"@type\":\"WebSite\",\"@id\":\"https:\/\/vistoriagnv.com.br\/gnv\/#website\",\"url\":\"https:\/\/vistoriagnv.com.br\/gnv\/\",\"name\":\"VISTORIA GNV\",\"description\":\"Postos de Vistoria Veicular GNV no Rio de janeiro\",\"potentialAction\":[{\"@type\":\"SearchAction\",\"target\":{\"@type\":\"EntryPoint\",\"urlTemplate\":\"https:\/\/vistoriagnv.com.br\/gnv\/?s={search_term_string}\"},\"query-input\":{\"@type\":\"PropertyValueSpecification\",\"valueRequired\":true,\"valueName\":\"search_term_string\"}}],\"inLanguage\":\"pt-BR\"}]}<\/script>\n<!-- \/ Yoast SEO plugin. -->","yoast_head_json":{"title":"VISTORIA GNV -- GOLD INSPE\u00c7\u00d5ES VEICULARES RJ - ACREDITA\u00c7\u00c3O INMETRO E DENATRAN","description":"Vistoria GNV Acreditada pelo INMETRO e DENATRAN, centro de Inspe\u00e7\u00e3o Veicular incluindo inspe\u00e7\u00e3o veicular em ve\u00edculos convertidos ao uso do G\u00e1s Natural Veicular (GNV), vistoria de seguran\u00e7a em ve\u00edculos recuperados de sinistro e vistoria de fabrica\u00e7\u00e3o pr\u00f3pria e ve\u00edculos transformados, vistorias em ve\u00edculos de passeio, caminh\u00f5es, vans, \u00f4nibus, pickup, picapes, acredita\u00e7\u00e3o Inmetro e Denatran","robots":{"index":"index","follow":"follow","max-snippet":"max-snippet:-1","max-image-preview":"max-image-preview:large","max-video-preview":"max-video-preview:-1"},"canonical":"https:\/\/vistoriagnv.com.br\/gnv\/index.php\/servicos\/recuperados-em-sinistros\/","og_locale":"pt_BR","og_type":"article","og_title":"VISTORIA GNV -- GOLD INSPE\u00c7\u00d5ES VEICULARES RJ - ACREDITA\u00c7\u00c3O INMETRO E DENATRAN","og_description":"Vistoria GNV Acreditada pelo INMETRO e DENATRAN, centro de Inspe\u00e7\u00e3o Veicular incluindo inspe\u00e7\u00e3o veicular em ve\u00edculos convertidos ao uso do G\u00e1s Natural Veicular (GNV), vistoria de seguran\u00e7a em ve\u00edculos recuperados de sinistro e vistoria de fabrica\u00e7\u00e3o pr\u00f3pria e ve\u00edculos transformados, vistorias em ve\u00edculos de passeio, caminh\u00f5es, vans, \u00f4nibus, pickup, picapes, acredita\u00e7\u00e3o Inmetro e Denatran","og_url":"https:\/\/vistoriagnv.com.br\/gnv\/index.php\/servicos\/recuperados-em-sinistros\/","og_site_name":"VISTORIA GNV","article_modified_time":"2020-02-05T18:19:48+00:00","og_image":[{"width":400,"height":300,"url":"https:\/\/vistoriagnv.com.br\/gnv\/wp-content\/uploads\/2014\/06\/capa-recuperado.jpg","type":"image\/jpeg"}],"twitter_misc":{"Est. tempo de leitura":"3 minutos"},"schema":{"@context":"https:\/\/schema.org","@graph":[{"@type":"WebPage","@id":"https:\/\/vistoriagnv.com.br\/gnv\/index.php\/servicos\/recuperados-em-sinistros\/","url":"https:\/\/vistoriagnv.com.br\/gnv\/index.php\/servicos\/recuperados-em-sinistros\/","name":"VISTORIA GNV -- GOLD INSPE\u00c7\u00d5ES VEICULARES RJ - ACREDITA\u00c7\u00c3O INMETRO E DENATRAN","isPartOf":{"@id":"https:\/\/vistoriagnv.com.br\/gnv\/#website"},"primaryImageOfPage":{"@id":"https:\/\/vistoriagnv.com.br\/gnv\/index.php\/servicos\/recuperados-em-sinistros\/#primaryimage"},"image":{"@id":"https:\/\/vistoriagnv.com.br\/gnv\/index.php\/servicos\/recuperados-em-sinistros\/#primaryimage"},"thumbnailUrl":"https:\/\/vistoriagnv.com.br\/gnv\/wp-content\/uploads\/2014\/06\/capa-recuperado.jpg","datePublished":"2014-06-02T19:37:20+00:00","dateModified":"2020-02-05T18:19:48+00:00","description":"Vistoria GNV Acreditada pelo INMETRO e DENATRAN, centro de Inspe\u00e7\u00e3o Veicular incluindo inspe\u00e7\u00e3o veicular em ve\u00edculos convertidos ao uso do G\u00e1s Natural Veicular (GNV), vistoria de seguran\u00e7a em ve\u00edculos recuperados de sinistro e vistoria de fabrica\u00e7\u00e3o pr\u00f3pria e ve\u00edculos transformados, vistorias em ve\u00edculos de passeio, caminh\u00f5es, vans, \u00f4nibus, pickup, picapes, acredita\u00e7\u00e3o Inmetro e Denatran","breadcrumb":{"@id":"https:\/\/vistoriagnv.com.br\/gnv\/index.php\/servicos\/recuperados-em-sinistros\/#breadcrumb"},"inLanguage":"pt-BR","potentialAction":[{"@type":"ReadAction","target":["https:\/\/vistoriagnv.com.br\/gnv\/index.php\/servicos\/recuperados-em-sinistros\/"]}]},{"@type":"ImageObject","inLanguage":"pt-BR","@id":"https:\/\/vistoriagnv.com.br\/gnv\/index.php\/servicos\/recuperados-em-sinistros\/#primaryimage","url":"https:\/\/vistoriagnv.com.br\/gnv\/wp-content\/uploads\/2014\/06\/capa-recuperado.jpg","contentUrl":"https:\/\/vistoriagnv.com.br\/gnv\/wp-content\/uploads\/2014\/06\/capa-recuperado.jpg","width":400,"height":300,"caption":"Vistoria em ve\u00edculos Recuperados de Sinistro"},{"@type":"BreadcrumbList","@id":"https:\/\/vistoriagnv.com.br\/gnv\/index.php\/servicos\/recuperados-em-sinistros\/#breadcrumb","itemListElement":[{"@type":"ListItem","position":1,"name":"In\u00edcio","item":"https:\/\/vistoriagnv.com.br\/gnv\/"},{"@type":"ListItem","position":2,"name":"Servi\u00e7os","item":"https:\/\/vistoriagnv.com.br\/gnv\/index.php\/servicos\/"},{"@type":"ListItem","position":3,"name":"Recuperados em Sinistros"}]},{"@type":"WebSite","@id":"https:\/\/vistoriagnv.com.br\/gnv\/#website","url":"https:\/\/vistoriagnv.com.br\/gnv\/","name":"VISTORIA GNV","description":"Postos de Vistoria Veicular GNV no Rio de janeiro","potentialAction":[{"@type":"SearchAction","target":{"@type":"EntryPoint","urlTemplate":"https:\/\/vistoriagnv.com.br\/gnv\/?s={search_term_string}"},"query-input":{"@type":"PropertyValueSpecification","valueRequired":true,"valueName":"search_term_string"}}],"inLanguage":"pt-BR"}]}},"_links":{"self":[{"href":"https:\/\/vistoriagnv.com.br\/gnv\/index.php\/wp-json\/wp\/v2\/pages\/24","targetHints":{"allow":["GET"]}}],"collection":[{"href":"https:\/\/vistoriagnv.com.br\/gnv\/index.php\/wp-json\/wp\/v2\/pages"}],"about":[{"href":"https:\/\/vistoriagnv.com.br\/gnv\/index.php\/wp-json\/wp\/v2\/types\/page"}],"author":[{"embeddable":true,"href":"https:\/\/vistoriagnv.com.br\/gnv\/index.php\/wp-json\/wp\/v2\/users\/1"}],"replies":[{"embeddable":true,"href":"https:\/\/vistoriagnv.com.br\/gnv\/index.php\/wp-json\/wp\/v2\/comments?post=24"}],"version-history":[{"count":11,"href":"https:\/\/vistoriagnv.com.br\/gnv\/index.php\/wp-json\/wp\/v2\/pages\/24\/revisions"}],"predecessor-version":[{"id":801,"href":"https:\/\/vistoriagnv.com.br\/gnv\/index.php\/wp-json\/wp\/v2\/pages\/24\/revisions\/801"}],"up":[{"embeddable":true,"href":"https:\/\/vistoriagnv.com.br\/gnv\/index.php\/wp-json\/wp\/v2\/pages\/3"}],"wp:featuredmedia":[{"embeddable":true,"href":"https:\/\/vistoriagnv.com.br\/gnv\/index.php\/wp-json\/wp\/v2\/media\/592"}],"wp:attachment":[{"href":"https:\/\/vistoriagnv.com.br\/gnv\/index.php\/wp-json\/wp\/v2\/media?parent=24"}],"curies":[{"name":"wp","href":"https:\/\/api.w.org\/{rel}","templated":true}]}}