{"id":26,"date":"2014-06-02T19:37:41","date_gmt":"2014-06-02T19:37:41","guid":{"rendered":"http:\/\/vistoriagnv.com.br\/gnv\/?page_id=26"},"modified":"2015-09-06T22:02:44","modified_gmt":"2015-09-06T22:02:44","slug":"fabricacao-propria","status":"publish","type":"page","link":"https:\/\/vistoriagnv.com.br\/gnv\/index.php\/servicos\/fabricacao-propria\/","title":{"rendered":"Fabrica\u00e7\u00e3o Pr\u00f3pria"},"content":{"rendered":"<p><strong>O QUE E CONSIDERADO FABRICA\u00c7\u00c3O PR\u00d3PRIA(ARTESANAL):<\/strong><\/p>\n<p style=\"text-align: justify;\">A Fabrica\u00e7\u00e3o Artesanal de Ve\u00edculos \u00e9 prevista no C\u00f3digo de Tr\u00e2nsito Brasileiro e a CINSVEL \u00e9 credenciada pelo INMETRO e DENATRAN para certificar a sua seguran\u00e7a, permitindo a regulariza\u00e7\u00e3o do ve\u00edculo artesanal junto ao \u00f3rg\u00e3o competente.<\/p>\n<p style=\"text-align: justify;\"><a href=\"http:\/\/vistoriagnv.com.br\/gnv\/wp-content\/uploads\/2014\/06\/ilustracao_vistoria06.png\"><img loading=\"lazy\" decoding=\"async\" class=\"alignleft size-thumbnail wp-image-334\" src=\"http:\/\/vistoriagnv.com.br\/gnv\/wp-content\/uploads\/2014\/06\/ilustracao_gnv4-150x150.jpg\" alt=\"Inspecao fabricacao propria de veiculos\" width=\"150\" height=\"150\" \/><\/a>Considera-se ve\u00edculo de fabrica\u00e7\u00e3o artesanal todo e qualquer ve\u00edculo concebido e fabricado sob responsabilidade de pessoa f\u00edsica ou jur\u00eddica, atendendo a todos os preceitos de constru\u00e7\u00e3o veicular, de modo que o nome do seu primeiro propriet\u00e1rio sempre coincida com o nome do fabricante.<br \/>\nOs ve\u00edculos de fabrica\u00e7\u00e3o artesanal devem atender a legisla\u00e7\u00e3o vigente procurando os profissionais adequados para os servi\u00e7os especializados.<br \/>\nDeterminadas pe\u00e7as do ve\u00edculo devem ser novas, conforme documenta\u00e7\u00e3o dos \u00f3rg\u00e3os competentes.<\/p>\n<p style=\"text-align: justify;\">O primeiro passo do interessado na fabrica\u00e7\u00e3o artesanal \u00e9 verificar se existe no mercado o ve\u00edculo desejado sendo fabricado em s\u00e9rie por fabricantes tradicionais.<\/p>\n<p style=\"text-align: justify;\">Optando pela fabrica\u00e7\u00e3o artesanal, deve-se obedecer a legisla\u00e7\u00e3o espec\u00edfica, observando atentamente as dimens\u00f5es limites, os equipamentos obrigat\u00f3rios, as restri\u00e7\u00f5es de uso de pe\u00e7as recondicionadas. Procure um profissional habilitado para elabora\u00e7\u00e3o do projeto e execu\u00e7\u00e3o dos servi\u00e7os especializados &#8211; como soldagens, por exemplo.<\/p>\n<hr \/>\n<p><strong>O QUE \u00c9 NECESS\u00c1RIO PARA REGULARIZAR A FABRICA\u00c7\u00c3O ARTESANAL?<\/strong><\/p>\n<p style=\"text-align: justify;\">Verifique junto ao Detran os documentos necess\u00e1rios para obten\u00e7\u00e3o de um N\u00famero de Chassi e da autoriza\u00e7\u00e3o para grava\u00e7\u00e3o em empresas autorizadas.<br \/>\nAp\u00f3s a grava\u00e7\u00e3o do n\u00famero, o ve\u00edculo deve ser trazido at\u00e9 a CINSVEL para realiza\u00e7\u00e3o de ensaios e testes.<br \/>\nSendo aprovado, \u00e9 emitido o Certificado de Seguran\u00e7a Veicular ( CSV) que permitir\u00e1 o registro e licenciamento do ve\u00edculo.<br \/>\nSer\u00e1 permitido registro e licenciamento de no m\u00e1ximo 3 (tr\u00eas) ve\u00edculos para cada fabricante, no per\u00edodo de 1\u00ba de janeiro a 31 de dezembro de cada ano.<\/p>\n<hr \/>\n<p><strong>DOCUMENTOS NECESS\u00c1RIOS:<\/strong><br \/>\nS\u00e3o\u00a0necessarios a apresenta\u00e7\u00e3o dos seguintes documentos:<\/p>\n<div class=\"su-note\"  style=\"border-color:#d6d6d6;border-radius:3px;-moz-border-radius:3px;-webkit-border-radius:3px;\"><div class=\"su-note-inner su-u-clearfix su-u-trim\" style=\"background-color:#F0F0F0;border-color:#ffffff;color:#333333;border-radius:3px;-moz-border-radius:3px;-webkit-border-radius:3px;\">\n<ul>\n<li>Documento de identifica\u00e7\u00e3o do propriet\u00e1rio ou condutor do ve\u00edculo;<\/li>\n<li>Desenhos t\u00e9cnicos com as dimens\u00f5es e especifica\u00e7\u00f5es t\u00e9cnicas do ve\u00edculo;<\/li>\n<li>Anota\u00e7\u00e3o de responsabilidade t\u00e9cnica (ART) do engenheiro respons\u00e1vel pelo projeto e fabrica\u00e7\u00e3o do ve\u00edculo;<\/li>\n<li>Documentos fiscais de aquisi\u00e7\u00e3o dos principais componentes \/conjuntos utilizados na fabrica\u00e7\u00e3o do ve\u00edculo;<\/li>\n<li>Declara\u00e7\u00e3o do propriet\u00e1rio e do engenheiro respons\u00e1vel de que o ve\u00edculo atende integralmente aos requisitos de seguran\u00e7a veicular pertinente \u00e0 legisla\u00e7\u00e3o vigente, conforme projeto de engenharia e memorial descritivo arquivados sob sua responsabilidade.<\/div><\/div><\/li>\n<\/ul>\n<p>&nbsp;<\/p>\n<p><strong>Atualmente n\u00e3o \u00e9 permitido a fabrica\u00e7\u00e3o de ve\u00edculo artesanal do tipo \u00f4nibus, micro\u00f4nibus e caminh\u00e3o.<\/strong><\/p>\n","protected":false},"excerpt":{"rendered":"<p>O QUE E CONSIDERADO FABRICA\u00c7\u00c3O PR\u00d3PRIA(ARTESANAL): A Fabrica\u00e7\u00e3o Artesanal de Ve\u00edculos \u00e9 prevista no C\u00f3digo de Tr\u00e2nsito Brasileiro e a CINSVEL \u00e9 credenciada pelo INMETRO e DENATRAN para certificar a sua seguran\u00e7a, permitindo a regulariza\u00e7\u00e3o do ve\u00edculo artesanal junto ao \u00f3rg\u00e3o competente. Considera-se ve\u00edculo de fabrica\u00e7\u00e3o artesanal todo e qualquer ve\u00edculo concebido e fabricado sob&#8230;<\/p>\n","protected":false},"author":1,"featured_media":0,"parent":3,"menu_order":6,"comment_status":"closed","ping_status":"closed","template":"","meta":{"footnotes":""},"class_list":["post-26","page","type-page","status-publish","hentry"],"yoast_head":"<!-- This site is optimized with the Yoast SEO plugin v24.8.1 - https:\/\/yoast.com\/wordpress\/plugins\/seo\/ -->\n<title>VISTORIA GNV -- GOLD INSPE\u00c7\u00d5ES VEICULARES RJ - ACREDITA\u00c7\u00c3O INMETRO E DENATRAN<\/title>\n<meta name=\"description\" content=\"Vistoria GNV Acreditada pelo INMETRO e DENATRAN, centro de Inspe\u00e7\u00e3o Veicular incluindo inspe\u00e7\u00e3o veicular em ve\u00edculos convertidos ao uso do G\u00e1s Natural Veicular (GNV), vistoria de seguran\u00e7a em ve\u00edculos recuperados de sinistro e vistoria de fabrica\u00e7\u00e3o pr\u00f3pria e ve\u00edculos transformados, vistorias em ve\u00edculos de passeio, caminh\u00f5es, vans, \u00f4nibus, pickup, picapes, acredita\u00e7\u00e3o Inmetro e Denatran\" \/>\n<meta name=\"robots\" content=\"index, follow, max-snippet:-1, max-image-preview:large, max-video-preview:-1\" \/>\n<link rel=\"canonical\" href=\"https:\/\/vistoriagnv.com.br\/gnv\/index.php\/servicos\/fabricacao-propria\/\" \/>\n<meta property=\"og:locale\" content=\"pt_BR\" \/>\n<meta property=\"og:type\" content=\"article\" \/>\n<meta property=\"og:title\" content=\"VISTORIA GNV -- GOLD INSPE\u00c7\u00d5ES VEICULARES RJ - ACREDITA\u00c7\u00c3O INMETRO E DENATRAN\" \/>\n<meta property=\"og:description\" content=\"Vistoria GNV Acreditada pelo INMETRO e DENATRAN, centro de Inspe\u00e7\u00e3o Veicular incluindo inspe\u00e7\u00e3o veicular em ve\u00edculos convertidos ao uso do G\u00e1s Natural Veicular (GNV), vistoria de seguran\u00e7a em ve\u00edculos recuperados de sinistro e vistoria de fabrica\u00e7\u00e3o pr\u00f3pria e ve\u00edculos transformados, vistorias em ve\u00edculos de passeio, caminh\u00f5es, vans, \u00f4nibus, pickup, picapes, acredita\u00e7\u00e3o Inmetro e Denatran\" \/>\n<meta property=\"og:url\" content=\"https:\/\/vistoriagnv.com.br\/gnv\/index.php\/servicos\/fabricacao-propria\/\" \/>\n<meta property=\"og:site_name\" content=\"VISTORIA GNV\" \/>\n<meta property=\"article:modified_time\" content=\"2015-09-06T22:02:44+00:00\" \/>\n<meta property=\"og:image\" content=\"http:\/\/vistoriagnv.com.br\/gnv\/wp-content\/uploads\/2014\/06\/ilustracao_gnv4-150x150.jpg\" \/>\n<meta name=\"twitter:label1\" content=\"Est. tempo de leitura\" \/>\n\t<meta name=\"twitter:data1\" content=\"2 minutos\" \/>\n<script type=\"application\/ld+json\" class=\"yoast-schema-graph\">{\"@context\":\"https:\/\/schema.org\",\"@graph\":[{\"@type\":\"WebPage\",\"@id\":\"https:\/\/vistoriagnv.com.br\/gnv\/index.php\/servicos\/fabricacao-propria\/\",\"url\":\"https:\/\/vistoriagnv.com.br\/gnv\/index.php\/servicos\/fabricacao-propria\/\",\"name\":\"VISTORIA GNV -- GOLD INSPE\u00c7\u00d5ES VEICULARES RJ - ACREDITA\u00c7\u00c3O INMETRO E DENATRAN\",\"isPartOf\":{\"@id\":\"https:\/\/vistoriagnv.com.br\/gnv\/#website\"},\"primaryImageOfPage\":{\"@id\":\"https:\/\/vistoriagnv.com.br\/gnv\/index.php\/servicos\/fabricacao-propria\/#primaryimage\"},\"image\":{\"@id\":\"https:\/\/vistoriagnv.com.br\/gnv\/index.php\/servicos\/fabricacao-propria\/#primaryimage\"},\"thumbnailUrl\":\"http:\/\/vistoriagnv.com.br\/gnv\/wp-content\/uploads\/2014\/06\/ilustracao_gnv4-150x150.jpg\",\"datePublished\":\"2014-06-02T19:37:41+00:00\",\"dateModified\":\"2015-09-06T22:02:44+00:00\",\"description\":\"Vistoria GNV Acreditada pelo INMETRO e DENATRAN, centro de Inspe\u00e7\u00e3o Veicular incluindo inspe\u00e7\u00e3o veicular em ve\u00edculos convertidos ao uso do G\u00e1s Natural Veicular (GNV), vistoria de seguran\u00e7a em ve\u00edculos recuperados de sinistro e vistoria de fabrica\u00e7\u00e3o pr\u00f3pria e ve\u00edculos transformados, vistorias em ve\u00edculos de passeio, caminh\u00f5es, vans, \u00f4nibus, pickup, picapes, acredita\u00e7\u00e3o Inmetro e Denatran\",\"breadcrumb\":{\"@id\":\"https:\/\/vistoriagnv.com.br\/gnv\/index.php\/servicos\/fabricacao-propria\/#breadcrumb\"},\"inLanguage\":\"pt-BR\",\"potentialAction\":[{\"@type\":\"ReadAction\",\"target\":[\"https:\/\/vistoriagnv.com.br\/gnv\/index.php\/servicos\/fabricacao-propria\/\"]}]},{\"@type\":\"ImageObject\",\"inLanguage\":\"pt-BR\",\"@id\":\"https:\/\/vistoriagnv.com.br\/gnv\/index.php\/servicos\/fabricacao-propria\/#primaryimage\",\"url\":\"https:\/\/vistoriagnv.com.br\/gnv\/wp-content\/uploads\/2014\/06\/ilustracao_gnv4.jpg\",\"contentUrl\":\"https:\/\/vistoriagnv.com.br\/gnv\/wp-content\/uploads\/2014\/06\/ilustracao_gnv4.jpg\",\"width\":709,\"height\":414},{\"@type\":\"BreadcrumbList\",\"@id\":\"https:\/\/vistoriagnv.com.br\/gnv\/index.php\/servicos\/fabricacao-propria\/#breadcrumb\",\"itemListElement\":[{\"@type\":\"ListItem\",\"position\":1,\"name\":\"In\u00edcio\",\"item\":\"https:\/\/vistoriagnv.com.br\/gnv\/\"},{\"@type\":\"ListItem\",\"position\":2,\"name\":\"Servi\u00e7os\",\"item\":\"https:\/\/vistoriagnv.com.br\/gnv\/index.php\/servicos\/\"},{\"@type\":\"ListItem\",\"position\":3,\"name\":\"Fabrica\u00e7\u00e3o Pr\u00f3pria\"}]},{\"@type\":\"WebSite\",\"@id\":\"https:\/\/vistoriagnv.com.br\/gnv\/#website\",\"url\":\"https:\/\/vistoriagnv.com.br\/gnv\/\",\"name\":\"VISTORIA GNV\",\"description\":\"Postos de Vistoria Veicular GNV no Rio de janeiro\",\"potentialAction\":[{\"@type\":\"SearchAction\",\"target\":{\"@type\":\"EntryPoint\",\"urlTemplate\":\"https:\/\/vistoriagnv.com.br\/gnv\/?s={search_term_string}\"},\"query-input\":{\"@type\":\"PropertyValueSpecification\",\"valueRequired\":true,\"valueName\":\"search_term_string\"}}],\"inLanguage\":\"pt-BR\"}]}<\/script>\n<!-- \/ Yoast SEO plugin. -->","yoast_head_json":{"title":"VISTORIA GNV -- GOLD INSPE\u00c7\u00d5ES VEICULARES RJ - ACREDITA\u00c7\u00c3O INMETRO E DENATRAN","description":"Vistoria GNV Acreditada pelo INMETRO e DENATRAN, centro de Inspe\u00e7\u00e3o Veicular incluindo inspe\u00e7\u00e3o veicular em ve\u00edculos convertidos ao uso do G\u00e1s Natural Veicular (GNV), vistoria de seguran\u00e7a em ve\u00edculos recuperados de sinistro e vistoria de fabrica\u00e7\u00e3o pr\u00f3pria e ve\u00edculos transformados, vistorias em ve\u00edculos de passeio, caminh\u00f5es, vans, \u00f4nibus, pickup, picapes, acredita\u00e7\u00e3o Inmetro e Denatran","robots":{"index":"index","follow":"follow","max-snippet":"max-snippet:-1","max-image-preview":"max-image-preview:large","max-video-preview":"max-video-preview:-1"},"canonical":"https:\/\/vistoriagnv.com.br\/gnv\/index.php\/servicos\/fabricacao-propria\/","og_locale":"pt_BR","og_type":"article","og_title":"VISTORIA GNV -- GOLD INSPE\u00c7\u00d5ES VEICULARES RJ - ACREDITA\u00c7\u00c3O INMETRO E DENATRAN","og_description":"Vistoria GNV Acreditada pelo INMETRO e DENATRAN, centro de Inspe\u00e7\u00e3o Veicular incluindo inspe\u00e7\u00e3o veicular em ve\u00edculos convertidos ao uso do G\u00e1s Natural Veicular (GNV), vistoria de seguran\u00e7a em ve\u00edculos recuperados de sinistro e vistoria de fabrica\u00e7\u00e3o pr\u00f3pria e ve\u00edculos transformados, vistorias em ve\u00edculos de passeio, caminh\u00f5es, vans, \u00f4nibus, pickup, picapes, acredita\u00e7\u00e3o Inmetro e Denatran","og_url":"https:\/\/vistoriagnv.com.br\/gnv\/index.php\/servicos\/fabricacao-propria\/","og_site_name":"VISTORIA GNV","article_modified_time":"2015-09-06T22:02:44+00:00","og_image":[{"url":"http:\/\/vistoriagnv.com.br\/gnv\/wp-content\/uploads\/2014\/06\/ilustracao_gnv4-150x150.jpg","type":"","width":"","height":""}],"twitter_misc":{"Est. tempo de leitura":"2 minutos"},"schema":{"@context":"https:\/\/schema.org","@graph":[{"@type":"WebPage","@id":"https:\/\/vistoriagnv.com.br\/gnv\/index.php\/servicos\/fabricacao-propria\/","url":"https:\/\/vistoriagnv.com.br\/gnv\/index.php\/servicos\/fabricacao-propria\/","name":"VISTORIA GNV -- GOLD INSPE\u00c7\u00d5ES VEICULARES RJ - ACREDITA\u00c7\u00c3O INMETRO E DENATRAN","isPartOf":{"@id":"https:\/\/vistoriagnv.com.br\/gnv\/#website"},"primaryImageOfPage":{"@id":"https:\/\/vistoriagnv.com.br\/gnv\/index.php\/servicos\/fabricacao-propria\/#primaryimage"},"image":{"@id":"https:\/\/vistoriagnv.com.br\/gnv\/index.php\/servicos\/fabricacao-propria\/#primaryimage"},"thumbnailUrl":"http:\/\/vistoriagnv.com.br\/gnv\/wp-content\/uploads\/2014\/06\/ilustracao_gnv4-150x150.jpg","datePublished":"2014-06-02T19:37:41+00:00","dateModified":"2015-09-06T22:02:44+00:00","description":"Vistoria GNV Acreditada pelo INMETRO e DENATRAN, centro de Inspe\u00e7\u00e3o Veicular incluindo inspe\u00e7\u00e3o veicular em ve\u00edculos convertidos ao uso do G\u00e1s Natural Veicular (GNV), vistoria de seguran\u00e7a em ve\u00edculos recuperados de sinistro e vistoria de fabrica\u00e7\u00e3o pr\u00f3pria e ve\u00edculos transformados, vistorias em ve\u00edculos de passeio, caminh\u00f5es, vans, \u00f4nibus, pickup, picapes, acredita\u00e7\u00e3o Inmetro e Denatran","breadcrumb":{"@id":"https:\/\/vistoriagnv.com.br\/gnv\/index.php\/servicos\/fabricacao-propria\/#breadcrumb"},"inLanguage":"pt-BR","potentialAction":[{"@type":"ReadAction","target":["https:\/\/vistoriagnv.com.br\/gnv\/index.php\/servicos\/fabricacao-propria\/"]}]},{"@type":"ImageObject","inLanguage":"pt-BR","@id":"https:\/\/vistoriagnv.com.br\/gnv\/index.php\/servicos\/fabricacao-propria\/#primaryimage","url":"https:\/\/vistoriagnv.com.br\/gnv\/wp-content\/uploads\/2014\/06\/ilustracao_gnv4.jpg","contentUrl":"https:\/\/vistoriagnv.com.br\/gnv\/wp-content\/uploads\/2014\/06\/ilustracao_gnv4.jpg","width":709,"height":414},{"@type":"BreadcrumbList","@id":"https:\/\/vistoriagnv.com.br\/gnv\/index.php\/servicos\/fabricacao-propria\/#breadcrumb","itemListElement":[{"@type":"ListItem","position":1,"name":"In\u00edcio","item":"https:\/\/vistoriagnv.com.br\/gnv\/"},{"@type":"ListItem","position":2,"name":"Servi\u00e7os","item":"https:\/\/vistoriagnv.com.br\/gnv\/index.php\/servicos\/"},{"@type":"ListItem","position":3,"name":"Fabrica\u00e7\u00e3o Pr\u00f3pria"}]},{"@type":"WebSite","@id":"https:\/\/vistoriagnv.com.br\/gnv\/#website","url":"https:\/\/vistoriagnv.com.br\/gnv\/","name":"VISTORIA GNV","description":"Postos de Vistoria Veicular GNV no Rio de janeiro","potentialAction":[{"@type":"SearchAction","target":{"@type":"EntryPoint","urlTemplate":"https:\/\/vistoriagnv.com.br\/gnv\/?s={search_term_string}"},"query-input":{"@type":"PropertyValueSpecification","valueRequired":true,"valueName":"search_term_string"}}],"inLanguage":"pt-BR"}]}},"_links":{"self":[{"href":"https:\/\/vistoriagnv.com.br\/gnv\/index.php\/wp-json\/wp\/v2\/pages\/26","targetHints":{"allow":["GET"]}}],"collection":[{"href":"https:\/\/vistoriagnv.com.br\/gnv\/index.php\/wp-json\/wp\/v2\/pages"}],"about":[{"href":"https:\/\/vistoriagnv.com.br\/gnv\/index.php\/wp-json\/wp\/v2\/types\/page"}],"author":[{"embeddable":true,"href":"https:\/\/vistoriagnv.com.br\/gnv\/index.php\/wp-json\/wp\/v2\/users\/1"}],"replies":[{"embeddable":true,"href":"https:\/\/vistoriagnv.com.br\/gnv\/index.php\/wp-json\/wp\/v2\/comments?post=26"}],"version-history":[{"count":10,"href":"https:\/\/vistoriagnv.com.br\/gnv\/index.php\/wp-json\/wp\/v2\/pages\/26\/revisions"}],"predecessor-version":[{"id":665,"href":"https:\/\/vistoriagnv.com.br\/gnv\/index.php\/wp-json\/wp\/v2\/pages\/26\/revisions\/665"}],"up":[{"embeddable":true,"href":"https:\/\/vistoriagnv.com.br\/gnv\/index.php\/wp-json\/wp\/v2\/pages\/3"}],"wp:attachment":[{"href":"https:\/\/vistoriagnv.com.br\/gnv\/index.php\/wp-json\/wp\/v2\/media?parent=26"}],"curies":[{"name":"wp","href":"https:\/\/api.w.org\/{rel}","templated":true}]}}