{"id":33,"date":"2014-06-02T19:40:29","date_gmt":"2014-06-02T19:40:29","guid":{"rendered":"http:\/\/vistoriagnv.com.br\/gnv\/?page_id=33"},"modified":"2020-02-05T18:11:12","modified_gmt":"2020-02-05T18:11:12","slug":"unidades-de-atendimento","status":"publish","type":"page","link":"https:\/\/vistoriagnv.com.br\/gnv\/index.php\/sobre-nos\/unidades-de-atendimento\/","title":{"rendered":"Onde Estamos"},"content":{"rendered":"<p><strong>Conhe\u00e7a as nossas Unidades de Atendimento em todo o Estado do Rio de janeiro.<\/strong><\/p>\n<hr \/>\n<p>&nbsp;<\/p>\n<p><a href=\"http:\/\/vistoriagnv.com.br\/gnv\/wp-content\/uploads\/2014\/06\/ilustracao_vistoria07.jpg\"><img loading=\"lazy\" decoding=\"async\" class=\"alignleft size-thumbnail wp-image-249\" src=\"http:\/\/vistoriagnv.com.br\/gnv\/wp-content\/uploads\/2014\/06\/ilustracao_vistoria07-150x150.jpg\" alt=\"ilustracao_vistoria07\" width=\"150\" height=\"150\" \/><\/a><strong><a href=\"http:\/\/vistoriagnv.com.br\/gnv\/index.php\/empresas-parceiras\/petropolis\/\">Petr\u00f3polis<\/a><\/strong><br \/>\n<strong><a title=\"Alcantara\" href=\"http:\/\/vistoriagnv.com.br\/gnv\/index.php\/empresas-parceiras\/alcantara\/\">Alcantara<\/a><\/strong><br \/>\n<strong><a title=\"Itabora\u00ed\" href=\"http:\/\/vistoriagnv.com.br\/gnv\/index.php\/empresas-parceiras\/itaborai\/\">Itabora\u00ed<\/a><\/strong><br \/>\n<strong><a title=\"Jardim Am\u00e9rica\" href=\"http:\/\/vistoriagnv.com.br\/gnv\/index.php\/empresas-parceiras\/jardim-america\/\">Jardim Am\u00e9rica<\/a><\/strong><\/p>\n<p>&nbsp;<\/p>\n<div class=\"su-note\"  style=\"border-color:#d6d6d6;border-radius:3px;-moz-border-radius:3px;-webkit-border-radius:3px;\"><div class=\"su-note-inner su-u-clearfix su-u-trim\" style=\"background-color:#F0F0F0;border-color:#ffffff;color:#333333;border-radius:3px;-moz-border-radius:3px;-webkit-border-radius:3px;\">\u00a0<strong>Temos tabelas diferenciadas para atendimento a frotas e empresas com mais de tr\u00eas ve\u00edculos.\u00a0<a style=\"line-height: 1.5;\" href=\"http:\/\/vistoriagnv.com.br\/gnv\/index.php\/agendar-vistoria\/\">Contate-nos e solicite um or\u00e7amento<\/a>.\u00a0<\/strong><\/div><\/div>\n<p>&nbsp;<\/p>\n","protected":false},"excerpt":{"rendered":"<p>Conhe\u00e7a as nossas Unidades de Atendimento em todo o Estado do Rio de janeiro. &nbsp; Petr\u00f3polis Alcantara Itabora\u00ed Jardim Am\u00e9rica &nbsp; &nbsp;<\/p>\n","protected":false},"author":1,"featured_media":312,"parent":5,"menu_order":1,"comment_status":"closed","ping_status":"closed","template":"","meta":{"footnotes":""},"class_list":["post-33","page","type-page","status-publish","has-post-thumbnail","hentry"],"yoast_head":"<!-- This site is optimized with the Yoast SEO plugin v24.8.1 - https:\/\/yoast.com\/wordpress\/plugins\/seo\/ -->\n<title>VISTORIA GNV -- GOLD INSPE\u00c7\u00d5ES VEICULARES RJ - ACREDITA\u00c7\u00c3O INMETRO E DENATRAN<\/title>\n<meta name=\"description\" content=\"Vistoria GNV Acreditada pelo INMETRO e DENATRAN, centro de Inspe\u00e7\u00e3o Veicular incluindo inspe\u00e7\u00e3o veicular em ve\u00edculos convertidos ao uso do G\u00e1s Natural Veicular (GNV), vistoria de seguran\u00e7a em ve\u00edculos recuperados de sinistro e vistoria de fabrica\u00e7\u00e3o pr\u00f3pria e ve\u00edculos transformados, vistorias em ve\u00edculos de passeio, caminh\u00f5es, vans, \u00f4nibus, pickup, picapes, acredita\u00e7\u00e3o Inmetro e Denatran\" \/>\n<meta name=\"robots\" content=\"index, follow, max-snippet:-1, max-image-preview:large, max-video-preview:-1\" \/>\n<link rel=\"canonical\" href=\"https:\/\/vistoriagnv.com.br\/gnv\/index.php\/sobre-nos\/unidades-de-atendimento\/\" \/>\n<meta property=\"og:locale\" content=\"pt_BR\" \/>\n<meta property=\"og:type\" content=\"article\" \/>\n<meta property=\"og:title\" content=\"VISTORIA GNV -- GOLD INSPE\u00c7\u00d5ES VEICULARES RJ - ACREDITA\u00c7\u00c3O INMETRO E DENATRAN\" \/>\n<meta property=\"og:description\" content=\"Vistoria GNV Acreditada pelo INMETRO e DENATRAN, centro de Inspe\u00e7\u00e3o Veicular incluindo inspe\u00e7\u00e3o veicular em ve\u00edculos convertidos ao uso do G\u00e1s Natural Veicular (GNV), vistoria de seguran\u00e7a em ve\u00edculos recuperados de sinistro e vistoria de fabrica\u00e7\u00e3o pr\u00f3pria e ve\u00edculos transformados, vistorias em ve\u00edculos de passeio, caminh\u00f5es, vans, \u00f4nibus, pickup, picapes, acredita\u00e7\u00e3o Inmetro e Denatran\" \/>\n<meta property=\"og:url\" content=\"https:\/\/vistoriagnv.com.br\/gnv\/index.php\/sobre-nos\/unidades-de-atendimento\/\" \/>\n<meta property=\"og:site_name\" content=\"VISTORIA GNV\" \/>\n<meta property=\"article:modified_time\" content=\"2020-02-05T18:11:12+00:00\" \/>\n<meta property=\"og:image\" content=\"https:\/\/vistoriagnv.com.br\/gnv\/wp-content\/uploads\/2014\/06\/ilustracao_gnv1.jpg\" \/>\n\t<meta property=\"og:image:width\" content=\"350\" \/>\n\t<meta property=\"og:image:height\" content=\"276\" \/>\n\t<meta property=\"og:image:type\" content=\"image\/jpeg\" \/>\n<script type=\"application\/ld+json\" class=\"yoast-schema-graph\">{\"@context\":\"https:\/\/schema.org\",\"@graph\":[{\"@type\":\"WebPage\",\"@id\":\"https:\/\/vistoriagnv.com.br\/gnv\/index.php\/sobre-nos\/unidades-de-atendimento\/\",\"url\":\"https:\/\/vistoriagnv.com.br\/gnv\/index.php\/sobre-nos\/unidades-de-atendimento\/\",\"name\":\"VISTORIA GNV -- GOLD INSPE\u00c7\u00d5ES VEICULARES RJ - ACREDITA\u00c7\u00c3O INMETRO E DENATRAN\",\"isPartOf\":{\"@id\":\"https:\/\/vistoriagnv.com.br\/gnv\/#website\"},\"primaryImageOfPage\":{\"@id\":\"https:\/\/vistoriagnv.com.br\/gnv\/index.php\/sobre-nos\/unidades-de-atendimento\/#primaryimage\"},\"image\":{\"@id\":\"https:\/\/vistoriagnv.com.br\/gnv\/index.php\/sobre-nos\/unidades-de-atendimento\/#primaryimage\"},\"thumbnailUrl\":\"https:\/\/vistoriagnv.com.br\/gnv\/wp-content\/uploads\/2014\/06\/ilustracao_gnv1.jpg\",\"datePublished\":\"2014-06-02T19:40:29+00:00\",\"dateModified\":\"2020-02-05T18:11:12+00:00\",\"description\":\"Vistoria GNV Acreditada pelo INMETRO e DENATRAN, centro de Inspe\u00e7\u00e3o Veicular incluindo inspe\u00e7\u00e3o veicular em ve\u00edculos convertidos ao uso do G\u00e1s Natural Veicular (GNV), vistoria de seguran\u00e7a em ve\u00edculos recuperados de sinistro e vistoria de fabrica\u00e7\u00e3o pr\u00f3pria e ve\u00edculos transformados, vistorias em ve\u00edculos de passeio, caminh\u00f5es, vans, \u00f4nibus, pickup, picapes, acredita\u00e7\u00e3o Inmetro e Denatran\",\"breadcrumb\":{\"@id\":\"https:\/\/vistoriagnv.com.br\/gnv\/index.php\/sobre-nos\/unidades-de-atendimento\/#breadcrumb\"},\"inLanguage\":\"pt-BR\",\"potentialAction\":[{\"@type\":\"ReadAction\",\"target\":[\"https:\/\/vistoriagnv.com.br\/gnv\/index.php\/sobre-nos\/unidades-de-atendimento\/\"]}]},{\"@type\":\"ImageObject\",\"inLanguage\":\"pt-BR\",\"@id\":\"https:\/\/vistoriagnv.com.br\/gnv\/index.php\/sobre-nos\/unidades-de-atendimento\/#primaryimage\",\"url\":\"https:\/\/vistoriagnv.com.br\/gnv\/wp-content\/uploads\/2014\/06\/ilustracao_gnv1.jpg\",\"contentUrl\":\"https:\/\/vistoriagnv.com.br\/gnv\/wp-content\/uploads\/2014\/06\/ilustracao_gnv1.jpg\",\"width\":350,\"height\":276},{\"@type\":\"BreadcrumbList\",\"@id\":\"https:\/\/vistoriagnv.com.br\/gnv\/index.php\/sobre-nos\/unidades-de-atendimento\/#breadcrumb\",\"itemListElement\":[{\"@type\":\"ListItem\",\"position\":1,\"name\":\"In\u00edcio\",\"item\":\"https:\/\/vistoriagnv.com.br\/gnv\/\"},{\"@type\":\"ListItem\",\"position\":2,\"name\":\"Sobre N\u00f3s\",\"item\":\"https:\/\/vistoriagnv.com.br\/gnv\/index.php\/sobre-nos\/\"},{\"@type\":\"ListItem\",\"position\":3,\"name\":\"Onde Estamos\"}]},{\"@type\":\"WebSite\",\"@id\":\"https:\/\/vistoriagnv.com.br\/gnv\/#website\",\"url\":\"https:\/\/vistoriagnv.com.br\/gnv\/\",\"name\":\"VISTORIA GNV\",\"description\":\"Postos de Vistoria Veicular GNV no Rio de janeiro\",\"potentialAction\":[{\"@type\":\"SearchAction\",\"target\":{\"@type\":\"EntryPoint\",\"urlTemplate\":\"https:\/\/vistoriagnv.com.br\/gnv\/?s={search_term_string}\"},\"query-input\":{\"@type\":\"PropertyValueSpecification\",\"valueRequired\":true,\"valueName\":\"search_term_string\"}}],\"inLanguage\":\"pt-BR\"}]}<\/script>\n<!-- \/ Yoast SEO plugin. -->","yoast_head_json":{"title":"VISTORIA GNV -- GOLD INSPE\u00c7\u00d5ES VEICULARES RJ - ACREDITA\u00c7\u00c3O INMETRO E DENATRAN","description":"Vistoria GNV Acreditada pelo INMETRO e DENATRAN, centro de Inspe\u00e7\u00e3o Veicular incluindo inspe\u00e7\u00e3o veicular em ve\u00edculos convertidos ao uso do G\u00e1s Natural Veicular (GNV), vistoria de seguran\u00e7a em ve\u00edculos recuperados de sinistro e vistoria de fabrica\u00e7\u00e3o pr\u00f3pria e ve\u00edculos transformados, vistorias em ve\u00edculos de passeio, caminh\u00f5es, vans, \u00f4nibus, pickup, picapes, acredita\u00e7\u00e3o Inmetro e Denatran","robots":{"index":"index","follow":"follow","max-snippet":"max-snippet:-1","max-image-preview":"max-image-preview:large","max-video-preview":"max-video-preview:-1"},"canonical":"https:\/\/vistoriagnv.com.br\/gnv\/index.php\/sobre-nos\/unidades-de-atendimento\/","og_locale":"pt_BR","og_type":"article","og_title":"VISTORIA GNV -- GOLD INSPE\u00c7\u00d5ES VEICULARES RJ - ACREDITA\u00c7\u00c3O INMETRO E DENATRAN","og_description":"Vistoria GNV Acreditada pelo INMETRO e DENATRAN, centro de Inspe\u00e7\u00e3o Veicular incluindo inspe\u00e7\u00e3o veicular em ve\u00edculos convertidos ao uso do G\u00e1s Natural Veicular (GNV), vistoria de seguran\u00e7a em ve\u00edculos recuperados de sinistro e vistoria de fabrica\u00e7\u00e3o pr\u00f3pria e ve\u00edculos transformados, vistorias em ve\u00edculos de passeio, caminh\u00f5es, vans, \u00f4nibus, pickup, picapes, acredita\u00e7\u00e3o Inmetro e Denatran","og_url":"https:\/\/vistoriagnv.com.br\/gnv\/index.php\/sobre-nos\/unidades-de-atendimento\/","og_site_name":"VISTORIA GNV","article_modified_time":"2020-02-05T18:11:12+00:00","og_image":[{"width":350,"height":276,"url":"https:\/\/vistoriagnv.com.br\/gnv\/wp-content\/uploads\/2014\/06\/ilustracao_gnv1.jpg","type":"image\/jpeg"}],"schema":{"@context":"https:\/\/schema.org","@graph":[{"@type":"WebPage","@id":"https:\/\/vistoriagnv.com.br\/gnv\/index.php\/sobre-nos\/unidades-de-atendimento\/","url":"https:\/\/vistoriagnv.com.br\/gnv\/index.php\/sobre-nos\/unidades-de-atendimento\/","name":"VISTORIA GNV -- GOLD INSPE\u00c7\u00d5ES VEICULARES RJ - ACREDITA\u00c7\u00c3O INMETRO E DENATRAN","isPartOf":{"@id":"https:\/\/vistoriagnv.com.br\/gnv\/#website"},"primaryImageOfPage":{"@id":"https:\/\/vistoriagnv.com.br\/gnv\/index.php\/sobre-nos\/unidades-de-atendimento\/#primaryimage"},"image":{"@id":"https:\/\/vistoriagnv.com.br\/gnv\/index.php\/sobre-nos\/unidades-de-atendimento\/#primaryimage"},"thumbnailUrl":"https:\/\/vistoriagnv.com.br\/gnv\/wp-content\/uploads\/2014\/06\/ilustracao_gnv1.jpg","datePublished":"2014-06-02T19:40:29+00:00","dateModified":"2020-02-05T18:11:12+00:00","description":"Vistoria GNV Acreditada pelo INMETRO e DENATRAN, centro de Inspe\u00e7\u00e3o Veicular incluindo inspe\u00e7\u00e3o veicular em ve\u00edculos convertidos ao uso do G\u00e1s Natural Veicular (GNV), vistoria de seguran\u00e7a em ve\u00edculos recuperados de sinistro e vistoria de fabrica\u00e7\u00e3o pr\u00f3pria e ve\u00edculos transformados, vistorias em ve\u00edculos de passeio, caminh\u00f5es, vans, \u00f4nibus, pickup, picapes, acredita\u00e7\u00e3o Inmetro e Denatran","breadcrumb":{"@id":"https:\/\/vistoriagnv.com.br\/gnv\/index.php\/sobre-nos\/unidades-de-atendimento\/#breadcrumb"},"inLanguage":"pt-BR","potentialAction":[{"@type":"ReadAction","target":["https:\/\/vistoriagnv.com.br\/gnv\/index.php\/sobre-nos\/unidades-de-atendimento\/"]}]},{"@type":"ImageObject","inLanguage":"pt-BR","@id":"https:\/\/vistoriagnv.com.br\/gnv\/index.php\/sobre-nos\/unidades-de-atendimento\/#primaryimage","url":"https:\/\/vistoriagnv.com.br\/gnv\/wp-content\/uploads\/2014\/06\/ilustracao_gnv1.jpg","contentUrl":"https:\/\/vistoriagnv.com.br\/gnv\/wp-content\/uploads\/2014\/06\/ilustracao_gnv1.jpg","width":350,"height":276},{"@type":"BreadcrumbList","@id":"https:\/\/vistoriagnv.com.br\/gnv\/index.php\/sobre-nos\/unidades-de-atendimento\/#breadcrumb","itemListElement":[{"@type":"ListItem","position":1,"name":"In\u00edcio","item":"https:\/\/vistoriagnv.com.br\/gnv\/"},{"@type":"ListItem","position":2,"name":"Sobre N\u00f3s","item":"https:\/\/vistoriagnv.com.br\/gnv\/index.php\/sobre-nos\/"},{"@type":"ListItem","position":3,"name":"Onde Estamos"}]},{"@type":"WebSite","@id":"https:\/\/vistoriagnv.com.br\/gnv\/#website","url":"https:\/\/vistoriagnv.com.br\/gnv\/","name":"VISTORIA GNV","description":"Postos de Vistoria Veicular GNV no Rio de janeiro","potentialAction":[{"@type":"SearchAction","target":{"@type":"EntryPoint","urlTemplate":"https:\/\/vistoriagnv.com.br\/gnv\/?s={search_term_string}"},"query-input":{"@type":"PropertyValueSpecification","valueRequired":true,"valueName":"search_term_string"}}],"inLanguage":"pt-BR"}]}},"_links":{"self":[{"href":"https:\/\/vistoriagnv.com.br\/gnv\/index.php\/wp-json\/wp\/v2\/pages\/33","targetHints":{"allow":["GET"]}}],"collection":[{"href":"https:\/\/vistoriagnv.com.br\/gnv\/index.php\/wp-json\/wp\/v2\/pages"}],"about":[{"href":"https:\/\/vistoriagnv.com.br\/gnv\/index.php\/wp-json\/wp\/v2\/types\/page"}],"author":[{"embeddable":true,"href":"https:\/\/vistoriagnv.com.br\/gnv\/index.php\/wp-json\/wp\/v2\/users\/1"}],"replies":[{"embeddable":true,"href":"https:\/\/vistoriagnv.com.br\/gnv\/index.php\/wp-json\/wp\/v2\/comments?post=33"}],"version-history":[{"count":25,"href":"https:\/\/vistoriagnv.com.br\/gnv\/index.php\/wp-json\/wp\/v2\/pages\/33\/revisions"}],"predecessor-version":[{"id":793,"href":"https:\/\/vistoriagnv.com.br\/gnv\/index.php\/wp-json\/wp\/v2\/pages\/33\/revisions\/793"}],"up":[{"embeddable":true,"href":"https:\/\/vistoriagnv.com.br\/gnv\/index.php\/wp-json\/wp\/v2\/pages\/5"}],"wp:featuredmedia":[{"embeddable":true,"href":"https:\/\/vistoriagnv.com.br\/gnv\/index.php\/wp-json\/wp\/v2\/media\/312"}],"wp:attachment":[{"href":"https:\/\/vistoriagnv.com.br\/gnv\/index.php\/wp-json\/wp\/v2\/media?parent=33"}],"curies":[{"name":"wp","href":"https:\/\/api.w.org\/{rel}","templated":true}]}}