{"id":5,"date":"2014-06-02T19:24:06","date_gmt":"2014-06-02T19:24:06","guid":{"rendered":"http:\/\/vistoriagnv.com.br\/gnv\/?page_id=5"},"modified":"2015-09-06T21:46:50","modified_gmt":"2015-09-06T21:46:50","slug":"sobre-nos","status":"publish","type":"page","link":"https:\/\/vistoriagnv.com.br\/gnv\/index.php\/sobre-nos\/","title":{"rendered":"Sobre N\u00f3s"},"content":{"rendered":"<p style=\"text-align: justify;\">Com acredita\u00e7\u00e3o do <strong><a href=\"http:\/\/www.inmetro.gov.br\/\" target=\"_blank\">INMETRO<\/a> <\/strong>e <a href=\"http:\/\/www.denatran.gov.br\/\" target=\"_blank\"><strong>DENATRAN<\/strong> <\/a>, formamos\u00a0um moderno organismo de inspe\u00e7\u00e3o veicular com unidades de atendimento em pontos estrat\u00e9gicos do Rio de Janeiro, com mais de seis unidades conveniadas disponibilizando servi\u00e7os\u00a0de inspe\u00e7\u00e3o veicular, especialmente em ve\u00edculos convertidos ao uso do G\u00e1s Natural Veicular (GNV), bem como vistorias em ve\u00edculos recuperados de sinistro ou de fabrica\u00e7\u00e3o pr\u00f3pria e\/ou transformados. Com equipamentos de \u00faltima gera\u00e7\u00e3o ( incluindo analisadores de gases e m\u00e1quinas computadorizadas), nossas unidades de atendimento possuem equipe formadas por\u00a0profissionais altamente experientes, treinados e competentes na realiza\u00e7\u00e3o de\u00a0vistorias veiculares, sob supervis\u00e3o de engenheiros e, principalmente,\u00a0com a Acredita\u00e7\u00e3o dos mais importantes \u00f3rg\u00e3os de inspe\u00e7\u00e3o do Pa\u00eds: <strong><a href=\"http:\/\/www.inmetro.gov.br\/\" target=\"_blank\">INMETRO<\/a> <\/strong>e <a href=\"http:\/\/www.denatran.gov.br\/\" target=\"_blank\"><strong>DENATRAN<\/strong> <\/a>.<\/p>\n<p style=\"text-align: justify;\"><strong>Marque sua pr\u00f3xima vistoria ou traga sua frota e confira nossos diferenciais!<\/strong><\/p>\n<hr \/>\n<h4><strong>Quem Somos<\/strong><\/h4>\n<p style=\"text-align: justify;\">Com acredita\u00e7\u00e3o do <strong><a href=\"http:\/\/www.inmetro.gov.br\/\" target=\"_blank\">INMETRO<\/a> <\/strong>e <a href=\"http:\/\/www.denatran.gov.br\/\" target=\"_blank\"><strong>DENATRAN<\/strong> <\/a>,\u00a0formamos\u00a0um moderno Organismo de Inspe\u00e7\u00e3o Veicular.<br \/>\nCom unidades sediadas em todo o\u00a0Rio de Janeiro, \u00a0temos\u00a0por atividade principal a presta\u00e7\u00e3o de servi\u00e7os de Inspe\u00e7\u00e3o Veicular, especialmente em ve\u00edculos convertidos ao uso do G\u00e1s Natural Veicular (GNV), bem como somos\u00a0credenciados a vistoriar ve\u00edculos recuperados de sinistro ou de fabrica\u00e7\u00e3o pr\u00f3pria e\/ou transformados.<\/p>\n<hr \/>\n<p>&nbsp;<\/p>\n<h4><strong>Equipe Especializada<\/strong><\/h4>\n<p style=\"text-align: justify;\">Nossas atividades s\u00e3o realizada por uma equipe formada por profissionais experientes e reciclados,\u00a0incluindo em nossa equipe engenheiros e t\u00e9cnicos mec\u00e2nicos, altamente qualificados.<br \/>\nNossas unidades s\u00e3o munidas de equipamentos de \u00faltima gera\u00e7\u00e3o, incluindo analisadores de gases e m\u00e1quinas computadorizadas, utilizadas em aferi\u00e7\u00f5es e diversos tipos de vistorias, \u00a0nos qualificando a prestar eficientes\u00a0servi\u00e7os de inspe\u00e7\u00e3o veicular, incluindo verifica\u00e7\u00e3o de alinhamento, suspens\u00e3o e freios.<\/p>\n<hr \/>\n<p>&nbsp;<\/p>\n<h4><strong>Acredita\u00e7\u00f5es\u00a0de nossas unidades<\/strong><\/h4>\n<p>Nosso principal diferencial \u00e9 possuirmos\u00a0a <strong>Acredita\u00e7\u00e3o <a href=\"http:\/\/www.inmetro.gov.br\/\" target=\"_blank\">INMETRO<\/a> <\/strong>e<strong> <a href=\"http:\/\/www.denatran.gov.br\/\" target=\"_blank\">DENATRAN <\/a><\/strong>.<\/p>\n<p>Mas, afinal, o que \u00a0\u00e9 acredita\u00e7\u00e3o?<\/p>\n<p style=\"text-align: justify;\">Segundo o <strong><a href=\"http:\/\/www.inmetro.gov.br\/\" target=\"_blank\">INMETRO<\/a> <\/strong>(<a title=\"www.inmetro.gov.br\/credenciamento\" href=\"http:\/\/www.inmetro.gov.br\/credenciamento\" target=\"_blank\">www.inmetro.gov.br\/credenciamento<\/a>), a Coordena\u00e7\u00e3o Geral de Acredita\u00e7\u00e3o do Inmetro (Cgcre) \u00e9 o organismo de acredita\u00e7\u00e3o de organismos de avalia\u00e7\u00e3o da conformidade reconhecido pelo Governo Brasileiro. A Cgcre \u00e9, portanto, dentro da estrutura organizacional do Inmetro, a unidade organizacional principal que tem total responsabilidade e autoridade sobre todos os aspectos referentes \u00e0 acredita\u00e7\u00e3o, incluindo as decis\u00f5es de acredita\u00e7\u00e3o.<\/p>\n<p style=\"text-align: justify;\">O Decreto n\u00ba 7938, publicado em 19 de fevereiro de 2013, alterou o Decreto n\u00ba 6275, de 28 de novembro de 2007 e aprovou a nova Estrutura Regimental e o Quadro Demonstrativo dos Cargos em Comiss\u00e3o e das Fun\u00e7\u00f5es Gratificadas do Instituto de Metrologia, Qualidade e Tecnologia \u2013 Inmetro. Este decreto \u00e9 que estabelece a compet\u00eancia da Coordena\u00e7\u00e3o Geral de Acredita\u00e7\u00e3o (Cgcre) do Inmetro para atuar como organismo de acredita\u00e7\u00e3o de organismos de avalia\u00e7\u00e3o da conformidade.<\/p>\n<p style=\"text-align: justify;\">A Portaria N\u00ba 165, publicada em 02 de abril de 2013, alterou o Regimento Interno do Inmetro que passou a vigorar na forma do Anexo a esta Portaria, em substitui\u00e7\u00e3o aos Anexos das Portarias MDIC N\u00ba 82, de 01 de abril de 2008 e N\u00ba 286, de 29 de novembro de 2011. Esta nova Portaria estabelece as compet\u00eancias da Cgcre e de suas unidades organizacionais a ela vinculadas, como tamb\u00e9m as atribui\u00e7\u00f5es do Coordenador Geral da Cgcre.<\/p>\n<p style=\"text-align: justify;\">A Cgcre e as demais unidades organizacionais do Inmetro colaboram no sentido da implementa\u00e7\u00e3o das diretrizes do Conmetro, sendo mantida a independ\u00eancia da Cgcre como organismo de acredita\u00e7\u00e3o, evitando-se qualquer conflito com atividades de avalia\u00e7\u00e3o da conformidade realizadas pelas outras unidades organizacionais do Inmetro ou por quaisquer outros \u00f3rg\u00e3os governamentais.<\/p>\n<p style=\"text-align: justify;\">Os recursos financeiros da Cgcre s\u00e3o constitu\u00eddos por dota\u00e7\u00f5es or\u00e7ament\u00e1rias oriundas de pre\u00e7os p\u00fablicos relativos \u00e0s atividades de acredita\u00e7\u00e3o, conv\u00eanios celebrados com entidades p\u00fablicas e privadas e cr\u00e9ditos suplementares do Tesouro Nacional consignados por lei.<\/p>\n","protected":false},"excerpt":{"rendered":"<p>Com acredita\u00e7\u00e3o do INMETRO e DENATRAN , formamos\u00a0um moderno organismo de inspe\u00e7\u00e3o veicular com unidades de atendimento em pontos estrat\u00e9gicos do Rio de Janeiro, com mais de seis unidades conveniadas disponibilizando servi\u00e7os\u00a0de inspe\u00e7\u00e3o veicular, especialmente em ve\u00edculos convertidos ao uso do G\u00e1s Natural Veicular (GNV), bem como vistorias em ve\u00edculos recuperados de sinistro ou de&#8230;<\/p>\n","protected":false},"author":1,"featured_media":0,"parent":0,"menu_order":4,"comment_status":"closed","ping_status":"closed","template":"","meta":{"footnotes":""},"class_list":["post-5","page","type-page","status-publish","hentry"],"yoast_head":"<!-- This site is optimized with the Yoast SEO plugin v24.8.1 - https:\/\/yoast.com\/wordpress\/plugins\/seo\/ -->\n<title>VISTORIA GNV -- GOLD INSPE\u00c7\u00d5ES VEICULARES RJ - ACREDITA\u00c7\u00c3O INMETRO E DENATRAN<\/title>\n<meta name=\"description\" content=\"Vistoria GNV Acreditada pelo INMETRO e DENATRAN, centro de Inspe\u00e7\u00e3o Veicular incluindo inspe\u00e7\u00e3o veicular em ve\u00edculos convertidos ao uso do G\u00e1s Natural Veicular (GNV), vistoria de seguran\u00e7a em ve\u00edculos recuperados de sinistro e vistoria de fabrica\u00e7\u00e3o pr\u00f3pria e ve\u00edculos transformados, vistorias em ve\u00edculos de passeio, caminh\u00f5es, vans, \u00f4nibus, pickup, picapes, acredita\u00e7\u00e3o Inmetro e Denatran\" \/>\n<meta name=\"robots\" content=\"index, follow, max-snippet:-1, max-image-preview:large, max-video-preview:-1\" \/>\n<link rel=\"canonical\" href=\"https:\/\/vistoriagnv.com.br\/gnv\/index.php\/sobre-nos\/\" \/>\n<meta property=\"og:locale\" content=\"pt_BR\" \/>\n<meta property=\"og:type\" content=\"article\" \/>\n<meta property=\"og:title\" content=\"VISTORIA GNV -- GOLD INSPE\u00c7\u00d5ES VEICULARES RJ - ACREDITA\u00c7\u00c3O INMETRO E DENATRAN\" \/>\n<meta property=\"og:description\" content=\"Vistoria GNV Acreditada pelo INMETRO e DENATRAN, centro de Inspe\u00e7\u00e3o Veicular incluindo inspe\u00e7\u00e3o veicular em ve\u00edculos convertidos ao uso do G\u00e1s Natural Veicular (GNV), vistoria de seguran\u00e7a em ve\u00edculos recuperados de sinistro e vistoria de fabrica\u00e7\u00e3o pr\u00f3pria e ve\u00edculos transformados, vistorias em ve\u00edculos de passeio, caminh\u00f5es, vans, \u00f4nibus, pickup, picapes, acredita\u00e7\u00e3o Inmetro e Denatran\" \/>\n<meta property=\"og:url\" content=\"https:\/\/vistoriagnv.com.br\/gnv\/index.php\/sobre-nos\/\" \/>\n<meta property=\"og:site_name\" content=\"VISTORIA GNV\" \/>\n<meta property=\"article:modified_time\" content=\"2015-09-06T21:46:50+00:00\" \/>\n<meta name=\"twitter:label1\" content=\"Est. tempo de leitura\" \/>\n\t<meta name=\"twitter:data1\" content=\"3 minutos\" \/>\n<script type=\"application\/ld+json\" class=\"yoast-schema-graph\">{\"@context\":\"https:\/\/schema.org\",\"@graph\":[{\"@type\":\"WebPage\",\"@id\":\"https:\/\/vistoriagnv.com.br\/gnv\/index.php\/sobre-nos\/\",\"url\":\"https:\/\/vistoriagnv.com.br\/gnv\/index.php\/sobre-nos\/\",\"name\":\"VISTORIA GNV -- GOLD INSPE\u00c7\u00d5ES VEICULARES RJ - ACREDITA\u00c7\u00c3O INMETRO E DENATRAN\",\"isPartOf\":{\"@id\":\"https:\/\/vistoriagnv.com.br\/gnv\/#website\"},\"datePublished\":\"2014-06-02T19:24:06+00:00\",\"dateModified\":\"2015-09-06T21:46:50+00:00\",\"description\":\"Vistoria GNV Acreditada pelo INMETRO e DENATRAN, centro de Inspe\u00e7\u00e3o Veicular incluindo inspe\u00e7\u00e3o veicular em ve\u00edculos convertidos ao uso do G\u00e1s Natural Veicular (GNV), vistoria de seguran\u00e7a em ve\u00edculos recuperados de sinistro e vistoria de fabrica\u00e7\u00e3o pr\u00f3pria e ve\u00edculos transformados, vistorias em ve\u00edculos de passeio, caminh\u00f5es, vans, \u00f4nibus, pickup, picapes, acredita\u00e7\u00e3o Inmetro e Denatran\",\"breadcrumb\":{\"@id\":\"https:\/\/vistoriagnv.com.br\/gnv\/index.php\/sobre-nos\/#breadcrumb\"},\"inLanguage\":\"pt-BR\",\"potentialAction\":[{\"@type\":\"ReadAction\",\"target\":[\"https:\/\/vistoriagnv.com.br\/gnv\/index.php\/sobre-nos\/\"]}]},{\"@type\":\"BreadcrumbList\",\"@id\":\"https:\/\/vistoriagnv.com.br\/gnv\/index.php\/sobre-nos\/#breadcrumb\",\"itemListElement\":[{\"@type\":\"ListItem\",\"position\":1,\"name\":\"In\u00edcio\",\"item\":\"https:\/\/vistoriagnv.com.br\/gnv\/\"},{\"@type\":\"ListItem\",\"position\":2,\"name\":\"Sobre N\u00f3s\"}]},{\"@type\":\"WebSite\",\"@id\":\"https:\/\/vistoriagnv.com.br\/gnv\/#website\",\"url\":\"https:\/\/vistoriagnv.com.br\/gnv\/\",\"name\":\"VISTORIA GNV\",\"description\":\"Postos de Vistoria Veicular GNV no Rio de janeiro\",\"potentialAction\":[{\"@type\":\"SearchAction\",\"target\":{\"@type\":\"EntryPoint\",\"urlTemplate\":\"https:\/\/vistoriagnv.com.br\/gnv\/?s={search_term_string}\"},\"query-input\":{\"@type\":\"PropertyValueSpecification\",\"valueRequired\":true,\"valueName\":\"search_term_string\"}}],\"inLanguage\":\"pt-BR\"}]}<\/script>\n<!-- \/ Yoast SEO plugin. -->","yoast_head_json":{"title":"VISTORIA GNV -- GOLD INSPE\u00c7\u00d5ES VEICULARES RJ - ACREDITA\u00c7\u00c3O INMETRO E DENATRAN","description":"Vistoria GNV Acreditada pelo INMETRO e DENATRAN, centro de Inspe\u00e7\u00e3o Veicular incluindo inspe\u00e7\u00e3o veicular em ve\u00edculos convertidos ao uso do G\u00e1s Natural Veicular (GNV), vistoria de seguran\u00e7a em ve\u00edculos recuperados de sinistro e vistoria de fabrica\u00e7\u00e3o pr\u00f3pria e ve\u00edculos transformados, vistorias em ve\u00edculos de passeio, caminh\u00f5es, vans, \u00f4nibus, pickup, picapes, acredita\u00e7\u00e3o Inmetro e Denatran","robots":{"index":"index","follow":"follow","max-snippet":"max-snippet:-1","max-image-preview":"max-image-preview:large","max-video-preview":"max-video-preview:-1"},"canonical":"https:\/\/vistoriagnv.com.br\/gnv\/index.php\/sobre-nos\/","og_locale":"pt_BR","og_type":"article","og_title":"VISTORIA GNV -- GOLD INSPE\u00c7\u00d5ES VEICULARES RJ - ACREDITA\u00c7\u00c3O INMETRO E DENATRAN","og_description":"Vistoria GNV Acreditada pelo INMETRO e DENATRAN, centro de Inspe\u00e7\u00e3o Veicular incluindo inspe\u00e7\u00e3o veicular em ve\u00edculos convertidos ao uso do G\u00e1s Natural Veicular (GNV), vistoria de seguran\u00e7a em ve\u00edculos recuperados de sinistro e vistoria de fabrica\u00e7\u00e3o pr\u00f3pria e ve\u00edculos transformados, vistorias em ve\u00edculos de passeio, caminh\u00f5es, vans, \u00f4nibus, pickup, picapes, acredita\u00e7\u00e3o Inmetro e Denatran","og_url":"https:\/\/vistoriagnv.com.br\/gnv\/index.php\/sobre-nos\/","og_site_name":"VISTORIA GNV","article_modified_time":"2015-09-06T21:46:50+00:00","twitter_misc":{"Est. tempo de leitura":"3 minutos"},"schema":{"@context":"https:\/\/schema.org","@graph":[{"@type":"WebPage","@id":"https:\/\/vistoriagnv.com.br\/gnv\/index.php\/sobre-nos\/","url":"https:\/\/vistoriagnv.com.br\/gnv\/index.php\/sobre-nos\/","name":"VISTORIA GNV -- GOLD INSPE\u00c7\u00d5ES VEICULARES RJ - ACREDITA\u00c7\u00c3O INMETRO E DENATRAN","isPartOf":{"@id":"https:\/\/vistoriagnv.com.br\/gnv\/#website"},"datePublished":"2014-06-02T19:24:06+00:00","dateModified":"2015-09-06T21:46:50+00:00","description":"Vistoria GNV Acreditada pelo INMETRO e DENATRAN, centro de Inspe\u00e7\u00e3o Veicular incluindo inspe\u00e7\u00e3o veicular em ve\u00edculos convertidos ao uso do G\u00e1s Natural Veicular (GNV), vistoria de seguran\u00e7a em ve\u00edculos recuperados de sinistro e vistoria de fabrica\u00e7\u00e3o pr\u00f3pria e ve\u00edculos transformados, vistorias em ve\u00edculos de passeio, caminh\u00f5es, vans, \u00f4nibus, pickup, picapes, acredita\u00e7\u00e3o Inmetro e Denatran","breadcrumb":{"@id":"https:\/\/vistoriagnv.com.br\/gnv\/index.php\/sobre-nos\/#breadcrumb"},"inLanguage":"pt-BR","potentialAction":[{"@type":"ReadAction","target":["https:\/\/vistoriagnv.com.br\/gnv\/index.php\/sobre-nos\/"]}]},{"@type":"BreadcrumbList","@id":"https:\/\/vistoriagnv.com.br\/gnv\/index.php\/sobre-nos\/#breadcrumb","itemListElement":[{"@type":"ListItem","position":1,"name":"In\u00edcio","item":"https:\/\/vistoriagnv.com.br\/gnv\/"},{"@type":"ListItem","position":2,"name":"Sobre N\u00f3s"}]},{"@type":"WebSite","@id":"https:\/\/vistoriagnv.com.br\/gnv\/#website","url":"https:\/\/vistoriagnv.com.br\/gnv\/","name":"VISTORIA GNV","description":"Postos de Vistoria Veicular GNV no Rio de janeiro","potentialAction":[{"@type":"SearchAction","target":{"@type":"EntryPoint","urlTemplate":"https:\/\/vistoriagnv.com.br\/gnv\/?s={search_term_string}"},"query-input":{"@type":"PropertyValueSpecification","valueRequired":true,"valueName":"search_term_string"}}],"inLanguage":"pt-BR"}]}},"_links":{"self":[{"href":"https:\/\/vistoriagnv.com.br\/gnv\/index.php\/wp-json\/wp\/v2\/pages\/5","targetHints":{"allow":["GET"]}}],"collection":[{"href":"https:\/\/vistoriagnv.com.br\/gnv\/index.php\/wp-json\/wp\/v2\/pages"}],"about":[{"href":"https:\/\/vistoriagnv.com.br\/gnv\/index.php\/wp-json\/wp\/v2\/types\/page"}],"author":[{"embeddable":true,"href":"https:\/\/vistoriagnv.com.br\/gnv\/index.php\/wp-json\/wp\/v2\/users\/1"}],"replies":[{"embeddable":true,"href":"https:\/\/vistoriagnv.com.br\/gnv\/index.php\/wp-json\/wp\/v2\/comments?post=5"}],"version-history":[{"count":15,"href":"https:\/\/vistoriagnv.com.br\/gnv\/index.php\/wp-json\/wp\/v2\/pages\/5\/revisions"}],"predecessor-version":[{"id":647,"href":"https:\/\/vistoriagnv.com.br\/gnv\/index.php\/wp-json\/wp\/v2\/pages\/5\/revisions\/647"}],"wp:attachment":[{"href":"https:\/\/vistoriagnv.com.br\/gnv\/index.php\/wp-json\/wp\/v2\/media?parent=5"}],"curies":[{"name":"wp","href":"https:\/\/api.w.org\/{rel}","templated":true}]}}