{"id":7,"date":"2014-06-02T19:24:53","date_gmt":"2014-06-02T19:24:53","guid":{"rendered":"http:\/\/vistoriagnv.com.br\/gnv\/?page_id=7"},"modified":"2015-09-06T22:59:43","modified_gmt":"2015-09-06T22:59:43","slug":"seguranca-veicular","status":"publish","type":"page","link":"https:\/\/vistoriagnv.com.br\/gnv\/index.php\/saiba-mais\/seguranca-veicular\/","title":{"rendered":"Seguran\u00e7a Veicular"},"content":{"rendered":"<p><strong><br \/>\nSeu ve\u00edculo \u00e9 seguro?<\/strong><br \/>\nConhe\u00e7a abaixo algumas informa\u00e7\u00f5es sobre seguran\u00e7a veicular.<\/p>\n<p style=\"text-align: justify;\"><img loading=\"lazy\" decoding=\"async\" class=\"alignleft size-thumbnail wp-image-389\" src=\"http:\/\/vistoriagnv.com.br\/gnv\/wp-content\/uploads\/2014\/06\/family-150x150.jpg\" alt=\"family\" width=\"150\" height=\"150\" \/>Em todas as nossas unidades de atendimento, voc\u00ea tem a possibilidade de um eficiente e <strong>completo diagn\u00f3stico<\/strong> das condi\u00e7\u00f5es de seguran\u00e7a do seu ve\u00edculo, com <strong>Inspe\u00e7\u00e3o de Seguran\u00e7a Veicular (ISV)<\/strong> acreditada pelo <strong>INMETRO\u00a0<\/strong>e <strong>Denatran<\/strong>, assim, toda a nossa rede conveniada t\u00eam o reconhecimento e acredita\u00e7\u00e3o dos mais importantes \u00f3rg\u00e3os de certifica\u00e7\u00e3o e seguran\u00e7a no transito do Pa\u00eds, assegurando a total transpar\u00eancia e credibilidade t\u00e9cnica em nossos diagn\u00f3sticos!<\/p>\n<div class=\"su-note\"  style=\"border-color:#d6d6d6;border-radius:3px;-moz-border-radius:3px;-webkit-border-radius:3px;\"><div class=\"su-note-inner su-u-clearfix su-u-trim\" style=\"background-color:#F0F0F0;border-color:#ffffff;color:#333333;border-radius:3px;-moz-border-radius:3px;-webkit-border-radius:3px;\">\n<p style=\"text-align: justify;\">Com experi\u00eancia acumulada de uma rotina que inclui dezenas de inspe\u00e7\u00f5es di\u00e1rias, realizada por nosso t\u00e9cnicos e engenheiros, que utilizam os equipamentos de inspe\u00e7\u00e3o mais avan\u00e7ados, sob credenciamento do Inmetro e Denatran.<br \/>\nAl\u00e9m de nossa total isen\u00e7\u00e3o com rela\u00e7\u00e3o a quaisquer prestadora de servi\u00e7o ou com\u00e9rcio de produtos, assegurando laudos independentes com diagn\u00f3sticos seguros e altamente confi\u00e1veis.<\/p>\n<\/div><\/div>\n<hr \/>\n<p>D\u00ea aten\u00e7\u00e3o a seguran\u00e7a veicular! <a title=\"Contatos\" href=\"http:\/\/vistoriagnv.com.br\/gnv\/index.php\/agendar-vistoria\/\">Envie-nos sua pergunta<\/a> ou <a title=\"Nossas Lojas\" href=\"http:\/\/vistoriagnv.com.br\/gnv\/index.php\/empresas-parceiras\/\">procure uma loja<\/a> que um dos nossos Engenheiros ter\u00e1 enorme satisfa\u00e7\u00e3o em orient\u00e1-lo.<\/p>\n","protected":false},"excerpt":{"rendered":"<p>Seu ve\u00edculo \u00e9 seguro? Conhe\u00e7a abaixo algumas informa\u00e7\u00f5es sobre seguran\u00e7a veicular. Em todas as nossas unidades de atendimento, voc\u00ea tem a possibilidade de um eficiente e completo diagn\u00f3stico das condi\u00e7\u00f5es de seguran\u00e7a do seu ve\u00edculo, com Inspe\u00e7\u00e3o de Seguran\u00e7a Veicular (ISV) acreditada pelo INMETRO\u00a0e Denatran, assim, toda a nossa rede conveniada t\u00eam o reconhecimento e&#8230;<\/p>\n","protected":false},"author":1,"featured_media":0,"parent":9,"menu_order":0,"comment_status":"closed","ping_status":"closed","template":"","meta":{"footnotes":""},"class_list":["post-7","page","type-page","status-publish","hentry"],"yoast_head":"<!-- This site is optimized with the Yoast SEO plugin v24.8.1 - https:\/\/yoast.com\/wordpress\/plugins\/seo\/ -->\n<title>VISTORIA GNV -- GOLD INSPE\u00c7\u00d5ES VEICULARES RJ - ACREDITA\u00c7\u00c3O INMETRO E DENATRAN<\/title>\n<meta name=\"description\" content=\"Vistoria GNV Acreditada pelo INMETRO e DENATRAN, centro de Inspe\u00e7\u00e3o Veicular incluindo inspe\u00e7\u00e3o veicular em ve\u00edculos convertidos ao uso do G\u00e1s Natural Veicular (GNV), vistoria de seguran\u00e7a em ve\u00edculos recuperados de sinistro e vistoria de fabrica\u00e7\u00e3o pr\u00f3pria e ve\u00edculos transformados, vistorias em ve\u00edculos de passeio, caminh\u00f5es, vans, \u00f4nibus, pickup, picapes, acredita\u00e7\u00e3o Inmetro e Denatran\" \/>\n<meta name=\"robots\" content=\"index, follow, max-snippet:-1, max-image-preview:large, max-video-preview:-1\" \/>\n<link rel=\"canonical\" href=\"https:\/\/vistoriagnv.com.br\/gnv\/index.php\/saiba-mais\/seguranca-veicular\/\" \/>\n<meta property=\"og:locale\" content=\"pt_BR\" \/>\n<meta property=\"og:type\" content=\"article\" \/>\n<meta property=\"og:title\" content=\"VISTORIA GNV -- GOLD INSPE\u00c7\u00d5ES VEICULARES RJ - ACREDITA\u00c7\u00c3O INMETRO E DENATRAN\" \/>\n<meta property=\"og:description\" content=\"Vistoria GNV Acreditada pelo INMETRO e DENATRAN, centro de Inspe\u00e7\u00e3o Veicular incluindo inspe\u00e7\u00e3o veicular em ve\u00edculos convertidos ao uso do G\u00e1s Natural Veicular (GNV), vistoria de seguran\u00e7a em ve\u00edculos recuperados de sinistro e vistoria de fabrica\u00e7\u00e3o pr\u00f3pria e ve\u00edculos transformados, vistorias em ve\u00edculos de passeio, caminh\u00f5es, vans, \u00f4nibus, pickup, picapes, acredita\u00e7\u00e3o Inmetro e Denatran\" \/>\n<meta property=\"og:url\" content=\"https:\/\/vistoriagnv.com.br\/gnv\/index.php\/saiba-mais\/seguranca-veicular\/\" \/>\n<meta property=\"og:site_name\" content=\"VISTORIA GNV\" \/>\n<meta property=\"article:modified_time\" content=\"2015-09-06T22:59:43+00:00\" \/>\n<meta property=\"og:image\" content=\"http:\/\/vistoriagnv.com.br\/gnv\/wp-content\/uploads\/2014\/06\/family-150x150.jpg\" \/>\n<meta name=\"twitter:label1\" content=\"Est. tempo de leitura\" \/>\n\t<meta name=\"twitter:data1\" content=\"1 minuto\" \/>\n<script type=\"application\/ld+json\" class=\"yoast-schema-graph\">{\"@context\":\"https:\/\/schema.org\",\"@graph\":[{\"@type\":\"WebPage\",\"@id\":\"https:\/\/vistoriagnv.com.br\/gnv\/index.php\/saiba-mais\/seguranca-veicular\/\",\"url\":\"https:\/\/vistoriagnv.com.br\/gnv\/index.php\/saiba-mais\/seguranca-veicular\/\",\"name\":\"VISTORIA GNV -- GOLD INSPE\u00c7\u00d5ES VEICULARES RJ - ACREDITA\u00c7\u00c3O INMETRO E DENATRAN\",\"isPartOf\":{\"@id\":\"https:\/\/vistoriagnv.com.br\/gnv\/#website\"},\"primaryImageOfPage\":{\"@id\":\"https:\/\/vistoriagnv.com.br\/gnv\/index.php\/saiba-mais\/seguranca-veicular\/#primaryimage\"},\"image\":{\"@id\":\"https:\/\/vistoriagnv.com.br\/gnv\/index.php\/saiba-mais\/seguranca-veicular\/#primaryimage\"},\"thumbnailUrl\":\"http:\/\/vistoriagnv.com.br\/gnv\/wp-content\/uploads\/2014\/06\/family-150x150.jpg\",\"datePublished\":\"2014-06-02T19:24:53+00:00\",\"dateModified\":\"2015-09-06T22:59:43+00:00\",\"description\":\"Vistoria GNV Acreditada pelo INMETRO e DENATRAN, centro de Inspe\u00e7\u00e3o Veicular incluindo inspe\u00e7\u00e3o veicular em ve\u00edculos convertidos ao uso do G\u00e1s Natural Veicular (GNV), vistoria de seguran\u00e7a em ve\u00edculos recuperados de sinistro e vistoria de fabrica\u00e7\u00e3o pr\u00f3pria e ve\u00edculos transformados, vistorias em ve\u00edculos de passeio, caminh\u00f5es, vans, \u00f4nibus, pickup, picapes, acredita\u00e7\u00e3o Inmetro e Denatran\",\"breadcrumb\":{\"@id\":\"https:\/\/vistoriagnv.com.br\/gnv\/index.php\/saiba-mais\/seguranca-veicular\/#breadcrumb\"},\"inLanguage\":\"pt-BR\",\"potentialAction\":[{\"@type\":\"ReadAction\",\"target\":[\"https:\/\/vistoriagnv.com.br\/gnv\/index.php\/saiba-mais\/seguranca-veicular\/\"]}]},{\"@type\":\"ImageObject\",\"inLanguage\":\"pt-BR\",\"@id\":\"https:\/\/vistoriagnv.com.br\/gnv\/index.php\/saiba-mais\/seguranca-veicular\/#primaryimage\",\"url\":\"https:\/\/vistoriagnv.com.br\/gnv\/wp-content\/uploads\/2014\/06\/family.jpg\",\"contentUrl\":\"https:\/\/vistoriagnv.com.br\/gnv\/wp-content\/uploads\/2014\/06\/family.jpg\",\"width\":400,\"height\":224},{\"@type\":\"BreadcrumbList\",\"@id\":\"https:\/\/vistoriagnv.com.br\/gnv\/index.php\/saiba-mais\/seguranca-veicular\/#breadcrumb\",\"itemListElement\":[{\"@type\":\"ListItem\",\"position\":1,\"name\":\"In\u00edcio\",\"item\":\"https:\/\/vistoriagnv.com.br\/gnv\/\"},{\"@type\":\"ListItem\",\"position\":2,\"name\":\"Saiba Mais\",\"item\":\"https:\/\/vistoriagnv.com.br\/gnv\/index.php\/saiba-mais\/\"},{\"@type\":\"ListItem\",\"position\":3,\"name\":\"Seguran\u00e7a Veicular\"}]},{\"@type\":\"WebSite\",\"@id\":\"https:\/\/vistoriagnv.com.br\/gnv\/#website\",\"url\":\"https:\/\/vistoriagnv.com.br\/gnv\/\",\"name\":\"VISTORIA GNV\",\"description\":\"Postos de Vistoria Veicular GNV no Rio de janeiro\",\"potentialAction\":[{\"@type\":\"SearchAction\",\"target\":{\"@type\":\"EntryPoint\",\"urlTemplate\":\"https:\/\/vistoriagnv.com.br\/gnv\/?s={search_term_string}\"},\"query-input\":{\"@type\":\"PropertyValueSpecification\",\"valueRequired\":true,\"valueName\":\"search_term_string\"}}],\"inLanguage\":\"pt-BR\"}]}<\/script>\n<!-- \/ Yoast SEO plugin. -->","yoast_head_json":{"title":"VISTORIA GNV -- GOLD INSPE\u00c7\u00d5ES VEICULARES RJ - ACREDITA\u00c7\u00c3O INMETRO E DENATRAN","description":"Vistoria GNV Acreditada pelo INMETRO e DENATRAN, centro de Inspe\u00e7\u00e3o Veicular incluindo inspe\u00e7\u00e3o veicular em ve\u00edculos convertidos ao uso do G\u00e1s Natural Veicular (GNV), vistoria de seguran\u00e7a em ve\u00edculos recuperados de sinistro e vistoria de fabrica\u00e7\u00e3o pr\u00f3pria e ve\u00edculos transformados, vistorias em ve\u00edculos de passeio, caminh\u00f5es, vans, \u00f4nibus, pickup, picapes, acredita\u00e7\u00e3o Inmetro e Denatran","robots":{"index":"index","follow":"follow","max-snippet":"max-snippet:-1","max-image-preview":"max-image-preview:large","max-video-preview":"max-video-preview:-1"},"canonical":"https:\/\/vistoriagnv.com.br\/gnv\/index.php\/saiba-mais\/seguranca-veicular\/","og_locale":"pt_BR","og_type":"article","og_title":"VISTORIA GNV -- GOLD INSPE\u00c7\u00d5ES VEICULARES RJ - ACREDITA\u00c7\u00c3O INMETRO E DENATRAN","og_description":"Vistoria GNV Acreditada pelo INMETRO e DENATRAN, centro de Inspe\u00e7\u00e3o Veicular incluindo inspe\u00e7\u00e3o veicular em ve\u00edculos convertidos ao uso do G\u00e1s Natural Veicular (GNV), vistoria de seguran\u00e7a em ve\u00edculos recuperados de sinistro e vistoria de fabrica\u00e7\u00e3o pr\u00f3pria e ve\u00edculos transformados, vistorias em ve\u00edculos de passeio, caminh\u00f5es, vans, \u00f4nibus, pickup, picapes, acredita\u00e7\u00e3o Inmetro e Denatran","og_url":"https:\/\/vistoriagnv.com.br\/gnv\/index.php\/saiba-mais\/seguranca-veicular\/","og_site_name":"VISTORIA GNV","article_modified_time":"2015-09-06T22:59:43+00:00","og_image":[{"url":"http:\/\/vistoriagnv.com.br\/gnv\/wp-content\/uploads\/2014\/06\/family-150x150.jpg","type":"","width":"","height":""}],"twitter_misc":{"Est. tempo de leitura":"1 minuto"},"schema":{"@context":"https:\/\/schema.org","@graph":[{"@type":"WebPage","@id":"https:\/\/vistoriagnv.com.br\/gnv\/index.php\/saiba-mais\/seguranca-veicular\/","url":"https:\/\/vistoriagnv.com.br\/gnv\/index.php\/saiba-mais\/seguranca-veicular\/","name":"VISTORIA GNV -- GOLD INSPE\u00c7\u00d5ES VEICULARES RJ - ACREDITA\u00c7\u00c3O INMETRO E DENATRAN","isPartOf":{"@id":"https:\/\/vistoriagnv.com.br\/gnv\/#website"},"primaryImageOfPage":{"@id":"https:\/\/vistoriagnv.com.br\/gnv\/index.php\/saiba-mais\/seguranca-veicular\/#primaryimage"},"image":{"@id":"https:\/\/vistoriagnv.com.br\/gnv\/index.php\/saiba-mais\/seguranca-veicular\/#primaryimage"},"thumbnailUrl":"http:\/\/vistoriagnv.com.br\/gnv\/wp-content\/uploads\/2014\/06\/family-150x150.jpg","datePublished":"2014-06-02T19:24:53+00:00","dateModified":"2015-09-06T22:59:43+00:00","description":"Vistoria GNV Acreditada pelo INMETRO e DENATRAN, centro de Inspe\u00e7\u00e3o Veicular incluindo inspe\u00e7\u00e3o veicular em ve\u00edculos convertidos ao uso do G\u00e1s Natural Veicular (GNV), vistoria de seguran\u00e7a em ve\u00edculos recuperados de sinistro e vistoria de fabrica\u00e7\u00e3o pr\u00f3pria e ve\u00edculos transformados, vistorias em ve\u00edculos de passeio, caminh\u00f5es, vans, \u00f4nibus, pickup, picapes, acredita\u00e7\u00e3o Inmetro e Denatran","breadcrumb":{"@id":"https:\/\/vistoriagnv.com.br\/gnv\/index.php\/saiba-mais\/seguranca-veicular\/#breadcrumb"},"inLanguage":"pt-BR","potentialAction":[{"@type":"ReadAction","target":["https:\/\/vistoriagnv.com.br\/gnv\/index.php\/saiba-mais\/seguranca-veicular\/"]}]},{"@type":"ImageObject","inLanguage":"pt-BR","@id":"https:\/\/vistoriagnv.com.br\/gnv\/index.php\/saiba-mais\/seguranca-veicular\/#primaryimage","url":"https:\/\/vistoriagnv.com.br\/gnv\/wp-content\/uploads\/2014\/06\/family.jpg","contentUrl":"https:\/\/vistoriagnv.com.br\/gnv\/wp-content\/uploads\/2014\/06\/family.jpg","width":400,"height":224},{"@type":"BreadcrumbList","@id":"https:\/\/vistoriagnv.com.br\/gnv\/index.php\/saiba-mais\/seguranca-veicular\/#breadcrumb","itemListElement":[{"@type":"ListItem","position":1,"name":"In\u00edcio","item":"https:\/\/vistoriagnv.com.br\/gnv\/"},{"@type":"ListItem","position":2,"name":"Saiba Mais","item":"https:\/\/vistoriagnv.com.br\/gnv\/index.php\/saiba-mais\/"},{"@type":"ListItem","position":3,"name":"Seguran\u00e7a Veicular"}]},{"@type":"WebSite","@id":"https:\/\/vistoriagnv.com.br\/gnv\/#website","url":"https:\/\/vistoriagnv.com.br\/gnv\/","name":"VISTORIA GNV","description":"Postos de Vistoria Veicular GNV no Rio de janeiro","potentialAction":[{"@type":"SearchAction","target":{"@type":"EntryPoint","urlTemplate":"https:\/\/vistoriagnv.com.br\/gnv\/?s={search_term_string}"},"query-input":{"@type":"PropertyValueSpecification","valueRequired":true,"valueName":"search_term_string"}}],"inLanguage":"pt-BR"}]}},"_links":{"self":[{"href":"https:\/\/vistoriagnv.com.br\/gnv\/index.php\/wp-json\/wp\/v2\/pages\/7","targetHints":{"allow":["GET"]}}],"collection":[{"href":"https:\/\/vistoriagnv.com.br\/gnv\/index.php\/wp-json\/wp\/v2\/pages"}],"about":[{"href":"https:\/\/vistoriagnv.com.br\/gnv\/index.php\/wp-json\/wp\/v2\/types\/page"}],"author":[{"embeddable":true,"href":"https:\/\/vistoriagnv.com.br\/gnv\/index.php\/wp-json\/wp\/v2\/users\/1"}],"replies":[{"embeddable":true,"href":"https:\/\/vistoriagnv.com.br\/gnv\/index.php\/wp-json\/wp\/v2\/comments?post=7"}],"version-history":[{"count":16,"href":"https:\/\/vistoriagnv.com.br\/gnv\/index.php\/wp-json\/wp\/v2\/pages\/7\/revisions"}],"predecessor-version":[{"id":700,"href":"https:\/\/vistoriagnv.com.br\/gnv\/index.php\/wp-json\/wp\/v2\/pages\/7\/revisions\/700"}],"up":[{"embeddable":true,"href":"https:\/\/vistoriagnv.com.br\/gnv\/index.php\/wp-json\/wp\/v2\/pages\/9"}],"wp:attachment":[{"href":"https:\/\/vistoriagnv.com.br\/gnv\/index.php\/wp-json\/wp\/v2\/media?parent=7"}],"curies":[{"name":"wp","href":"https:\/\/api.w.org\/{rel}","templated":true}]}}