{"id":71,"date":"2014-06-03T18:44:17","date_gmt":"2014-06-03T18:44:17","guid":{"rendered":"http:\/\/vistoriagnv.com.br\/gnv\/?page_id=71"},"modified":"2015-10-05T17:15:18","modified_gmt":"2015-10-05T17:15:18","slug":"itaborai","status":"publish","type":"page","link":"https:\/\/vistoriagnv.com.br\/gnv\/index.php\/empresas-parceiras\/itaborai\/","title":{"rendered":"Itabora\u00ed"},"content":{"rendered":"<p>SIVI &#8211; Servi\u00e7o de inspe\u00e7\u00e3o veicular Itabora\u00ed<br \/>\nRod BR 101, Km 25,5; Lote 08, Qd 01 &#8211; Galp\u00e3o (Em frente a VW Caminh\u00f5es &#8211; Pista Sentido Rio)<br \/>\nRetiro S. Joaquim &#8211; Itabora\u00ed &#8211; RJ<br \/>\nTels: (21) 3638-6135 | (21) 3639-8457 | Nextel (21)7868-4852 &#8211; ID- 12*2931<br \/>\nSite:\u00a0<a title=\"www.sivignv.com.br\" href=\"http:\/\/www.sivignv.com.br\/sivi\/\" target=\"_blank\">www.sivignv.com.br<\/a><\/p>\n<hr \/>\n<p><iframe loading=\"lazy\" style=\"border: 0;\" src=\"https:\/\/www.google.com\/maps\/embed?pb=!1m21!1m8!1m3!1d1676.5417239301942!2d-42.9023097!3d-22.7627225!3m2!1i1024!2i768!4f13.1!4m10!1i0!3e6!4m3!3m2!1d-22.7621125!2d-42.9007028!4m3!3m2!1d-22.7621173!2d-42.900698999999996!5e1!3m2!1spt-BR!2sbr!4v1409331235019\" width=\"708\" height=\"300\" frameborder=\"0\"><\/iframe><br \/>\nlink: <a title=\"Mapa desta unidade\" href=\"https:\/\/goo.gl\/maps\/pCcWb\" target=\"_blank\">https:\/\/goo.gl\/maps\/pCcWb<\/a><\/p>\n<hr \/>\n<p><strong>Caso V.S.\u00aa deseje realizar agendamento do servi\u00e7o, favor entrar em contato diretamente com a Unidade.<\/strong><\/p>\n","protected":false},"excerpt":{"rendered":"<p>SIVI &#8211; Servi\u00e7o de inspe\u00e7\u00e3o veicular Itabora\u00ed Rod BR 101, Km 25,5; Lote 08, Qd 01 &#8211; Galp\u00e3o (Em frente a VW Caminh\u00f5es &#8211; Pista Sentido Rio) Retiro S. Joaquim &#8211; Itabora\u00ed &#8211; RJ Tels: (21) 3638-6135 | (21) 3639-8457 | Nextel (21)7868-4852 &#8211; ID- 12*2931 Site:\u00a0www.sivignv.com.br link: https:\/\/goo.gl\/maps\/pCcWb Caso V.S.\u00aa deseje realizar agendamento do&#8230;<\/p>\n","protected":false},"author":1,"featured_media":0,"parent":15,"menu_order":1,"comment_status":"closed","ping_status":"closed","template":"","meta":{"footnotes":""},"class_list":["post-71","page","type-page","status-publish","hentry"],"yoast_head":"<!-- This site is optimized with the Yoast SEO plugin v24.8.1 - https:\/\/yoast.com\/wordpress\/plugins\/seo\/ -->\n<title>VISTORIA GNV -- GOLD INSPE\u00c7\u00d5ES VEICULARES RJ - ACREDITA\u00c7\u00c3O INMETRO E DENATRAN<\/title>\n<meta name=\"description\" content=\"Vistoria GNV Acreditada pelo INMETRO e DENATRAN, centro de Inspe\u00e7\u00e3o Veicular incluindo inspe\u00e7\u00e3o veicular em ve\u00edculos convertidos ao uso do G\u00e1s Natural Veicular (GNV), vistoria de seguran\u00e7a em ve\u00edculos recuperados de sinistro e vistoria de fabrica\u00e7\u00e3o pr\u00f3pria e ve\u00edculos transformados, vistorias em ve\u00edculos de passeio, caminh\u00f5es, vans, \u00f4nibus, pickup, picapes, acredita\u00e7\u00e3o Inmetro e Denatran\" \/>\n<meta name=\"robots\" content=\"index, follow, max-snippet:-1, max-image-preview:large, max-video-preview:-1\" \/>\n<link rel=\"canonical\" href=\"https:\/\/vistoriagnv.com.br\/gnv\/index.php\/empresas-parceiras\/itaborai\/\" \/>\n<meta property=\"og:locale\" content=\"pt_BR\" \/>\n<meta property=\"og:type\" content=\"article\" \/>\n<meta property=\"og:title\" content=\"VISTORIA GNV -- GOLD INSPE\u00c7\u00d5ES VEICULARES RJ - ACREDITA\u00c7\u00c3O INMETRO E DENATRAN\" \/>\n<meta property=\"og:description\" content=\"Vistoria GNV Acreditada pelo INMETRO e DENATRAN, centro de Inspe\u00e7\u00e3o Veicular incluindo inspe\u00e7\u00e3o veicular em ve\u00edculos convertidos ao uso do G\u00e1s Natural Veicular (GNV), vistoria de seguran\u00e7a em ve\u00edculos recuperados de sinistro e vistoria de fabrica\u00e7\u00e3o pr\u00f3pria e ve\u00edculos transformados, vistorias em ve\u00edculos de passeio, caminh\u00f5es, vans, \u00f4nibus, pickup, picapes, acredita\u00e7\u00e3o Inmetro e Denatran\" \/>\n<meta property=\"og:url\" content=\"https:\/\/vistoriagnv.com.br\/gnv\/index.php\/empresas-parceiras\/itaborai\/\" \/>\n<meta property=\"og:site_name\" content=\"VISTORIA GNV\" \/>\n<meta property=\"article:modified_time\" content=\"2015-10-05T17:15:18+00:00\" \/>\n<script type=\"application\/ld+json\" class=\"yoast-schema-graph\">{\"@context\":\"https:\/\/schema.org\",\"@graph\":[{\"@type\":\"WebPage\",\"@id\":\"https:\/\/vistoriagnv.com.br\/gnv\/index.php\/empresas-parceiras\/itaborai\/\",\"url\":\"https:\/\/vistoriagnv.com.br\/gnv\/index.php\/empresas-parceiras\/itaborai\/\",\"name\":\"VISTORIA GNV -- GOLD INSPE\u00c7\u00d5ES VEICULARES RJ - ACREDITA\u00c7\u00c3O INMETRO E DENATRAN\",\"isPartOf\":{\"@id\":\"https:\/\/vistoriagnv.com.br\/gnv\/#website\"},\"datePublished\":\"2014-06-03T18:44:17+00:00\",\"dateModified\":\"2015-10-05T17:15:18+00:00\",\"description\":\"Vistoria GNV Acreditada pelo INMETRO e DENATRAN, centro de Inspe\u00e7\u00e3o Veicular incluindo inspe\u00e7\u00e3o veicular em ve\u00edculos convertidos ao uso do G\u00e1s Natural Veicular (GNV), vistoria de seguran\u00e7a em ve\u00edculos recuperados de sinistro e vistoria de fabrica\u00e7\u00e3o pr\u00f3pria e ve\u00edculos transformados, vistorias em ve\u00edculos de passeio, caminh\u00f5es, vans, \u00f4nibus, pickup, picapes, acredita\u00e7\u00e3o Inmetro e Denatran\",\"breadcrumb\":{\"@id\":\"https:\/\/vistoriagnv.com.br\/gnv\/index.php\/empresas-parceiras\/itaborai\/#breadcrumb\"},\"inLanguage\":\"pt-BR\",\"potentialAction\":[{\"@type\":\"ReadAction\",\"target\":[\"https:\/\/vistoriagnv.com.br\/gnv\/index.php\/empresas-parceiras\/itaborai\/\"]}]},{\"@type\":\"BreadcrumbList\",\"@id\":\"https:\/\/vistoriagnv.com.br\/gnv\/index.php\/empresas-parceiras\/itaborai\/#breadcrumb\",\"itemListElement\":[{\"@type\":\"ListItem\",\"position\":1,\"name\":\"In\u00edcio\",\"item\":\"https:\/\/vistoriagnv.com.br\/gnv\/\"},{\"@type\":\"ListItem\",\"position\":2,\"name\":\"Nossas Lojas\",\"item\":\"https:\/\/vistoriagnv.com.br\/gnv\/index.php\/empresas-parceiras\/\"},{\"@type\":\"ListItem\",\"position\":3,\"name\":\"Itabora\u00ed\"}]},{\"@type\":\"WebSite\",\"@id\":\"https:\/\/vistoriagnv.com.br\/gnv\/#website\",\"url\":\"https:\/\/vistoriagnv.com.br\/gnv\/\",\"name\":\"VISTORIA GNV\",\"description\":\"Postos de Vistoria Veicular GNV no Rio de janeiro\",\"potentialAction\":[{\"@type\":\"SearchAction\",\"target\":{\"@type\":\"EntryPoint\",\"urlTemplate\":\"https:\/\/vistoriagnv.com.br\/gnv\/?s={search_term_string}\"},\"query-input\":{\"@type\":\"PropertyValueSpecification\",\"valueRequired\":true,\"valueName\":\"search_term_string\"}}],\"inLanguage\":\"pt-BR\"}]}<\/script>\n<!-- \/ Yoast SEO plugin. -->","yoast_head_json":{"title":"VISTORIA GNV -- GOLD INSPE\u00c7\u00d5ES VEICULARES RJ - ACREDITA\u00c7\u00c3O INMETRO E DENATRAN","description":"Vistoria GNV Acreditada pelo INMETRO e DENATRAN, centro de Inspe\u00e7\u00e3o Veicular incluindo inspe\u00e7\u00e3o veicular em ve\u00edculos convertidos ao uso do G\u00e1s Natural Veicular (GNV), vistoria de seguran\u00e7a em ve\u00edculos recuperados de sinistro e vistoria de fabrica\u00e7\u00e3o pr\u00f3pria e ve\u00edculos transformados, vistorias em ve\u00edculos de passeio, caminh\u00f5es, vans, \u00f4nibus, pickup, picapes, acredita\u00e7\u00e3o Inmetro e Denatran","robots":{"index":"index","follow":"follow","max-snippet":"max-snippet:-1","max-image-preview":"max-image-preview:large","max-video-preview":"max-video-preview:-1"},"canonical":"https:\/\/vistoriagnv.com.br\/gnv\/index.php\/empresas-parceiras\/itaborai\/","og_locale":"pt_BR","og_type":"article","og_title":"VISTORIA GNV -- GOLD INSPE\u00c7\u00d5ES VEICULARES RJ - ACREDITA\u00c7\u00c3O INMETRO E DENATRAN","og_description":"Vistoria GNV Acreditada pelo INMETRO e DENATRAN, centro de Inspe\u00e7\u00e3o Veicular incluindo inspe\u00e7\u00e3o veicular em ve\u00edculos convertidos ao uso do G\u00e1s Natural Veicular (GNV), vistoria de seguran\u00e7a em ve\u00edculos recuperados de sinistro e vistoria de fabrica\u00e7\u00e3o pr\u00f3pria e ve\u00edculos transformados, vistorias em ve\u00edculos de passeio, caminh\u00f5es, vans, \u00f4nibus, pickup, picapes, acredita\u00e7\u00e3o Inmetro e Denatran","og_url":"https:\/\/vistoriagnv.com.br\/gnv\/index.php\/empresas-parceiras\/itaborai\/","og_site_name":"VISTORIA GNV","article_modified_time":"2015-10-05T17:15:18+00:00","schema":{"@context":"https:\/\/schema.org","@graph":[{"@type":"WebPage","@id":"https:\/\/vistoriagnv.com.br\/gnv\/index.php\/empresas-parceiras\/itaborai\/","url":"https:\/\/vistoriagnv.com.br\/gnv\/index.php\/empresas-parceiras\/itaborai\/","name":"VISTORIA GNV -- GOLD INSPE\u00c7\u00d5ES VEICULARES RJ - ACREDITA\u00c7\u00c3O INMETRO E DENATRAN","isPartOf":{"@id":"https:\/\/vistoriagnv.com.br\/gnv\/#website"},"datePublished":"2014-06-03T18:44:17+00:00","dateModified":"2015-10-05T17:15:18+00:00","description":"Vistoria GNV Acreditada pelo INMETRO e DENATRAN, centro de Inspe\u00e7\u00e3o Veicular incluindo inspe\u00e7\u00e3o veicular em ve\u00edculos convertidos ao uso do G\u00e1s Natural Veicular (GNV), vistoria de seguran\u00e7a em ve\u00edculos recuperados de sinistro e vistoria de fabrica\u00e7\u00e3o pr\u00f3pria e ve\u00edculos transformados, vistorias em ve\u00edculos de passeio, caminh\u00f5es, vans, \u00f4nibus, pickup, picapes, acredita\u00e7\u00e3o Inmetro e Denatran","breadcrumb":{"@id":"https:\/\/vistoriagnv.com.br\/gnv\/index.php\/empresas-parceiras\/itaborai\/#breadcrumb"},"inLanguage":"pt-BR","potentialAction":[{"@type":"ReadAction","target":["https:\/\/vistoriagnv.com.br\/gnv\/index.php\/empresas-parceiras\/itaborai\/"]}]},{"@type":"BreadcrumbList","@id":"https:\/\/vistoriagnv.com.br\/gnv\/index.php\/empresas-parceiras\/itaborai\/#breadcrumb","itemListElement":[{"@type":"ListItem","position":1,"name":"In\u00edcio","item":"https:\/\/vistoriagnv.com.br\/gnv\/"},{"@type":"ListItem","position":2,"name":"Nossas Lojas","item":"https:\/\/vistoriagnv.com.br\/gnv\/index.php\/empresas-parceiras\/"},{"@type":"ListItem","position":3,"name":"Itabora\u00ed"}]},{"@type":"WebSite","@id":"https:\/\/vistoriagnv.com.br\/gnv\/#website","url":"https:\/\/vistoriagnv.com.br\/gnv\/","name":"VISTORIA GNV","description":"Postos de Vistoria Veicular GNV no Rio de janeiro","potentialAction":[{"@type":"SearchAction","target":{"@type":"EntryPoint","urlTemplate":"https:\/\/vistoriagnv.com.br\/gnv\/?s={search_term_string}"},"query-input":{"@type":"PropertyValueSpecification","valueRequired":true,"valueName":"search_term_string"}}],"inLanguage":"pt-BR"}]}},"_links":{"self":[{"href":"https:\/\/vistoriagnv.com.br\/gnv\/index.php\/wp-json\/wp\/v2\/pages\/71","targetHints":{"allow":["GET"]}}],"collection":[{"href":"https:\/\/vistoriagnv.com.br\/gnv\/index.php\/wp-json\/wp\/v2\/pages"}],"about":[{"href":"https:\/\/vistoriagnv.com.br\/gnv\/index.php\/wp-json\/wp\/v2\/types\/page"}],"author":[{"embeddable":true,"href":"https:\/\/vistoriagnv.com.br\/gnv\/index.php\/wp-json\/wp\/v2\/users\/1"}],"replies":[{"embeddable":true,"href":"https:\/\/vistoriagnv.com.br\/gnv\/index.php\/wp-json\/wp\/v2\/comments?post=71"}],"version-history":[{"count":10,"href":"https:\/\/vistoriagnv.com.br\/gnv\/index.php\/wp-json\/wp\/v2\/pages\/71\/revisions"}],"predecessor-version":[{"id":765,"href":"https:\/\/vistoriagnv.com.br\/gnv\/index.php\/wp-json\/wp\/v2\/pages\/71\/revisions\/765"}],"up":[{"embeddable":true,"href":"https:\/\/vistoriagnv.com.br\/gnv\/index.php\/wp-json\/wp\/v2\/pages\/15"}],"wp:attachment":[{"href":"https:\/\/vistoriagnv.com.br\/gnv\/index.php\/wp-json\/wp\/v2\/media?parent=71"}],"curies":[{"name":"wp","href":"https:\/\/api.w.org\/{rel}","templated":true}]}}