{"id":77,"date":"2014-06-03T18:47:04","date_gmt":"2014-06-03T18:47:04","guid":{"rendered":"http:\/\/vistoriagnv.com.br\/gnv\/?page_id=77"},"modified":"2015-10-07T17:10:20","modified_gmt":"2015-10-07T17:10:20","slug":"jardim-america","status":"publish","type":"page","link":"https:\/\/vistoriagnv.com.br\/gnv\/index.php\/empresas-parceiras\/jardim-america\/","title":{"rendered":"Jardim Am\u00e9rica"},"content":{"rendered":"<p>Cotran &#8211; Controle de Transportes Ltda.<br \/>\nRua Granada, 210<br \/>\nJardim Am\u00e9rica &#8211; Rio de Janeiro<br \/>\nTels:\u00a0(21) 2482-5500<br \/>\nE-mail:\u00a0<a title=\"cotran@cotran.com.br\" href=\"mailto:cotran@cotran.com.br\" target=\"_blank\">cotran@cotran.com.br<\/a><\/p>\n<hr \/>\n<p><iframe loading=\"lazy\" style=\"border: 0;\" src=\"https:\/\/www.google.com\/maps\/embed?pb=!1m14!1m8!1m3!1d3677.6301835300733!2d-43.3120127!3d-22.816163199999995!3m2!1i1024!2i768!4f13.1!3m3!1m2!1s0x997b3dbe330ff3%3A0xb2a895d66092a1c7!2sR.+Granada%2C+210+-+Vig%C3%A1rio+Geral%2C+Rio+de+Janeiro+-+RJ%2C+21241-120!5e0!3m2!1spt-BR!2sbr!4v1407277293452\" width=\"708\" height=\"300\" frameborder=\"0\"><\/iframe><\/p>\n<hr \/>\n<p><strong>Caso V.S.\u00aa deseje realizar agendamento do servi\u00e7o, favor entrar em contato diretamente com a Unidade.<\/strong><\/p>\n","protected":false},"excerpt":{"rendered":"<p>Cotran &#8211; Controle de Transportes Ltda. Rua Granada, 210 Jardim Am\u00e9rica &#8211; Rio de Janeiro Tels:\u00a0(21) 2482-5500 E-mail:\u00a0cotran@cotran.com.br Caso V.S.\u00aa deseje realizar agendamento do servi\u00e7o, favor entrar em contato diretamente com a Unidade.<\/p>\n","protected":false},"author":1,"featured_media":0,"parent":15,"menu_order":2,"comment_status":"closed","ping_status":"closed","template":"","meta":{"footnotes":""},"class_list":["post-77","page","type-page","status-publish","hentry"],"yoast_head":"<!-- This site is optimized with the Yoast SEO plugin v24.8.1 - https:\/\/yoast.com\/wordpress\/plugins\/seo\/ -->\n<title>VISTORIA GNV -- GOLD INSPE\u00c7\u00d5ES VEICULARES RJ - ACREDITA\u00c7\u00c3O INMETRO E DENATRAN<\/title>\n<meta name=\"description\" content=\"Vistoria GNV Acreditada pelo INMETRO e DENATRAN, centro de Inspe\u00e7\u00e3o Veicular incluindo inspe\u00e7\u00e3o veicular em ve\u00edculos convertidos ao uso do G\u00e1s Natural Veicular (GNV), vistoria de seguran\u00e7a em ve\u00edculos recuperados de sinistro e vistoria de fabrica\u00e7\u00e3o pr\u00f3pria e ve\u00edculos transformados, vistorias em ve\u00edculos de passeio, caminh\u00f5es, vans, \u00f4nibus, pickup, picapes, acredita\u00e7\u00e3o Inmetro e Denatran\" \/>\n<meta name=\"robots\" content=\"index, follow, max-snippet:-1, max-image-preview:large, max-video-preview:-1\" \/>\n<link rel=\"canonical\" href=\"https:\/\/vistoriagnv.com.br\/gnv\/index.php\/empresas-parceiras\/jardim-america\/\" \/>\n<meta property=\"og:locale\" content=\"pt_BR\" \/>\n<meta property=\"og:type\" content=\"article\" \/>\n<meta property=\"og:title\" content=\"VISTORIA GNV -- GOLD INSPE\u00c7\u00d5ES VEICULARES RJ - ACREDITA\u00c7\u00c3O INMETRO E DENATRAN\" \/>\n<meta property=\"og:description\" content=\"Vistoria GNV Acreditada pelo INMETRO e DENATRAN, centro de Inspe\u00e7\u00e3o Veicular incluindo inspe\u00e7\u00e3o veicular em ve\u00edculos convertidos ao uso do G\u00e1s Natural Veicular (GNV), vistoria de seguran\u00e7a em ve\u00edculos recuperados de sinistro e vistoria de fabrica\u00e7\u00e3o pr\u00f3pria e ve\u00edculos transformados, vistorias em ve\u00edculos de passeio, caminh\u00f5es, vans, \u00f4nibus, pickup, picapes, acredita\u00e7\u00e3o Inmetro e Denatran\" \/>\n<meta property=\"og:url\" content=\"https:\/\/vistoriagnv.com.br\/gnv\/index.php\/empresas-parceiras\/jardim-america\/\" \/>\n<meta property=\"og:site_name\" content=\"VISTORIA GNV\" \/>\n<meta property=\"article:modified_time\" content=\"2015-10-07T17:10:20+00:00\" \/>\n<script type=\"application\/ld+json\" class=\"yoast-schema-graph\">{\"@context\":\"https:\/\/schema.org\",\"@graph\":[{\"@type\":\"WebPage\",\"@id\":\"https:\/\/vistoriagnv.com.br\/gnv\/index.php\/empresas-parceiras\/jardim-america\/\",\"url\":\"https:\/\/vistoriagnv.com.br\/gnv\/index.php\/empresas-parceiras\/jardim-america\/\",\"name\":\"VISTORIA GNV -- GOLD INSPE\u00c7\u00d5ES VEICULARES RJ - ACREDITA\u00c7\u00c3O INMETRO E DENATRAN\",\"isPartOf\":{\"@id\":\"https:\/\/vistoriagnv.com.br\/gnv\/#website\"},\"datePublished\":\"2014-06-03T18:47:04+00:00\",\"dateModified\":\"2015-10-07T17:10:20+00:00\",\"description\":\"Vistoria GNV Acreditada pelo INMETRO e DENATRAN, centro de Inspe\u00e7\u00e3o Veicular incluindo inspe\u00e7\u00e3o veicular em ve\u00edculos convertidos ao uso do G\u00e1s Natural Veicular (GNV), vistoria de seguran\u00e7a em ve\u00edculos recuperados de sinistro e vistoria de fabrica\u00e7\u00e3o pr\u00f3pria e ve\u00edculos transformados, vistorias em ve\u00edculos de passeio, caminh\u00f5es, vans, \u00f4nibus, pickup, picapes, acredita\u00e7\u00e3o Inmetro e Denatran\",\"breadcrumb\":{\"@id\":\"https:\/\/vistoriagnv.com.br\/gnv\/index.php\/empresas-parceiras\/jardim-america\/#breadcrumb\"},\"inLanguage\":\"pt-BR\",\"potentialAction\":[{\"@type\":\"ReadAction\",\"target\":[\"https:\/\/vistoriagnv.com.br\/gnv\/index.php\/empresas-parceiras\/jardim-america\/\"]}]},{\"@type\":\"BreadcrumbList\",\"@id\":\"https:\/\/vistoriagnv.com.br\/gnv\/index.php\/empresas-parceiras\/jardim-america\/#breadcrumb\",\"itemListElement\":[{\"@type\":\"ListItem\",\"position\":1,\"name\":\"In\u00edcio\",\"item\":\"https:\/\/vistoriagnv.com.br\/gnv\/\"},{\"@type\":\"ListItem\",\"position\":2,\"name\":\"Nossas Lojas\",\"item\":\"https:\/\/vistoriagnv.com.br\/gnv\/index.php\/empresas-parceiras\/\"},{\"@type\":\"ListItem\",\"position\":3,\"name\":\"Jardim Am\u00e9rica\"}]},{\"@type\":\"WebSite\",\"@id\":\"https:\/\/vistoriagnv.com.br\/gnv\/#website\",\"url\":\"https:\/\/vistoriagnv.com.br\/gnv\/\",\"name\":\"VISTORIA GNV\",\"description\":\"Postos de Vistoria Veicular GNV no Rio de janeiro\",\"potentialAction\":[{\"@type\":\"SearchAction\",\"target\":{\"@type\":\"EntryPoint\",\"urlTemplate\":\"https:\/\/vistoriagnv.com.br\/gnv\/?s={search_term_string}\"},\"query-input\":{\"@type\":\"PropertyValueSpecification\",\"valueRequired\":true,\"valueName\":\"search_term_string\"}}],\"inLanguage\":\"pt-BR\"}]}<\/script>\n<!-- \/ Yoast SEO plugin. -->","yoast_head_json":{"title":"VISTORIA GNV -- GOLD INSPE\u00c7\u00d5ES VEICULARES RJ - ACREDITA\u00c7\u00c3O INMETRO E DENATRAN","description":"Vistoria GNV Acreditada pelo INMETRO e DENATRAN, centro de Inspe\u00e7\u00e3o Veicular incluindo inspe\u00e7\u00e3o veicular em ve\u00edculos convertidos ao uso do G\u00e1s Natural Veicular (GNV), vistoria de seguran\u00e7a em ve\u00edculos recuperados de sinistro e vistoria de fabrica\u00e7\u00e3o pr\u00f3pria e ve\u00edculos transformados, vistorias em ve\u00edculos de passeio, caminh\u00f5es, vans, \u00f4nibus, pickup, picapes, acredita\u00e7\u00e3o Inmetro e Denatran","robots":{"index":"index","follow":"follow","max-snippet":"max-snippet:-1","max-image-preview":"max-image-preview:large","max-video-preview":"max-video-preview:-1"},"canonical":"https:\/\/vistoriagnv.com.br\/gnv\/index.php\/empresas-parceiras\/jardim-america\/","og_locale":"pt_BR","og_type":"article","og_title":"VISTORIA GNV -- GOLD INSPE\u00c7\u00d5ES VEICULARES RJ - ACREDITA\u00c7\u00c3O INMETRO E DENATRAN","og_description":"Vistoria GNV Acreditada pelo INMETRO e DENATRAN, centro de Inspe\u00e7\u00e3o Veicular incluindo inspe\u00e7\u00e3o veicular em ve\u00edculos convertidos ao uso do G\u00e1s Natural Veicular (GNV), vistoria de seguran\u00e7a em ve\u00edculos recuperados de sinistro e vistoria de fabrica\u00e7\u00e3o pr\u00f3pria e ve\u00edculos transformados, vistorias em ve\u00edculos de passeio, caminh\u00f5es, vans, \u00f4nibus, pickup, picapes, acredita\u00e7\u00e3o Inmetro e Denatran","og_url":"https:\/\/vistoriagnv.com.br\/gnv\/index.php\/empresas-parceiras\/jardim-america\/","og_site_name":"VISTORIA GNV","article_modified_time":"2015-10-07T17:10:20+00:00","schema":{"@context":"https:\/\/schema.org","@graph":[{"@type":"WebPage","@id":"https:\/\/vistoriagnv.com.br\/gnv\/index.php\/empresas-parceiras\/jardim-america\/","url":"https:\/\/vistoriagnv.com.br\/gnv\/index.php\/empresas-parceiras\/jardim-america\/","name":"VISTORIA GNV -- GOLD INSPE\u00c7\u00d5ES VEICULARES RJ - ACREDITA\u00c7\u00c3O INMETRO E DENATRAN","isPartOf":{"@id":"https:\/\/vistoriagnv.com.br\/gnv\/#website"},"datePublished":"2014-06-03T18:47:04+00:00","dateModified":"2015-10-07T17:10:20+00:00","description":"Vistoria GNV Acreditada pelo INMETRO e DENATRAN, centro de Inspe\u00e7\u00e3o Veicular incluindo inspe\u00e7\u00e3o veicular em ve\u00edculos convertidos ao uso do G\u00e1s Natural Veicular (GNV), vistoria de seguran\u00e7a em ve\u00edculos recuperados de sinistro e vistoria de fabrica\u00e7\u00e3o pr\u00f3pria e ve\u00edculos transformados, vistorias em ve\u00edculos de passeio, caminh\u00f5es, vans, \u00f4nibus, pickup, picapes, acredita\u00e7\u00e3o Inmetro e Denatran","breadcrumb":{"@id":"https:\/\/vistoriagnv.com.br\/gnv\/index.php\/empresas-parceiras\/jardim-america\/#breadcrumb"},"inLanguage":"pt-BR","potentialAction":[{"@type":"ReadAction","target":["https:\/\/vistoriagnv.com.br\/gnv\/index.php\/empresas-parceiras\/jardim-america\/"]}]},{"@type":"BreadcrumbList","@id":"https:\/\/vistoriagnv.com.br\/gnv\/index.php\/empresas-parceiras\/jardim-america\/#breadcrumb","itemListElement":[{"@type":"ListItem","position":1,"name":"In\u00edcio","item":"https:\/\/vistoriagnv.com.br\/gnv\/"},{"@type":"ListItem","position":2,"name":"Nossas Lojas","item":"https:\/\/vistoriagnv.com.br\/gnv\/index.php\/empresas-parceiras\/"},{"@type":"ListItem","position":3,"name":"Jardim Am\u00e9rica"}]},{"@type":"WebSite","@id":"https:\/\/vistoriagnv.com.br\/gnv\/#website","url":"https:\/\/vistoriagnv.com.br\/gnv\/","name":"VISTORIA GNV","description":"Postos de Vistoria Veicular GNV no Rio de janeiro","potentialAction":[{"@type":"SearchAction","target":{"@type":"EntryPoint","urlTemplate":"https:\/\/vistoriagnv.com.br\/gnv\/?s={search_term_string}"},"query-input":{"@type":"PropertyValueSpecification","valueRequired":true,"valueName":"search_term_string"}}],"inLanguage":"pt-BR"}]}},"_links":{"self":[{"href":"https:\/\/vistoriagnv.com.br\/gnv\/index.php\/wp-json\/wp\/v2\/pages\/77","targetHints":{"allow":["GET"]}}],"collection":[{"href":"https:\/\/vistoriagnv.com.br\/gnv\/index.php\/wp-json\/wp\/v2\/pages"}],"about":[{"href":"https:\/\/vistoriagnv.com.br\/gnv\/index.php\/wp-json\/wp\/v2\/types\/page"}],"author":[{"embeddable":true,"href":"https:\/\/vistoriagnv.com.br\/gnv\/index.php\/wp-json\/wp\/v2\/users\/1"}],"replies":[{"embeddable":true,"href":"https:\/\/vistoriagnv.com.br\/gnv\/index.php\/wp-json\/wp\/v2\/comments?post=77"}],"version-history":[{"count":11,"href":"https:\/\/vistoriagnv.com.br\/gnv\/index.php\/wp-json\/wp\/v2\/pages\/77\/revisions"}],"predecessor-version":[{"id":774,"href":"https:\/\/vistoriagnv.com.br\/gnv\/index.php\/wp-json\/wp\/v2\/pages\/77\/revisions\/774"}],"up":[{"embeddable":true,"href":"https:\/\/vistoriagnv.com.br\/gnv\/index.php\/wp-json\/wp\/v2\/pages\/15"}],"wp:attachment":[{"href":"https:\/\/vistoriagnv.com.br\/gnv\/index.php\/wp-json\/wp\/v2\/media?parent=77"}],"curies":[{"name":"wp","href":"https:\/\/api.w.org\/{rel}","templated":true}]}}